{"id":689414,"date":"2024-09-18T13:09:26","date_gmt":"2024-09-18T10:09:26","guid":{"rendered":"https:\/\/nbg.eu\/product\/extractor-spring-or-kmr\/"},"modified":"2026-05-13T16:02:17","modified_gmt":"2026-05-13T13:02:17","slug":"extractor-spring-or-kmr","status":"publish","type":"product","link":"https:\/\/nbg.eu\/sv\/produkt\/extractor-spring-or-kmr\/","title":{"rendered":"KMR Utdragarfj\u00e4der OR"},"content":{"rendered":"<h2>EXTRACTOR FJ\u00c4DER ELLER KMR<\/h2>\n<p>Tillverkad av h\u00f6gkvalitativa material och konstruerad f\u00f6r att st\u00e5 emot kraven fr\u00e5n intensiv anv\u00e4ndning, ger denna fj\u00e4der den n\u00f6dv\u00e4ndiga sp\u00e4nningen och responsiviteten f\u00f6r att h\u00e5lla din vapens extraktormekanism i smidig drift. Oavsett om du deltar i t\u00e4vlingsskytte, engagerar dig i taktisk tr\u00e4ning eller f\u00f6rlitar dig p\u00e5 din KMR f\u00f6r personligt f\u00f6rsvar, s\u00e4kerst\u00e4ller denna reservfj\u00e4der en smidig och tillf\u00f6rlitlig funktion, g\u00e5ng p\u00e5 g\u00e5ng.<\/p>\n<p>Uppgradering eller byte av fj\u00e4dern \u00e4r en enkel och r\u00e4ttfram process, vilket l\u00e5ter dig uppr\u00e4tth\u00e5lla din KMR:s topprestanda och f\u00f6rl\u00e4nga dess livsl\u00e4ngd. Med sin exakta passform och enkla installation kan du snabbt \u00e5terf\u00e5 ditt vapen i bruk, s\u00e5 att du alltid \u00e4r redo f\u00f6r n\u00e4sta utmaning.<\/p>\n<p>F\u00f6r vapen KMR:<\/p>\n<p>KMR L-02 EMIQ (OR)<\/p>\n<p>KMR L-02 SPECTRA FR\u00c5N 2024<\/p>\n<p>KMR L-02 SPECTRA FRAM TILL 2023<\/p>\n<p>KMR L-02 UMBRA (OR) SR<\/p>\n<p>KMR W-02 CUDA (OR)<\/p>\n<p>KMR W-02 UMBRA (OR)<\/p>\n","protected":false},"excerpt":{"rendered":"<p>Utbytesutmatarfj\u00e4der f\u00f6r vapen av modell KMR L-02 och KMR W-02.<\/p>\n","protected":false},"featured_media":24790,"template":"","meta":{"_acf_changed":false},"product_brand":[11511],"product_cat":[13021,13003],"product_tag":[],"class_list":{"0":"post-689414","1":"product","2":"type-product","3":"status-publish","4":"has-post-thumbnail","6":"product_brand-kmr-precision","7":"product_cat-fjaedrar","8":"product_cat-kmr-delar","10":"first","11":"instock","12":"taxable","13":"shipping-taxable","14":"product-type-simple"},"acf":[],"_links":{"self":[{"href":"https:\/\/nbg.eu\/sv\/wp-json\/wp\/v2\/product\/689414","targetHints":{"allow":["GET"]}}],"collection":[{"href":"https:\/\/nbg.eu\/sv\/wp-json\/wp\/v2\/product"}],"about":[{"href":"https:\/\/nbg.eu\/sv\/wp-json\/wp\/v2\/types\/product"}],"wp:featuredmedia":[{"embeddable":true,"href":"https:\/\/nbg.eu\/sv\/wp-json\/wp\/v2\/media\/24790"}],"wp:attachment":[{"href":"https:\/\/nbg.eu\/sv\/wp-json\/wp\/v2\/media?parent=689414"}],"wp:term":[{"taxonomy":"product_brand","embeddable":true,"href":"https:\/\/nbg.eu\/sv\/wp-json\/wp\/v2\/product_brand?post=689414"},{"taxonomy":"product_cat","embeddable":true,"href":"https:\/\/nbg.eu\/sv\/wp-json\/wp\/v2\/product_cat?post=689414"},{"taxonomy":"product_tag","embeddable":true,"href":"https:\/\/nbg.eu\/sv\/wp-json\/wp\/v2\/product_tag?post=689414"}],"curies":[{"name":"wp","href":"https:\/\/api.w.org\/{rel}","templated":true}]}}