{"id":689523,"date":"2024-09-18T14:15:05","date_gmt":"2024-09-18T11:15:05","guid":{"rendered":"https:\/\/nbg.eu\/product\/fiber-optic-front-sight-kmr-675xd1x3-red\/"},"modified":"2026-05-13T16:02:28","modified_gmt":"2026-05-13T13:02:28","slug":"fiber-optic-front-sight-kmr-675xd1x3-red","status":"publish","type":"product","link":"https:\/\/nbg.eu\/sv\/produkt\/fiber-optic-front-sight-kmr-675xd1x3-red\/","title":{"rendered":"KMR Fiberoptiskt Framsikte 6.75xD1x3 R\u00f6d"},"content":{"rendered":"<h2>F\u00f6rb\u00e4ttra din vapens tr\u00e4ffs\u00e4kerhet med FIBER OPTISK FRONT SIGHT KMR 6,75xD1x3 R\u00d6D<\/h2>\n<p>Designad f\u00f6r optimal prestanda, \u00e4r FIBER OPTISK FRONT SIGHT KMR 6,75xD1x3 R\u00d6D det perfekta tillskottet till dina KMR-vapen. Detta h\u00f6gkvalitativa sikte har en fiber optisk design som ger f\u00f6rb\u00e4ttrad synlighet och m\u00e5lidentifiering, \u00e4ven vid d\u00e5liga ljusf\u00f6rh\u00e5llanden.<\/p>\n<p>FIBER OPTISK FRONT SIGHT KMR 6,75xD1x3 R\u00d6D har en kompakt och str\u00f6mlinjeformad design som g\u00f6r den enkel att installera och smidigt integrera med ditt vapen. Den r\u00f6da fiber optiska insatsen s\u00e4kerst\u00e4ller en tydlig, h\u00f6gsynlig siktbild, vilket g\u00f6r det l\u00e4ttare att exakt och snabbt identifiera m\u00e5let.<\/p>\n<p>F\u00f6rb\u00e4ttra din vapens tr\u00e4ffs\u00e4kerhet och prestanda med FIBER OPTISK FRONT SIGHT KMR 6,75xD1x3 R\u00d6D. Uppgradera din KMR-eldhandvapen idag och upplev skillnaden som detta exceptionella sikte kan g\u00f6ra.<\/p>\n","protected":false},"excerpt":{"rendered":"<p>Fiberoptisk framsikte f\u00f6r KMR vapenm\u00f6deller, 6.75x1x3 r\u00f6d.<\/p>\n","protected":false},"featured_media":24167,"template":"","meta":{"_acf_changed":false},"product_brand":[11511],"product_cat":[13003],"product_tag":[],"class_list":{"0":"post-689523","1":"product","2":"type-product","3":"status-publish","4":"has-post-thumbnail","6":"product_brand-kmr-precision","7":"product_cat-kmr-delar","9":"first","10":"instock","11":"taxable","12":"shipping-taxable","13":"product-type-simple"},"acf":[],"_links":{"self":[{"href":"https:\/\/nbg.eu\/sv\/wp-json\/wp\/v2\/product\/689523","targetHints":{"allow":["GET"]}}],"collection":[{"href":"https:\/\/nbg.eu\/sv\/wp-json\/wp\/v2\/product"}],"about":[{"href":"https:\/\/nbg.eu\/sv\/wp-json\/wp\/v2\/types\/product"}],"wp:featuredmedia":[{"embeddable":true,"href":"https:\/\/nbg.eu\/sv\/wp-json\/wp\/v2\/media\/24167"}],"wp:attachment":[{"href":"https:\/\/nbg.eu\/sv\/wp-json\/wp\/v2\/media?parent=689523"}],"wp:term":[{"taxonomy":"product_brand","embeddable":true,"href":"https:\/\/nbg.eu\/sv\/wp-json\/wp\/v2\/product_brand?post=689523"},{"taxonomy":"product_cat","embeddable":true,"href":"https:\/\/nbg.eu\/sv\/wp-json\/wp\/v2\/product_cat?post=689523"},{"taxonomy":"product_tag","embeddable":true,"href":"https:\/\/nbg.eu\/sv\/wp-json\/wp\/v2\/product_tag?post=689523"}],"curies":[{"name":"wp","href":"https:\/\/api.w.org\/{rel}","templated":true}]}}