{"id":689783,"date":"2024-08-18T11:10:20","date_gmt":"2024-08-18T08:10:20","guid":{"rendered":"https:\/\/nbg.eu\/product\/firing-pin-screw-m4x5-din-913-kmr\/"},"modified":"2026-02-27T11:54:57","modified_gmt":"2026-02-27T08:54:57","slug":"firing-pin-screw-m4x5-din-913-kmr","status":"publish","type":"product","link":"https:\/\/nbg.eu\/sv\/produkt\/firing-pin-screw-m4x5-din-913-kmr\/","title":{"rendered":"T\u00e4ndstiftsskruv M4X5 DIN 913 KMR"},"content":{"rendered":"<h2>Slagh\u00e5lsskruv M4X5 Din 913 KMR<\/h2>\n<p>Precision tillverkad enligt strikta specifikationer, Slagh\u00e5lsskruv M4X5 Din 913 KMR \u00e4r tillverkad av h\u00f6gkvalitativa material f\u00f6r att t\u00e5la kr\u00e4vande anv\u00e4ndning. Dess M4 x 5 mm dimensioner och DIN 913-konfiguration g\u00f6r den perfekt f\u00f6r de angivna KMR-vapnens modeller, vilket ger en s\u00e4ker och p\u00e5litlig anslutningspunkt f\u00f6r t\u00e4ndmekanismen.<\/p>\n<p>Oavsett om du underh\u00e5ller, reparerar eller uppgraderar ditt KMR-vapensystem, \u00e4r Slagh\u00e5lsskruv M4X5 Din 913 KMR en viktig komponent att ha tillg\u00e4nglig. Dess h\u00e5llbarhet och precisionstillverkade konstruktion garanterar konsekvent och p\u00e5litlig prestanda, vilket bidrar till den \u00f6vergripande tillf\u00f6rlitligheten och effektiviteten hos ditt vapen.<\/p>\n<p>F\u00f6r vapen KMR:<\/p>\n<p>KMR S-01 LANCE (OR)<\/p>\n<p>KMR S-02 10 (OR) SR ADA<\/p>\n<p>KMR S-02 75 (OR) SR ADA<\/p>\n<p>KMR S-02 FROM 2024<\/p>\n<p>KMR S-02 SH1 (OR) SR ADA<\/p>\n<p>KMR S-02 SH2 (OR) SR ADA<\/p>\n<p>KMR S-02 TS (OR) SR ADA<\/p>\n<p>KMR S-02 UNTIL 2023<\/p>\n","protected":false},"excerpt":{"rendered":"<p>T\u00e4ndstiftsskruv M4X5 Din 913 f\u00f6r KMR-modeller.<\/p>\n","protected":false},"featured_media":25349,"template":"","meta":{"_acf_changed":false},"product_brand":[11511],"product_cat":[14781,13003],"product_tag":[],"class_list":{"0":"post-689783","1":"product","2":"type-product","3":"status-publish","4":"has-post-thumbnail","6":"product_brand-kmr-precision","7":"product_cat-avfyrningsstift","8":"product_cat-kmr-delar","10":"first","11":"instock","12":"taxable","13":"shipping-taxable","14":"product-type-simple"},"acf":[],"_links":{"self":[{"href":"https:\/\/nbg.eu\/sv\/wp-json\/wp\/v2\/product\/689783","targetHints":{"allow":["GET"]}}],"collection":[{"href":"https:\/\/nbg.eu\/sv\/wp-json\/wp\/v2\/product"}],"about":[{"href":"https:\/\/nbg.eu\/sv\/wp-json\/wp\/v2\/types\/product"}],"wp:featuredmedia":[{"embeddable":true,"href":"https:\/\/nbg.eu\/sv\/wp-json\/wp\/v2\/media\/25349"}],"wp:attachment":[{"href":"https:\/\/nbg.eu\/sv\/wp-json\/wp\/v2\/media?parent=689783"}],"wp:term":[{"taxonomy":"product_brand","embeddable":true,"href":"https:\/\/nbg.eu\/sv\/wp-json\/wp\/v2\/product_brand?post=689783"},{"taxonomy":"product_cat","embeddable":true,"href":"https:\/\/nbg.eu\/sv\/wp-json\/wp\/v2\/product_cat?post=689783"},{"taxonomy":"product_tag","embeddable":true,"href":"https:\/\/nbg.eu\/sv\/wp-json\/wp\/v2\/product_tag?post=689783"}],"curies":[{"name":"wp","href":"https:\/\/api.w.org\/{rel}","templated":true}]}}