{"id":690875,"date":"2024-09-18T20:49:20","date_gmt":"2024-09-18T17:49:20","guid":{"rendered":"https:\/\/nbg.eu\/product\/holosun-1-63-riser-for-hs510c-red-dot-sight-hs-riser-510c\/"},"modified":"2026-05-13T16:02:31","modified_gmt":"2026-05-13T13:02:31","slug":"holosun-1-63-riser-for-hs510c-red-dot-sight-hs-riser-510c","status":"publish","type":"product","link":"https:\/\/nbg.eu\/sv\/produkt\/holosun-1-63-riser-for-hs510c-red-dot-sight-hs-riser-510c\/","title":{"rendered":"Holosun 1.63&#8243; Riser for HS510C Red Dot Sight | HS-RISER-510C"},"content":{"rendered":"<h2>Holosun 1.63&#8221; High Riser HS-RISER-510C f\u00f6r HS510C<\/h2>\n<p>H\u00f6j dina skjutupplevelser med Holosun&#8217;s h\u00f6jningsmontering, speciellt utformad f\u00f6r HS510C. Denna montering erbjuder en perfekt 1.63&#8221; siktlinje, idealisk f\u00f6r skjutvapen med raka kolvar d\u00e4r axelvilan \u00e4r i linje med vapnets aktionsl\u00e5da.<\/p>\n<h2>Nyckelegenskaper:<\/h2>\n<ul>\n<li>Enkel hantering och installation<\/li>\n<li>Kompakt design f\u00f6r optimal prestanda<\/li>\n<li>Extrem h\u00e5llbarhet med robust duraluminiumkonstruktion<\/li>\n<li>Upprepningsbar precision f\u00f6r konsekvent skjutning<\/li>\n<li>L\u00e4ttviktig men stabil konstruktion<\/li>\n<\/ul>\n<h2>Tekniska specifikationer:<\/h2>\n<ul>\n<li>Arbetstemperatur: -30\u00b0C till 60\u00b0C<\/li>\n<li>F\u00f6rvaringstemperatur: -40\u00b0C till 70\u00b0C<\/li>\n<li>M\u00e5tt: 80.5 x 40 x 5.5 mm<\/li>\n<li>Material: Aluminium<\/li>\n<li>F\u00e4rg: Svart<\/li>\n<li>Vikt: 44 g<\/li>\n<\/ul>\n<p>Uppgradera din Holosun HS510C med denna h\u00f6gkvalitativa h\u00f6jningsmontering, konstruerad f\u00f6r precision och p\u00e5litlighet i olika skjutf\u00f6rh\u00e5llanden. Oavsett om du \u00e4r en proffs eller entusiast, \u00e4r HS-RISER-510C ett perfekt komplement f\u00f6r att f\u00f6rb\u00e4ttra prestandan p\u00e5 ditt skjutvapen.<\/p>\n","protected":false},"excerpt":{"rendered":"<p>F\u00f6rh\u00f6j din HS510C med denna h\u00e5llbara 1.63&#8243; h\u00f6ga risermontage.<\/p>\n","protected":false},"featured_media":64743,"template":"","meta":{"_acf_changed":false},"product_brand":[11437],"product_cat":[14902],"product_tag":[],"class_list":{"0":"post-690875","1":"product","2":"type-product","3":"status-publish","4":"has-post-thumbnail","6":"product_brand-holosun","7":"product_cat-red-dot-sights-mounts-sv","9":"first","10":"instock","11":"taxable","12":"shipping-taxable","13":"purchasable","14":"product-type-simple"},"acf":[],"_links":{"self":[{"href":"https:\/\/nbg.eu\/sv\/wp-json\/wp\/v2\/product\/690875","targetHints":{"allow":["GET"]}}],"collection":[{"href":"https:\/\/nbg.eu\/sv\/wp-json\/wp\/v2\/product"}],"about":[{"href":"https:\/\/nbg.eu\/sv\/wp-json\/wp\/v2\/types\/product"}],"wp:featuredmedia":[{"embeddable":true,"href":"https:\/\/nbg.eu\/sv\/wp-json\/wp\/v2\/media\/64743"}],"wp:attachment":[{"href":"https:\/\/nbg.eu\/sv\/wp-json\/wp\/v2\/media?parent=690875"}],"wp:term":[{"taxonomy":"product_brand","embeddable":true,"href":"https:\/\/nbg.eu\/sv\/wp-json\/wp\/v2\/product_brand?post=690875"},{"taxonomy":"product_cat","embeddable":true,"href":"https:\/\/nbg.eu\/sv\/wp-json\/wp\/v2\/product_cat?post=690875"},{"taxonomy":"product_tag","embeddable":true,"href":"https:\/\/nbg.eu\/sv\/wp-json\/wp\/v2\/product_tag?post=690875"}],"curies":[{"name":"wp","href":"https:\/\/api.w.org\/{rel}","templated":true}]}}