{"id":691142,"date":"2025-03-07T13:06:11","date_gmt":"2025-03-07T10:06:11","guid":{"rendered":"https:\/\/nbg.eu\/product\/kmr-or-aimpoint-acro-mounting-kit-for-l-02-w-02-steel-black\/"},"modified":"2026-05-13T16:48:14","modified_gmt":"2026-05-13T13:48:14","slug":"kmr-or-aimpoint-acro-mounting-kit-for-l-02-w-02-steel-black","status":"publish","type":"product","link":"https:\/\/nbg.eu\/sv\/produkt\/kmr-or-aimpoint-acro-mounting-kit-for-l-02-w-02-steel-black\/","title":{"rendered":"KMR OR Aimpoint Acro Monteringssats f\u00f6r L-02, W-02 St\u00e5l Svart"},"content":{"rendered":"<h2>KMR &#8211; ELLER AIMPOINT ACRO MONTERINGSSATS F\u00d6R L-02, W-02, ST\u00c5L SVART<\/h2>\n<p>KMR Optic Ready (OR) Aimpoint ACRO Monteringssatsen \u00e4r den ultimata l\u00f6sningen f\u00f6r en stabil optikintegration och perfekt samordnad inriktning p\u00e5 dina KMR L-02 och W-02 pistoler. Precisionsfr\u00e4st fr\u00e5n h\u00f6gh\u00e5llfast st\u00e5l, har denna monteringssats en specifik Aimpoint ACRO-fotavtryck, en l\u00e5g profil och en mattsvart korrosionsbest\u00e4ndig finish f\u00f6r ett elegant, h\u00e5llbart utseende.<\/p>\n<p>St\u00e5ltillverkningen av KMR OR Aimpoint ACRO Monteringssatsen s\u00e4kerst\u00e4ller nollskifte under kraftig rekyl, vilket ger den mest tillf\u00f6rlitliga monteringsl\u00f6sningen f\u00f6r inbyggda emissionssikten. Den precisa passformen garanterar att din optik f\u00f6rblir inst\u00e4lld \u00e4ven vid h\u00f6gvolymst\u00e4vlingar eller tj\u00e4nsteanv\u00e4ndning, vilket g\u00f6r den till det ultimata valet f\u00f6r KMR OR-serien pistoler.<\/p>\n","protected":false},"excerpt":{"rendered":"<p>KMR &#8211; ELLER AIMPOINT ACRO MONTERINGSSATS F\u00d6R L-02, W-02, ST\u00c5L SVART. Extremt stabil optisk integration och perfekt koaxiell inriktning f\u00f6r modellerna L-02 och W-02. Precisionstillverkad av h\u00f6gh\u00e5llfast st\u00e5l, specifik Aimpoint ACRO-fotavtryck, l\u00e5gprofilerad design, matt svart korrosionsbest\u00e4ndig finish. Ger den mest h\u00e5llbara monteringsl\u00f6sningen f\u00f6r inbyggda emitterande sikten; st\u00e5lets konstruktion garanterar nollf\u00f6rskjutning under h\u00e5rd rekyl, medan den exakta passformen s\u00e4kerst\u00e4ller att siktet bibeh\u00e5ller sin inst\u00e4llning \u00e4ven vid h\u00f6gvolymst\u00e4vlingar eller tj\u00e4nsteanv\u00e4ndning p\u00e5 KMR OR-seriens pistoler.<\/p>\n","protected":false},"featured_media":246158,"template":"","meta":{"_acf_changed":false},"product_brand":[11511],"product_cat":[13003,12999,13035,14902],"product_tag":[],"class_list":{"0":"post-691142","1":"product","2":"type-product","3":"status-publish","4":"has-post-thumbnail","6":"product_brand-kmr-precision","7":"product_cat-kmr-delar","8":"product_cat-pistoldelar","9":"product_cat-pistolroedpunktsikten","10":"product_cat-red-dot-sights-mounts-sv","12":"first","13":"instock","14":"taxable","15":"shipping-taxable","16":"purchasable","17":"product-type-simple"},"acf":[],"_links":{"self":[{"href":"https:\/\/nbg.eu\/sv\/wp-json\/wp\/v2\/product\/691142","targetHints":{"allow":["GET"]}}],"collection":[{"href":"https:\/\/nbg.eu\/sv\/wp-json\/wp\/v2\/product"}],"about":[{"href":"https:\/\/nbg.eu\/sv\/wp-json\/wp\/v2\/types\/product"}],"wp:featuredmedia":[{"embeddable":true,"href":"https:\/\/nbg.eu\/sv\/wp-json\/wp\/v2\/media\/246158"}],"wp:attachment":[{"href":"https:\/\/nbg.eu\/sv\/wp-json\/wp\/v2\/media?parent=691142"}],"wp:term":[{"taxonomy":"product_brand","embeddable":true,"href":"https:\/\/nbg.eu\/sv\/wp-json\/wp\/v2\/product_brand?post=691142"},{"taxonomy":"product_cat","embeddable":true,"href":"https:\/\/nbg.eu\/sv\/wp-json\/wp\/v2\/product_cat?post=691142"},{"taxonomy":"product_tag","embeddable":true,"href":"https:\/\/nbg.eu\/sv\/wp-json\/wp\/v2\/product_tag?post=691142"}],"curies":[{"name":"wp","href":"https:\/\/api.w.org\/{rel}","templated":true}]}}