{"id":691201,"date":"2025-03-04T21:26:30","date_gmt":"2025-03-04T18:26:30","guid":{"rendered":"https:\/\/nbg.eu\/product\/kmr-rail-set-m-lok-alu\/"},"modified":"2026-05-13T16:01:27","modified_gmt":"2026-05-13T13:01:27","slug":"kmr-rail-set-m-lok-alu","status":"publish","type":"product","link":"https:\/\/nbg.eu\/sv\/produkt\/kmr-rail-set-m-lok-alu\/","title":{"rendered":"KMR Picatinny Skenset M-LOK ALU"},"content":{"rendered":"<h2>KMR RAIL SET, M-LOK, ALU<\/h2>\n<p>F\u00f6rb\u00e4ttra m\u00e5ngsidigheten hos din M-LOK-handskydd med KMR RAIL SET, en robust och l\u00e4tt tillbeh\u00f6rsf\u00e4ste-l\u00f6sning. Tillverkad av h\u00f6gklassig 6061-T6-aluminium med precision CNC-bearbetning, denna r\u00e4lsupps\u00e4ttning erbjuder ett standard Picatinny\/Mil-Std 1913-gr\u00e4nssnitt, vilket g\u00f6r att du kan f\u00e4sta en bred upps\u00e4ttning taktiska tillbeh\u00f6r som lampor, lasrar, grepp och bipoder p\u00e5 ett s\u00e4kert s\u00e4tt.<\/p>\n<p>Den l\u00e5gprofilerade, svartanodiserade ytan s\u00e4kerst\u00e4ller maximal h\u00e5llbarhet utan att l\u00e4gga till on\u00f6dig vikt eller volym framtill p\u00e5 ditt skjutvapen. Med den medf\u00f6ljande M-LOK-monteringsh\u00e5rdvaran kan du enkelt integrera denna r\u00e4lssats i din befintliga M-LOK-handskydd och skapa en modul\u00e4r och anpassningsbar plattform som uppfyller dina specifika behov.<\/p>\n<p>Oavsett om du letar efter att f\u00f6rb\u00e4ttra vapnets funktionalitet eller bara vill ha ett tillf\u00f6rlitligt s\u00e4tt att montera dina favoritillbeh\u00f6r, \u00e4r KMR RAIL SET, M-LOK, ALU den perfekta l\u00f6sningen. Konstruerad f\u00f6r prestanda och h\u00e5llbarhet kommer detta tillbeh\u00f6r att hj\u00e4lpa dig att ta din skjutupplevelse till n\u00e4sta niv\u00e5.<\/p>\n","protected":false},"excerpt":{"rendered":"<p>Modul\u00e4r M-LOK-r\u00e4lsats i l\u00e4tt, h\u00e5llbar aluminium med Picatinny-gr\u00e4nssnitt.<\/p>\n","protected":false},"featured_media":236694,"template":"","meta":{"_acf_changed":false},"product_brand":[11511],"product_cat":[13053,13014,14968,12989,13067],"product_tag":[],"class_list":{"0":"post-691201","1":"product","2":"type-product","3":"status-publish","4":"has-post-thumbnail","6":"product_brand-kmr-precision","7":"product_cat-gevaer","8":"product_cat-gevaerstuning","9":"product_cat-m-lok-rail-systems-sv","10":"product_cat-remmar","11":"product_cat-skenor","13":"first","14":"instock","15":"taxable","16":"shipping-taxable","17":"purchasable","18":"product-type-variable","19":"wvs-archive-product-wrapper"},"acf":[],"_links":{"self":[{"href":"https:\/\/nbg.eu\/sv\/wp-json\/wp\/v2\/product\/691201","targetHints":{"allow":["GET"]}}],"collection":[{"href":"https:\/\/nbg.eu\/sv\/wp-json\/wp\/v2\/product"}],"about":[{"href":"https:\/\/nbg.eu\/sv\/wp-json\/wp\/v2\/types\/product"}],"wp:featuredmedia":[{"embeddable":true,"href":"https:\/\/nbg.eu\/sv\/wp-json\/wp\/v2\/media\/236694"}],"wp:attachment":[{"href":"https:\/\/nbg.eu\/sv\/wp-json\/wp\/v2\/media?parent=691201"}],"wp:term":[{"taxonomy":"product_brand","embeddable":true,"href":"https:\/\/nbg.eu\/sv\/wp-json\/wp\/v2\/product_brand?post=691201"},{"taxonomy":"product_cat","embeddable":true,"href":"https:\/\/nbg.eu\/sv\/wp-json\/wp\/v2\/product_cat?post=691201"},{"taxonomy":"product_tag","embeddable":true,"href":"https:\/\/nbg.eu\/sv\/wp-json\/wp\/v2\/product_tag?post=691201"}],"curies":[{"name":"wp","href":"https:\/\/api.w.org\/{rel}","templated":true}]}}