{"id":692211,"date":"2024-08-17T18:04:12","date_gmt":"2024-08-17T15:04:12","guid":{"rendered":"https:\/\/nbg.eu\/product\/magazine-catch-spring-kmr\/"},"modified":"2026-05-13T16:04:49","modified_gmt":"2026-05-13T13:04:49","slug":"magazine-catch-spring-kmr","status":"publish","type":"product","link":"https:\/\/nbg.eu\/sv\/produkt\/magazine-catch-spring-kmr\/","title":{"rendered":"KMR Magasinsp\u00e4rrfj\u00e4der"},"content":{"rendered":"<h2>Tidskriftsf\u00e5ngare Fj\u00e4der KMR<\/h2>\n<p>Tillverkad med precision och h\u00e5llbarhet i \u00e5tanke s\u00e4kerst\u00e4ller Tidskriftsf\u00e5ngare Fj\u00e4dern en s\u00e4ker och p\u00e5litlig magasinsfrig\u00f6ring, vilket ger ett smidigt och effektivt anv\u00e4ndande f\u00f6r vapenanv\u00e4ndare. Dess robusta konstruktion och p\u00e5litliga prestanda g\u00f6r den till en v\u00e4sentlig tillbeh\u00f6r f\u00f6r att uppr\u00e4tth\u00e5lla funktionaliteten och prestandan f\u00f6r din Vapen KMR plattform.<\/p>\n<p>Tidskriftsf\u00e5ngare Fj\u00e4der KMR \u00e4r ett m\u00e5ngsidigt och v\u00e4sentligt tillbeh\u00f6r f\u00f6r ett brett utbud av Vapen KMR modeller. Utformad f\u00f6r att ge en s\u00e4ker och p\u00e5litlig magasinsf\u00e5ngare<\/p>\n<p>F\u00f6r Vapen KMR:<\/p>\n<p>KMR L-02 EMIQ<\/p>\n<p>KMR L-02 EMIQ (OR)<\/p>\n<p>KMR L-02 ORCA FR\u00c5N 2024<\/p>\n<p>KMR L-02 ORCA TILL 2023<\/p>\n<p>KMR L-02 SPECTRA FR\u00c5N 2024<\/p>\n<p>KMR L-02 SPECTRA TILL 2023<\/p>\n<p>KMR L-02 UMBRA (OR) SR<\/p>\n<p>KMR S-02 FR\u00c5N 2024<\/p>\n<p>KMR S-02 TILL 2023<\/p>\n<p>KMR W-02 CUDA (OR)<\/p>\n<p>KMR W-02 UMBRA<\/p>\n<p>KMR W-02 UMBRA (OR)<\/p>\n","protected":false},"excerpt":{"rendered":"<p>Magasinf\u00e5llspj\u00e4ll KMR f\u00f6r KMR-vapenserien.<\/p>\n","protected":false},"featured_media":24865,"template":"","meta":{"_acf_changed":false},"product_brand":[11511],"product_cat":[13021,13003],"product_tag":[],"class_list":{"0":"post-692211","1":"product","2":"type-product","3":"status-publish","4":"has-post-thumbnail","6":"product_brand-kmr-precision","7":"product_cat-fjaedrar","8":"product_cat-kmr-delar","10":"first","11":"instock","12":"taxable","13":"shipping-taxable","14":"product-type-simple"},"acf":[],"_links":{"self":[{"href":"https:\/\/nbg.eu\/sv\/wp-json\/wp\/v2\/product\/692211","targetHints":{"allow":["GET"]}}],"collection":[{"href":"https:\/\/nbg.eu\/sv\/wp-json\/wp\/v2\/product"}],"about":[{"href":"https:\/\/nbg.eu\/sv\/wp-json\/wp\/v2\/types\/product"}],"wp:featuredmedia":[{"embeddable":true,"href":"https:\/\/nbg.eu\/sv\/wp-json\/wp\/v2\/media\/24865"}],"wp:attachment":[{"href":"https:\/\/nbg.eu\/sv\/wp-json\/wp\/v2\/media?parent=692211"}],"wp:term":[{"taxonomy":"product_brand","embeddable":true,"href":"https:\/\/nbg.eu\/sv\/wp-json\/wp\/v2\/product_brand?post=692211"},{"taxonomy":"product_cat","embeddable":true,"href":"https:\/\/nbg.eu\/sv\/wp-json\/wp\/v2\/product_cat?post=692211"},{"taxonomy":"product_tag","embeddable":true,"href":"https:\/\/nbg.eu\/sv\/wp-json\/wp\/v2\/product_tag?post=692211"}],"curies":[{"name":"wp","href":"https:\/\/api.w.org\/{rel}","templated":true}]}}