{"id":692284,"date":"2025-05-21T16:01:25","date_gmt":"2025-05-21T13:01:25","guid":{"rendered":"https:\/\/nbg.eu\/product\/magazine-kmr-l-02-orca-cal-9x19-19-rnds\/"},"modified":"2026-05-13T15:09:58","modified_gmt":"2026-05-13T12:09:58","slug":"magazine-kmr-l-02-orca-cal-9x19-19-rnds","status":"publish","type":"product","link":"https:\/\/nbg.eu\/sv\/produkt\/magazine-kmr-l-02-orca-cal-9x19-19-rnds\/","title":{"rendered":"KMR Magasin L-02 ORCA 9&#215;19 19 Ptr."},"content":{"rendered":"<h2>MAGASIN KMR L-02 ORCA cal. 9&#215;19 19 patroner<\/h2>\n<p>F\u00f6rb\u00e4ttra prestandan p\u00e5 din KMR L-02 ORCA-pistol med detta magasin med h\u00f6g kapacitet. Med 19 patroner av 9&#215;19 mm ammunition s\u00e4kerst\u00e4ller det p\u00e5litlig matning och smidig drift, vilket g\u00f6r det till en perfekt f\u00f6ljeslagare f\u00f6r ditt vapen. Kompatibel med KMR L-02 EMIQ och EMIQ (OR)-modellerna, \u00e4r detta magasin ett m\u00e5ste f\u00f6r dem som s\u00f6ker \u00f6kad kapacitet och f\u00f6rb\u00e4ttrad funktionalitet.<\/p>\n<p>Artikelnummer: 1152-02402-0001<\/p>\n<p>Kompatibel med:<\/p>\n<ul>\n<li>KMR L-02 EMIQ<\/li>\n<li>KMR L-02 EMIQ (OR)<\/li>\n<li>KMR L-02 ORCA FRAM TILL 2023<\/li>\n<\/ul>\n","protected":false},"excerpt":{"rendered":"<p>Magasin med h\u00f6g kapacitet p\u00e5 19 skott f\u00f6r KMR L-02 ORCA 9&#215;19 pistoler. Tillf\u00f6rlitlig matning och smidig funktion.<\/p>\n","protected":false},"featured_media":365255,"template":"","meta":{"_acf_changed":false},"product_brand":[11511],"product_cat":[13003,12999],"product_tag":[],"class_list":{"0":"post-692284","1":"product","2":"type-product","3":"status-publish","4":"has-post-thumbnail","6":"product_brand-kmr-precision","7":"product_cat-kmr-delar","8":"product_cat-pistoldelar","10":"first","11":"instock","12":"taxable","13":"shipping-taxable","14":"product-type-simple"},"acf":[],"_links":{"self":[{"href":"https:\/\/nbg.eu\/sv\/wp-json\/wp\/v2\/product\/692284","targetHints":{"allow":["GET"]}}],"collection":[{"href":"https:\/\/nbg.eu\/sv\/wp-json\/wp\/v2\/product"}],"about":[{"href":"https:\/\/nbg.eu\/sv\/wp-json\/wp\/v2\/types\/product"}],"wp:featuredmedia":[{"embeddable":true,"href":"https:\/\/nbg.eu\/sv\/wp-json\/wp\/v2\/media\/365255"}],"wp:attachment":[{"href":"https:\/\/nbg.eu\/sv\/wp-json\/wp\/v2\/media?parent=692284"}],"wp:term":[{"taxonomy":"product_brand","embeddable":true,"href":"https:\/\/nbg.eu\/sv\/wp-json\/wp\/v2\/product_brand?post=692284"},{"taxonomy":"product_cat","embeddable":true,"href":"https:\/\/nbg.eu\/sv\/wp-json\/wp\/v2\/product_cat?post=692284"},{"taxonomy":"product_tag","embeddable":true,"href":"https:\/\/nbg.eu\/sv\/wp-json\/wp\/v2\/product_tag?post=692284"}],"curies":[{"name":"wp","href":"https:\/\/api.w.org\/{rel}","templated":true}]}}