{"id":692322,"date":"2025-05-20T23:13:22","date_gmt":"2025-05-20T20:13:22","guid":{"rendered":"https:\/\/nbg.eu\/product\/magazine-mec-gar-cal-9x19-17-rnds\/"},"modified":"2026-05-13T16:02:55","modified_gmt":"2026-05-13T13:02:55","slug":"magazine-mec-gar-cal-9x19-17-rnds","status":"publish","type":"product","link":"https:\/\/nbg.eu\/sv\/produkt\/magazine-mec-gar-cal-9x19-17-rnds\/","title":{"rendered":"KMR Magasin MEC-GAR 9&#215;19 17 Ptr."},"content":{"rendered":"<h2>MAGASIN MEC-GAR kal. 9&#215;19 17 patroner<\/h2>\n<p>Referens: 1152-01901-0000<\/p>\n<p>Magasin med h\u00f6g kapacitet p\u00e5 17 patroner f\u00f6r 9x19mm-pistoler. Kompatibel med olika KMR-modeller inklusive SPECTRA, UMBRA och CUDA (2023 och 2024 versioner). Passar \u00e4ven CZ SHADOW 1, SHADOW 2 och SP-01-pistoler. P\u00e5litlig matning och h\u00e5llbar konstruktion garanterar optimal prestanda f\u00f6r ditt skjutvapen.<\/p>\n","protected":false},"excerpt":{"rendered":"<p>Magasin med h\u00f6g kapacitet f\u00f6r 9 mm f\u00f6r KMR- och CZ-pistoler. 17 skott.<\/p>\n","protected":false},"featured_media":365203,"template":"","meta":{"_acf_changed":false},"product_brand":[11511],"product_cat":[13003,12999],"product_tag":[],"class_list":{"0":"post-692322","1":"product","2":"type-product","3":"status-publish","4":"has-post-thumbnail","6":"product_brand-kmr-precision","7":"product_cat-kmr-delar","8":"product_cat-pistoldelar","10":"first","11":"instock","12":"taxable","13":"shipping-taxable","14":"product-type-simple"},"acf":[],"_links":{"self":[{"href":"https:\/\/nbg.eu\/sv\/wp-json\/wp\/v2\/product\/692322","targetHints":{"allow":["GET"]}}],"collection":[{"href":"https:\/\/nbg.eu\/sv\/wp-json\/wp\/v2\/product"}],"about":[{"href":"https:\/\/nbg.eu\/sv\/wp-json\/wp\/v2\/types\/product"}],"wp:featuredmedia":[{"embeddable":true,"href":"https:\/\/nbg.eu\/sv\/wp-json\/wp\/v2\/media\/365203"}],"wp:attachment":[{"href":"https:\/\/nbg.eu\/sv\/wp-json\/wp\/v2\/media?parent=692322"}],"wp:term":[{"taxonomy":"product_brand","embeddable":true,"href":"https:\/\/nbg.eu\/sv\/wp-json\/wp\/v2\/product_brand?post=692322"},{"taxonomy":"product_cat","embeddable":true,"href":"https:\/\/nbg.eu\/sv\/wp-json\/wp\/v2\/product_cat?post=692322"},{"taxonomy":"product_tag","embeddable":true,"href":"https:\/\/nbg.eu\/sv\/wp-json\/wp\/v2\/product_tag?post=692322"}],"curies":[{"name":"wp","href":"https:\/\/api.w.org\/{rel}","templated":true}]}}