{"id":692570,"date":"2024-08-17T14:54:00","date_gmt":"2024-08-17T11:54:00","guid":{"rendered":"https:\/\/nbg.eu\/product\/mag-release-button-wide-kmr-alu-black\/"},"modified":"2026-05-13T15:58:16","modified_gmt":"2026-05-13T12:58:16","slug":"mag-release-button-wide-kmr-alu-black","status":"publish","type":"product","link":"https:\/\/nbg.eu\/sv\/produkt\/mag-release-button-wide-kmr-alu-black\/","title":{"rendered":"KMR Magasinsfrig\u00f6ringsknapp Bred ALU Svart"},"content":{"rendered":"<h2>Magasinsfrig\u00f6ringsknapp, bred \u2013 KMR Aluminium, svart<\/h2>\n<p>L\u00e5s upp blixtsnabba magasinsbyte med Mag Release Button Wide fr\u00e5n KMR Aluminium. Tillverkad av l\u00e4ttmetall, flygplansgodk\u00e4nd aluminium och med ett brett, \u00f6verf\u00f6rstorat kontaktomr\u00e5de, maximerar denna magasinsfrig\u00f6ringsknapp kontakten f\u00f6r din tumme, vilket s\u00e4kerst\u00e4ller positiv aktivering \u00e4ven under de mest kr\u00e4vande f\u00f6rh\u00e5llanden.<\/p>\n<p>Den aggressiva, halks\u00e4kra ytan ger ett s\u00e4kert grepp, medan den mattsvarta anodiserade ytan ger ett stilrent, taktiskt utseende. Utformad f\u00f6r att minimera \u00f6verg\u00e5ngstider f\u00f6r t\u00e4vlingsskytte i IPSC\/USPSA, till\u00e5ter den breda profilen skyttar att sl\u00e4ppa magasin utan att \u00e4ndra huvudgreppet, vilket v\u00e4sentligt f\u00f6rb\u00e4ttrar laddningshastigheten.<\/p>\n<p>Oavsett om du tr\u00e4nar f\u00f6r t\u00e4vling eller slipar dina f\u00f6rsvarsf\u00f6rm\u00e5gor, \u00e4r Mag Release Button Wide fr\u00e5n KMR Aluminium den ultimata uppgraderingen f\u00f6r ditt skjutvapen, med f\u00f6rb\u00e4ttrad ergonomisk r\u00e4ckvidd och o\u00f6vertr\u00e4ffad prestanda n\u00e4r det r\u00e4knas som mest.<\/p>\n","protected":false},"excerpt":{"rendered":"<p>\u00d6versidd magasinsfriknapp f\u00f6r blixtrande snabba magasinsbytesn.<\/p>\n","protected":false},"featured_media":23861,"template":"","meta":{"_acf_changed":false},"product_brand":[11511],"product_cat":[13003],"product_tag":[],"class_list":{"0":"post-692570","1":"product","2":"type-product","3":"status-publish","4":"has-post-thumbnail","6":"product_brand-kmr-precision","7":"product_cat-kmr-delar","9":"first","10":"instock","11":"taxable","12":"shipping-taxable","13":"product-type-simple"},"acf":[],"_links":{"self":[{"href":"https:\/\/nbg.eu\/sv\/wp-json\/wp\/v2\/product\/692570","targetHints":{"allow":["GET"]}}],"collection":[{"href":"https:\/\/nbg.eu\/sv\/wp-json\/wp\/v2\/product"}],"about":[{"href":"https:\/\/nbg.eu\/sv\/wp-json\/wp\/v2\/types\/product"}],"wp:featuredmedia":[{"embeddable":true,"href":"https:\/\/nbg.eu\/sv\/wp-json\/wp\/v2\/media\/23861"}],"wp:attachment":[{"href":"https:\/\/nbg.eu\/sv\/wp-json\/wp\/v2\/media?parent=692570"}],"wp:term":[{"taxonomy":"product_brand","embeddable":true,"href":"https:\/\/nbg.eu\/sv\/wp-json\/wp\/v2\/product_brand?post=692570"},{"taxonomy":"product_cat","embeddable":true,"href":"https:\/\/nbg.eu\/sv\/wp-json\/wp\/v2\/product_cat?post=692570"},{"taxonomy":"product_tag","embeddable":true,"href":"https:\/\/nbg.eu\/sv\/wp-json\/wp\/v2\/product_tag?post=692570"}],"curies":[{"name":"wp","href":"https:\/\/api.w.org\/{rel}","templated":true}]}}