{"id":692616,"date":"2024-11-03T10:02:34","date_gmt":"2024-11-03T07:02:34","guid":{"rendered":"https:\/\/nbg.eu\/product\/norma-cal-6-5-creedmoore-target-match-8-4g-130gr\/"},"modified":"2026-05-13T16:04:50","modified_gmt":"2026-05-13T13:04:50","slug":"norma-cal-6-5-creedmoore-target-match-8-4g-130gr","status":"publish","type":"product","link":"https:\/\/nbg.eu\/sv\/produkt\/norma-cal-6-5-creedmoore-target-match-8-4g-130gr\/","title":{"rendered":"NORMA cal. 6.5 Creedmoore Target Match 8.4g\/130gr."},"content":{"rendered":"<h2>NORMA cal. 6.5 Creedmoore Target Match 8.4g\/130gr<\/h2>\n<p>Upplev precision med NORMA 6.5 Creedmoor Target Match ammunition. Utvecklad 2007, \u00e4r denna patron utm\u00e4rkt f\u00f6r l\u00e5ngdistansskytte och jakt. 6.5mm-kulan har utm\u00e4rkta sektionella densiteter och ballistiska koefficienter, vilket s\u00e4kerst\u00e4ller utm\u00e4rkta prestanda p\u00e5 l\u00e5nga avst\u00e5nd.<\/p>\n<h3>Funktioner:<\/h3>\n<ul>\n<li>Kaliber: 6.5 Creedmoor<\/li>\n<li>Vikt: 8.4g\/130gr<\/li>\n<li>Ballistisk koefficient: G1 0.548 \/ G7 0.294<\/li>\n<li>Typ: Golden Target<\/li>\n<li>T\u00e4ndning: Centralant\u00e4ndning<\/li>\n<\/ul>\n<h3>Hastighet:<\/h3>\n<ul>\n<li>V0: 869 m\/s<\/li>\n<li>V100: 813 m\/s<\/li>\n<li>V200: 759 m\/s<\/li>\n<li>V300: 708 m\/s<\/li>\n<\/ul>\n","protected":false},"excerpt":{"rendered":"<p>Precisionsammo 6.5 Creedmoor f\u00f6r l\u00e5ngdistansm\u00e5lt\u00e4vling.<\/p>\n","protected":false},"featured_media":76709,"template":"","meta":{"_acf_changed":false},"product_brand":[14478],"product_cat":[13066],"product_tag":[],"class_list":{"0":"post-692616","1":"product","2":"type-product","3":"status-publish","4":"has-post-thumbnail","6":"product_brand-norma-precision","7":"product_cat-gevaersammunition","9":"first","10":"instock","11":"taxable","12":"shipping-taxable","13":"purchasable","14":"product-type-simple"},"acf":[],"_links":{"self":[{"href":"https:\/\/nbg.eu\/sv\/wp-json\/wp\/v2\/product\/692616","targetHints":{"allow":["GET"]}}],"collection":[{"href":"https:\/\/nbg.eu\/sv\/wp-json\/wp\/v2\/product"}],"about":[{"href":"https:\/\/nbg.eu\/sv\/wp-json\/wp\/v2\/types\/product"}],"wp:featuredmedia":[{"embeddable":true,"href":"https:\/\/nbg.eu\/sv\/wp-json\/wp\/v2\/media\/76709"}],"wp:attachment":[{"href":"https:\/\/nbg.eu\/sv\/wp-json\/wp\/v2\/media?parent=692616"}],"wp:term":[{"taxonomy":"product_brand","embeddable":true,"href":"https:\/\/nbg.eu\/sv\/wp-json\/wp\/v2\/product_brand?post=692616"},{"taxonomy":"product_cat","embeddable":true,"href":"https:\/\/nbg.eu\/sv\/wp-json\/wp\/v2\/product_cat?post=692616"},{"taxonomy":"product_tag","embeddable":true,"href":"https:\/\/nbg.eu\/sv\/wp-json\/wp\/v2\/product_tag?post=692616"}],"curies":[{"name":"wp","href":"https:\/\/api.w.org\/{rel}","templated":true}]}}