{"id":692642,"date":"2025-03-07T13:29:53","date_gmt":"2025-03-07T10:29:53","guid":{"rendered":"https:\/\/nbg.eu\/product\/nitehog-18650-rechargeable-battery\/"},"modified":"2026-05-13T16:02:19","modified_gmt":"2026-05-13T13:02:19","slug":"nitehog-18650-rechargeable-battery","status":"publish","type":"product","link":"https:\/\/nbg.eu\/sv\/produkt\/nitehog-18650-rechargeable-battery\/","title":{"rendered":"Nitehog 18650 Rechargeable Battery"},"content":{"rendered":"<h2>Nitehog 18650 laddningsbart Li-jon-batteri: P\u00e5litlig kraft f\u00f6r v\u00e4rmekamera och nattseende<\/h2>\n<p>Utl\u00e5st den fulla potentialen hos dina Nitehog-v\u00e4rmekameror och nattseendeenheter med Nitehog 18650 laddningsbart Li-jon-batteri. Med en h\u00f6g kapacitet p\u00e5 vanligtvis 3500 mAh levererar detta batteri en konsekvent, h\u00f6gstr\u00f6msladdning som \u00e4r n\u00f6dv\u00e4ndig f\u00f6r avancerade digitala sensorer och v\u00e4rmek\u00e4rnor.<\/p>\n<p>Utformad f\u00f6r optimal prestanda har Nitehog 18650-batteriet en nominell sp\u00e4nning p\u00e5 3,7 V och en integrerad skyddskrets (PCB) f\u00f6r att f\u00f6rhindra \u00f6verladdning och djupurladdning. Denna s\u00e4kerhet s\u00e4kerst\u00e4ller maximal livsl\u00e4ngd och s\u00e4kerhet, s\u00e5 att du kan lita p\u00e5 denna kraftk\u00e4lla under l\u00e5nga nattjakter eller taktiska operationer.<\/p>\n<p>Oavsett om du sp\u00e5rar byte i vildmarken eller genomf\u00f6r hemliga operationer ger Nitehog 18650 laddningsbart batteri den tillf\u00f6rlitliga, h\u00f6gkapacitiva kraft som dina enheter kr\u00e4ver. Upplev oavbruten prestanda och den s\u00e4kerhet som kommer med en skyddad design, vilket g\u00f6r det till den perfekta f\u00f6ljeslagaren f\u00f6r dina Nitehog-v\u00e4rmekamera- och nattseendeenheter.<\/p>\n","protected":false},"excerpt":{"rendered":"<p>Nitehog 18650 uppladdningsbart litiumjonbatteri: H\u00f6gkapacitets, p\u00e5litlig kraft f\u00f6r v\u00e4rme-\/nattvisionsutrustning.<\/p>\n","protected":false},"featured_media":246190,"template":"","meta":{"_acf_changed":false},"product_brand":[11590],"product_cat":[13064,13004,13029,13024],"product_tag":[],"class_list":{"0":"post-692642","1":"product","2":"type-product","3":"status-publish","4":"has-post-thumbnail","6":"product_brand-nitehog","7":"product_cat-batterier","8":"product_cat-siktning","9":"product_cat-sikttillbehoer","10":"product_cat-termisk","12":"first","13":"instock","14":"taxable","15":"shipping-taxable","16":"purchasable","17":"product-type-simple"},"acf":[],"_links":{"self":[{"href":"https:\/\/nbg.eu\/sv\/wp-json\/wp\/v2\/product\/692642","targetHints":{"allow":["GET"]}}],"collection":[{"href":"https:\/\/nbg.eu\/sv\/wp-json\/wp\/v2\/product"}],"about":[{"href":"https:\/\/nbg.eu\/sv\/wp-json\/wp\/v2\/types\/product"}],"wp:featuredmedia":[{"embeddable":true,"href":"https:\/\/nbg.eu\/sv\/wp-json\/wp\/v2\/media\/246190"}],"wp:attachment":[{"href":"https:\/\/nbg.eu\/sv\/wp-json\/wp\/v2\/media?parent=692642"}],"wp:term":[{"taxonomy":"product_brand","embeddable":true,"href":"https:\/\/nbg.eu\/sv\/wp-json\/wp\/v2\/product_brand?post=692642"},{"taxonomy":"product_cat","embeddable":true,"href":"https:\/\/nbg.eu\/sv\/wp-json\/wp\/v2\/product_cat?post=692642"},{"taxonomy":"product_tag","embeddable":true,"href":"https:\/\/nbg.eu\/sv\/wp-json\/wp\/v2\/product_tag?post=692642"}],"curies":[{"name":"wp","href":"https:\/\/api.w.org\/{rel}","templated":true}]}}