{"id":692664,"date":"2024-08-17T14:49:07","date_gmt":"2024-08-17T11:49:07","guid":{"rendered":"https:\/\/nbg.eu\/product\/mounting-kit-for-l-02-w-02-steel-black\/"},"modified":"2026-05-13T16:01:41","modified_gmt":"2026-05-13T13:01:41","slug":"mounting-kit-for-l-02-w-02-steel-black","status":"publish","type":"product","link":"https:\/\/nbg.eu\/sv\/produkt\/mounting-kit-for-l-02-w-02-steel-black\/","title":{"rendered":"KMR Monteringssats for L-02, W-02 St\u00e5l Svart"},"content":{"rendered":"<h2>KMR Optic Ready (OR) monteringssats \u2013 st\u00e5l, svart<\/h2>\n<p>F\u00f6rst\u00e4rk dina L-02 och W-02 KMR-plattformar med KMR Optic Ready (OR) monteringssatsen. Tillverkad av h\u00f6gh\u00e5llfast st\u00e5l levererar denna monteringsl\u00f6sning o\u00f6vertr\u00e4ffad h\u00e5llbarhet och styvhet f\u00f6r att s\u00e4kerst\u00e4lla att ditt optiska instrument beh\u00e5ller sitt nolll\u00e4ge, \u00e4ven under de intensiva rekylkrafterna i t\u00e4vlingsskytte.<\/p>\n<p>Med en modellspecifik fotavtrycksutformning \u00e4r OR-monteringssatsen utformad f\u00f6r att s\u00e4kert passa Trijicon RMR, Leupold DeltaPoint Pro eller Shield-optiska instrument, och ger en stabil grund f\u00f6r ditt siktsystem. Till skillnad fr\u00e5n standardaluminiumplattor f\u00f6rhindrar den st\u00e5lkonstruerade monteringen g\u00e4ngutmattning och bibeh\u00e5ller en perfekt passform f\u00f6r L-02 och W-02 Optic Ready-delsidor, vilket s\u00e4krar din investering.<\/p>\n<p>F\u00e4rdigst\u00e4lld med en matt svart, korrosionsbest\u00e4ndig bel\u00e4ggning, uppfyller denna monteringssats inte bara estetiska krav utan t\u00e5l ocks\u00e5 v\u00e4derf\u00f6rh\u00e5llandena, vilket s\u00e4kerst\u00e4ller p\u00e5litliga prestanda under alla f\u00f6rh\u00e5llanden. Uppgradera din KMR-plattform med KMR Optic Ready (OR) monteringssatsen &#8211; den ultimata l\u00f6sningen f\u00f6r h\u00e5llbar integrering av optiska instrument.<\/p>\n","protected":false},"excerpt":{"rendered":"<p>Monteringssats av h\u00f6gstyrka st\u00e5l f\u00f6r L-02, W-02 KMR optisk integration.<\/p>\n","protected":false},"featured_media":30380,"template":"","meta":{"_acf_changed":false},"product_brand":[],"product_cat":[13003,12999,13035,14902],"product_tag":[],"class_list":{"0":"post-692664","1":"product","2":"type-product","3":"status-publish","4":"has-post-thumbnail","6":"product_cat-kmr-delar","7":"product_cat-pistoldelar","8":"product_cat-pistolroedpunktsikten","9":"product_cat-red-dot-sights-mounts-sv","11":"first","12":"instock","13":"taxable","14":"shipping-taxable","15":"purchasable","16":"product-type-variable","17":"wvs-archive-product-wrapper"},"acf":[],"_links":{"self":[{"href":"https:\/\/nbg.eu\/sv\/wp-json\/wp\/v2\/product\/692664","targetHints":{"allow":["GET"]}}],"collection":[{"href":"https:\/\/nbg.eu\/sv\/wp-json\/wp\/v2\/product"}],"about":[{"href":"https:\/\/nbg.eu\/sv\/wp-json\/wp\/v2\/types\/product"}],"wp:featuredmedia":[{"embeddable":true,"href":"https:\/\/nbg.eu\/sv\/wp-json\/wp\/v2\/media\/30380"}],"wp:attachment":[{"href":"https:\/\/nbg.eu\/sv\/wp-json\/wp\/v2\/media?parent=692664"}],"wp:term":[{"taxonomy":"product_brand","embeddable":true,"href":"https:\/\/nbg.eu\/sv\/wp-json\/wp\/v2\/product_brand?post=692664"},{"taxonomy":"product_cat","embeddable":true,"href":"https:\/\/nbg.eu\/sv\/wp-json\/wp\/v2\/product_cat?post=692664"},{"taxonomy":"product_tag","embeddable":true,"href":"https:\/\/nbg.eu\/sv\/wp-json\/wp\/v2\/product_tag?post=692664"}],"curies":[{"name":"wp","href":"https:\/\/api.w.org\/{rel}","templated":true}]}}