{"id":693044,"date":"2024-08-18T11:11:47","date_gmt":"2024-08-18T08:11:47","guid":{"rendered":"https:\/\/nbg.eu\/product\/or-plate-screw-m4x6-din-965-kmr\/"},"modified":"2026-05-13T16:00:58","modified_gmt":"2026-05-13T13:00:58","slug":"or-plate-screw-m4x6-din-965-kmr","status":"publish","type":"product","link":"https:\/\/nbg.eu\/sv\/produkt\/or-plate-screw-m4x6-din-965-kmr\/","title":{"rendered":"KMR Skruv f\u00f6r OR-monteringsplatta M4x6 DIN 965"},"content":{"rendered":"<h2>OR Plate Screw M4X6 Din 965 KMR: S\u00e4kra dina vapentillbeh\u00f6r med precision<\/h2>\n<p>Denna skruv \u00e4r ett m\u00e5ngsidigt och tillf\u00f6rlitligt f\u00e4stelement som \u00e4r utformat f\u00f6r anv\u00e4ndning med olika KMR-vapentillbeh\u00f6r. Tillverkad med precision och h\u00e5llbarhet \u00e4r denna skruv den perfekta l\u00f6sningen f\u00f6r att s\u00e4kert f\u00e4sta din viktiga utrustning p\u00e5 dina KMR-kompatibla vapen.<\/p>\n<p>Konstruerad enligt de str\u00e4nga kraven erbjuder den h\u00e4r plattskruven exceptionell styrka och tillf\u00f6rlitlighet, vilket s\u00e4kerst\u00e4ller att dina tillbeh\u00f6r f\u00f6rblir stadigt p\u00e5 plats \u00e4ven i de mest kr\u00e4vande situationerna. Med sin M4-g\u00e4nga och 6 mm l\u00e4ngd ger den h\u00e4r skruven en s\u00e4ker och precis passform, vilket g\u00f6r att du kan montera din utrustning med f\u00f6rtroende.<\/p>\n<p>Oavsett om du uppgraderar din taktiska utrustning, ers\u00e4tter slitna komponenter eller bygger upp en ny upps\u00e4ttning, \u00e4r det det perfekta valet f\u00f6r att s\u00e4kerst\u00e4lla den tillf\u00f6rlitliga och s\u00e4kra f\u00e4stningen av dina KMR-kompatibla tillbeh\u00f6r.<\/p>\n<p>F\u00f6r vapen KMR:<\/p>\n<p>KMR L-02 EMIQ (OR)<\/p>\n<p>KMR L-02 SPECTRA TILL 2023<\/p>\n<p>KMR L-02 UMBRA (OR) SR<\/p>\n<p>KMR W-02 CUDA (OR)<\/p>\n<p>KMR W-02 UMBRA (OR)<\/p>\n","protected":false},"excerpt":{"rendered":"<p>M4x6 DIN 965 pl\u00e5tskruv f\u00f6r KMR L-02 EMIQ, SPECTRA, UMBRA SR, och KMR W-02 CUDA, UMBRA.<\/p>\n","protected":false},"featured_media":25372,"template":"","meta":{"_acf_changed":false},"product_brand":[11511],"product_cat":[13003],"product_tag":[],"class_list":{"0":"post-693044","1":"product","2":"type-product","3":"status-publish","4":"has-post-thumbnail","6":"product_brand-kmr-precision","7":"product_cat-kmr-delar","9":"first","10":"instock","11":"taxable","12":"shipping-taxable","13":"product-type-simple"},"acf":[],"_links":{"self":[{"href":"https:\/\/nbg.eu\/sv\/wp-json\/wp\/v2\/product\/693044","targetHints":{"allow":["GET"]}}],"collection":[{"href":"https:\/\/nbg.eu\/sv\/wp-json\/wp\/v2\/product"}],"about":[{"href":"https:\/\/nbg.eu\/sv\/wp-json\/wp\/v2\/types\/product"}],"wp:featuredmedia":[{"embeddable":true,"href":"https:\/\/nbg.eu\/sv\/wp-json\/wp\/v2\/media\/25372"}],"wp:attachment":[{"href":"https:\/\/nbg.eu\/sv\/wp-json\/wp\/v2\/media?parent=693044"}],"wp:term":[{"taxonomy":"product_brand","embeddable":true,"href":"https:\/\/nbg.eu\/sv\/wp-json\/wp\/v2\/product_brand?post=693044"},{"taxonomy":"product_cat","embeddable":true,"href":"https:\/\/nbg.eu\/sv\/wp-json\/wp\/v2\/product_cat?post=693044"},{"taxonomy":"product_tag","embeddable":true,"href":"https:\/\/nbg.eu\/sv\/wp-json\/wp\/v2\/product_tag?post=693044"}],"curies":[{"name":"wp","href":"https:\/\/api.w.org\/{rel}","templated":true}]}}