{"id":693218,"date":"2024-08-18T11:12:21","date_gmt":"2024-08-18T08:12:21","guid":{"rendered":"https:\/\/nbg.eu\/product\/rear-sight-screw-m4x6-din-913-kmr\/"},"modified":"2026-05-13T16:02:02","modified_gmt":"2026-05-13T13:02:02","slug":"rear-sight-screw-m4x6-din-913-kmr","status":"publish","type":"product","link":"https:\/\/nbg.eu\/sv\/produkt\/rear-sight-screw-m4x6-din-913-kmr\/","title":{"rendered":"KMR Baksiktesskruv M4x6 DIN 913"},"content":{"rendered":"<h2>Bakre Siktsskruv M4X6 Din 913 KMR<\/h2>\n<p>Denna bakre siktssskruv \u00e4r utformad f\u00f6r anv\u00e4ndning med en m\u00e4ngd olika KMR-vapen. Med m\u00e5tten M4x6 mm och i enlighet med DIN 913-standarder s\u00e4kerst\u00e4ller denna skruv en s\u00e4ker och tillf\u00f6rlitlig montering av den bakre sikten p\u00e5 ditt KMR-skjutvapen. Tillverkad med precision och h\u00e5llbarhet i \u00e5tanke ger denna bakre siktssskruv en avg\u00f6rande komponent f\u00f6r att uppr\u00e4tth\u00e5lla optimal prestanda och funktionalitet i ditt KMR-vapensystem.<\/p>\n<p>F\u00f6r vapen KMR:<\/p>\n<p>KMR L-02 EMIQ<\/p>\n<p>KMR L-02 EMIQ (OR)<\/p>\n<p>KMR L-02 ORCA FR\u00c5N 2024<\/p>\n<p>KMR L-02 ORCA TILL 2023<\/p>\n<p>KMR L-02 SPECTRA TILL 2023<\/p>\n<p>KMR L-02 UMBRA (OR) SR<\/p>\n<p>KMR W-02 CUDA (OR)<\/p>\n<p>KMR W-02 UMBRA (OR)<\/p>\n","protected":false},"excerpt":{"rendered":"<p>Baksiktes skruv M4X6 Din 913 f\u00f6r KMR vapenm\u00f3deller: L-02 EMIQ, ORCA, SPECTRA, UMBRA, W-02 CUDA, UMBRA.<\/p>\n","protected":false},"featured_media":25395,"template":"","meta":{"_acf_changed":false},"product_brand":[11511],"product_cat":[13003],"product_tag":[],"class_list":{"0":"post-693218","1":"product","2":"type-product","3":"status-publish","4":"has-post-thumbnail","6":"product_brand-kmr-precision","7":"product_cat-kmr-delar","9":"first","10":"instock","11":"taxable","12":"shipping-taxable","13":"product-type-simple"},"acf":[],"_links":{"self":[{"href":"https:\/\/nbg.eu\/sv\/wp-json\/wp\/v2\/product\/693218","targetHints":{"allow":["GET"]}}],"collection":[{"href":"https:\/\/nbg.eu\/sv\/wp-json\/wp\/v2\/product"}],"about":[{"href":"https:\/\/nbg.eu\/sv\/wp-json\/wp\/v2\/types\/product"}],"wp:featuredmedia":[{"embeddable":true,"href":"https:\/\/nbg.eu\/sv\/wp-json\/wp\/v2\/media\/25395"}],"wp:attachment":[{"href":"https:\/\/nbg.eu\/sv\/wp-json\/wp\/v2\/media?parent=693218"}],"wp:term":[{"taxonomy":"product_brand","embeddable":true,"href":"https:\/\/nbg.eu\/sv\/wp-json\/wp\/v2\/product_brand?post=693218"},{"taxonomy":"product_cat","embeddable":true,"href":"https:\/\/nbg.eu\/sv\/wp-json\/wp\/v2\/product_cat?post=693218"},{"taxonomy":"product_tag","embeddable":true,"href":"https:\/\/nbg.eu\/sv\/wp-json\/wp\/v2\/product_tag?post=693218"}],"curies":[{"name":"wp","href":"https:\/\/api.w.org\/{rel}","templated":true}]}}