{"id":693538,"date":"2024-08-16T21:03:31","date_gmt":"2024-08-16T18:03:31","guid":{"rendered":"https:\/\/nbg.eu\/product\/rhh-leg-strap\/"},"modified":"2026-05-13T16:03:28","modified_gmt":"2026-05-13T13:03:28","slug":"rhh-leg-strap","status":"publish","type":"product","link":"https:\/\/nbg.eu\/sv\/produkt\/rhh-leg-strap\/","title":{"rendered":"RHH Leg Strap"},"content":{"rendered":"<h2>RHH Benbandage: F\u00f6rb\u00e4ttrad holstersstabilitet f\u00f6r dynamiska aktiviteter<\/h2>\n<p>RHH Benbandage \u00e4r en m\u00e5ngsidig tillbeh\u00f6r utformad f\u00f6r att ge exceptionell stabilitet och r\u00f6relsef\u00f6rminskande f\u00f6r drop-leg eller mittridande h\u00f6lster under dynamiska aktiviteter. Tillverkad av tung elastisk nylonv\u00e4v och med en h\u00f6gp\u00e5verkande polymersp\u00e4nne, den h\u00e4r justerbara remmen s\u00e4kerst\u00e4ller en s\u00e4ker och bekv\u00e4m passform runt ditt l\u00e5r.<\/p>\n<p>Den integrerade halks\u00e4kra gummierade stickningarna l\u00e4gger till en greppig textur, vilket effektivt eliminerar &#8221;holster flop&#8221; som kan intr\u00e4ffa under l\u00f6pning, kn\u00e4b\u00f6jning eller andra intensiva r\u00f6relser. Den elastiska konstruktionen l\u00e5ter remmen utvidga och dra sig samman med dina benmuskler, vilket h\u00e5ller h\u00f6lstret i en konsekvent position f\u00f6r en p\u00e5litlig och ober\u00f6rd dragning.<\/p>\n<p>Oavsett om du \u00e4r en aktiv tj\u00e4nsteman, en t\u00e4vlingsskytt eller en entusiastisk friluftsm\u00e4nniska \u00e4r RHH Benbandage den perfekta l\u00f6sningen f\u00f6r att h\u00e5lla ditt h\u00f6lster fast p\u00e5 plats utan att begr\u00e4nsa din r\u00f6relsevidd eller blodcirkulationen. Upplev f\u00f6rb\u00e4ttrad holsterstabilitet och f\u00f6rtroende i din utrustning, \u00e4ven i de mest kr\u00e4vande situationerna.<\/p>\n","protected":false},"excerpt":{"rendered":"<p>S\u00e4kra ditt h\u00f6lster med RHH Leg Straps h\u00e5llbara elastiska nylon och halkfri design.<\/p>\n","protected":false},"featured_media":0,"template":"","meta":{"_acf_changed":false},"product_brand":[11645],"product_cat":[13034],"product_tag":[],"class_list":{"0":"post-693538","1":"product","2":"type-product","3":"status-publish","5":"product_brand-rh-holsters","6":"product_cat-hoelstertillbehoer","8":"first","9":"instock","10":"taxable","11":"shipping-taxable","12":"purchasable","13":"product-type-simple"},"acf":[],"_links":{"self":[{"href":"https:\/\/nbg.eu\/sv\/wp-json\/wp\/v2\/product\/693538","targetHints":{"allow":["GET"]}}],"collection":[{"href":"https:\/\/nbg.eu\/sv\/wp-json\/wp\/v2\/product"}],"about":[{"href":"https:\/\/nbg.eu\/sv\/wp-json\/wp\/v2\/types\/product"}],"wp:attachment":[{"href":"https:\/\/nbg.eu\/sv\/wp-json\/wp\/v2\/media?parent=693538"}],"wp:term":[{"taxonomy":"product_brand","embeddable":true,"href":"https:\/\/nbg.eu\/sv\/wp-json\/wp\/v2\/product_brand?post=693538"},{"taxonomy":"product_cat","embeddable":true,"href":"https:\/\/nbg.eu\/sv\/wp-json\/wp\/v2\/product_cat?post=693538"},{"taxonomy":"product_tag","embeddable":true,"href":"https:\/\/nbg.eu\/sv\/wp-json\/wp\/v2\/product_tag?post=693538"}],"curies":[{"name":"wp","href":"https:\/\/api.w.org\/{rel}","templated":true}]}}