{"id":693572,"date":"2025-03-07T20:56:56","date_gmt":"2025-03-07T17:56:56","guid":{"rendered":"https:\/\/nbg.eu\/product\/rusan-modular-qr-adapter-for-guide-arta435\/"},"modified":"2026-05-13T16:01:24","modified_gmt":"2026-05-13T13:01:24","slug":"rusan-modular-qr-adapter-for-guide-arta435","status":"publish","type":"product","link":"https:\/\/nbg.eu\/sv\/produkt\/rusan-modular-qr-adapter-for-guide-arta435\/","title":{"rendered":"Rusan Modular QR Adapter for Guide | ARTA435"},"content":{"rendered":"<h2>Rusan Modular QR-adapter f\u00f6r Guide | ARTA435<\/h2>\n<p>F\u00f6rb\u00e4ttra din precisionsskytte med Rusan Modular QR-adapter f\u00f6r Guide (ARTA435). Utformad f\u00f6r smidig integrering med Guide termiska f\u00e4sten, erbjuder denna snabbkopplingsmonterings-l\u00f6sning (QR) en o\u00f6vertr\u00e4ffad bekv\u00e4mlighet och repeterbarhet.<\/p>\n<p>Med en intern M52x0,75-g\u00e4nga anv\u00e4nder adaptern ett robust QR-spaksystem som m\u00f6jligg\u00f6r n\u00e4stan omedelbar montering och borttagning av din termiska clip-on, utan att p\u00e5verka vapnets nollst\u00e4llning. Den modul\u00e4ra designen s\u00e4kerst\u00e4ller en s\u00e4ker, sp\u00e4nningsjusterbar l\u00e5sning och bibeh\u00e5ller precision \u00e4ven under de mest kr\u00e4vande f\u00f6rh\u00e5llanden.<\/p>\n<p>Tillverkad av h\u00f6gkvalitativt aluminium \u00e4r Rusan Modular QR-adaptern byggd f\u00f6r att st\u00e5 emot p\u00e5frestningarna i f\u00e4lt. Dess kompatibilitet med Rusan ARADA-ringar f\u00f6rb\u00e4ttrar ytterligare systemets flexibilitet och m\u00f6jligg\u00f6r en anpassad l\u00f6sning f\u00f6r dina specifika behov.<\/p>\n<p>Upplev den ultimata tysta, verktygsfriaanv\u00e4ndningen med Rusan Modular QR-adaptern. F\u00f6rb\u00e4ttra din skjutprestanda och frig\u00f6r den fulla potentialen hos dina Guide-termiska f\u00e4sten med denna innovativa monteringsl\u00f6sning.<\/p>\n","protected":false},"excerpt":{"rendered":"<p>Precisionsmontering f\u00f6r QR f\u00f6r Guide-v\u00e4rmef\u00e4sten. M52x0,75 g\u00e4nga, modul\u00e4r, h\u00f6gkvalitativ aluminium.<\/p>\n","protected":false},"featured_media":248609,"template":"","meta":{"_acf_changed":false},"product_brand":[11696],"product_cat":[13004,13029,13024],"product_tag":[],"class_list":{"0":"post-693572","1":"product","2":"type-product","3":"status-publish","4":"has-post-thumbnail","6":"product_brand-rusan","7":"product_cat-siktning","8":"product_cat-sikttillbehoer","9":"product_cat-termisk","11":"first","12":"instock","13":"taxable","14":"shipping-taxable","15":"purchasable","16":"product-type-variable","17":"wvs-archive-product-wrapper"},"acf":[],"_links":{"self":[{"href":"https:\/\/nbg.eu\/sv\/wp-json\/wp\/v2\/product\/693572","targetHints":{"allow":["GET"]}}],"collection":[{"href":"https:\/\/nbg.eu\/sv\/wp-json\/wp\/v2\/product"}],"about":[{"href":"https:\/\/nbg.eu\/sv\/wp-json\/wp\/v2\/types\/product"}],"wp:featuredmedia":[{"embeddable":true,"href":"https:\/\/nbg.eu\/sv\/wp-json\/wp\/v2\/media\/248609"}],"wp:attachment":[{"href":"https:\/\/nbg.eu\/sv\/wp-json\/wp\/v2\/media?parent=693572"}],"wp:term":[{"taxonomy":"product_brand","embeddable":true,"href":"https:\/\/nbg.eu\/sv\/wp-json\/wp\/v2\/product_brand?post=693572"},{"taxonomy":"product_cat","embeddable":true,"href":"https:\/\/nbg.eu\/sv\/wp-json\/wp\/v2\/product_cat?post=693572"},{"taxonomy":"product_tag","embeddable":true,"href":"https:\/\/nbg.eu\/sv\/wp-json\/wp\/v2\/product_tag?post=693572"}],"curies":[{"name":"wp","href":"https:\/\/api.w.org\/{rel}","templated":true}]}}