{"id":694164,"date":"2024-09-16T12:35:24","date_gmt":"2024-09-16T09:35:24","guid":{"rendered":"https:\/\/nbg.eu\/product\/safety-detent-plunger-right-kmr\/"},"modified":"2026-02-13T15:06:46","modified_gmt":"2026-02-13T12:06:46","slug":"safety-detent-plunger-right-kmr","status":"publish","type":"product","link":"https:\/\/nbg.eu\/sv\/produkt\/safety-detent-plunger-right-kmr\/","title":{"rendered":"S\u00e4kerhets-detentplunger &#8211; H\u00f6ger KMR"},"content":{"rendered":"<h2>S\u00e4kerhetsdetalj kolvhylsa &#8211; H\u00f6ger KMR<\/h2>\n<p>F\u00f6rb\u00e4ttra s\u00e4kerheten och funktionaliteten i ditt KMR-vapensystem med S\u00e4kerhetsdetalj kolvhylsa &#8211; H\u00f6ger. Designad f\u00f6r smidig integration ger denna kolvhylsa en s\u00e4ker l\u00e5smekanism f\u00f6r att f\u00f6rhindra oavsiktlig avfyrning. Tillverkad med precision \u00e4r kolvhylsan kompatibel med ett brett utbud av KMR-modeller.<\/p>\n<p>F\u00f6r Vapen KMR<\/p>\n<p>KMR L-02 EMIQ<\/p>\n<p>KMR L-02 EMIQ (OR)<\/p>\n<p>KMR L-02 ORCA FRAM TILL 2023<\/p>\n<p>KMR L-02 SPECTRA FRAM TILL 2023<\/p>\n<p>KMR L-02 UMBRA (OR) SR<\/p>\n<p>KMR S-01 LANCE (OR)<\/p>\n<p>KMR S-02 FRAM TILL 2023<\/p>\n<p>KMR W-02 CUDA (OR)<\/p>\n<p>KMR W-02 UMBRA<\/p>\n<p>KMR W-02 UMBRA (OR)<\/p>\n<p>Referens 1130-00302-0401<\/p>\n","protected":false},"excerpt":{"rendered":"<p>S\u00e4kerhetslunkarutl\u00f6sare &#8211; H\u00f6ger KMR f\u00f6r vapen KMR<\/p>\n","protected":false},"featured_media":25926,"template":"","meta":{"_acf_changed":false},"product_brand":[11511],"product_cat":[13003],"product_tag":[],"class_list":{"0":"post-694164","1":"product","2":"type-product","3":"status-publish","4":"has-post-thumbnail","6":"product_brand-kmr-precision","7":"product_cat-kmr-delar","9":"first","10":"instock","11":"taxable","12":"shipping-taxable","13":"product-type-simple"},"acf":[],"_links":{"self":[{"href":"https:\/\/nbg.eu\/sv\/wp-json\/wp\/v2\/product\/694164","targetHints":{"allow":["GET"]}}],"collection":[{"href":"https:\/\/nbg.eu\/sv\/wp-json\/wp\/v2\/product"}],"about":[{"href":"https:\/\/nbg.eu\/sv\/wp-json\/wp\/v2\/types\/product"}],"wp:featuredmedia":[{"embeddable":true,"href":"https:\/\/nbg.eu\/sv\/wp-json\/wp\/v2\/media\/25926"}],"wp:attachment":[{"href":"https:\/\/nbg.eu\/sv\/wp-json\/wp\/v2\/media?parent=694164"}],"wp:term":[{"taxonomy":"product_brand","embeddable":true,"href":"https:\/\/nbg.eu\/sv\/wp-json\/wp\/v2\/product_brand?post=694164"},{"taxonomy":"product_cat","embeddable":true,"href":"https:\/\/nbg.eu\/sv\/wp-json\/wp\/v2\/product_cat?post=694164"},{"taxonomy":"product_tag","embeddable":true,"href":"https:\/\/nbg.eu\/sv\/wp-json\/wp\/v2\/product_tag?post=694164"}],"curies":[{"name":"wp","href":"https:\/\/api.w.org\/{rel}","templated":true}]}}