{"id":694197,"date":"2024-08-18T10:56:41","date_gmt":"2024-08-18T07:56:41","guid":{"rendered":"https:\/\/nbg.eu\/product\/screw-m3x5-din-913-kmr\/"},"modified":"2026-05-13T16:02:56","modified_gmt":"2026-05-13T13:02:56","slug":"screw-m3x5-din-913-kmr","status":"publish","type":"product","link":"https:\/\/nbg.eu\/sv\/produkt\/screw-m3x5-din-913-kmr\/","title":{"rendered":"KMR Skruv M3x5 DIN 913"},"content":{"rendered":"<h2>SKRUV M3x5 DIN 913 KMR: S\u00e4ker fasts\u00e4ttning f\u00f6r ditt vapensystem<\/h2>\n<p>SKRUV M3x5 DIN 913 KMR \u00e4r en n\u00f6dv\u00e4ndig komponent f\u00f6r att s\u00e4kra olika vapensystem f\u00f6r KMR. Utformad f\u00f6r att m\u00f6ta de h\u00f6ga kraven p\u00e5 milit\u00e4ra och brottsbek\u00e4mpande till\u00e4mpningar, erbjuder denna skruv en tillf\u00f6rlitlig och h\u00e5llbar l\u00f6sning f\u00f6r att f\u00e4sta komponenter p\u00e5 dina KMR-vapen.<\/p>\n<p>Tillverkad enligt den noggranna DIN 913-standarden s\u00e4kerst\u00e4ller denna skruv en s\u00e4ker och exakt passform, vilket minimerar risken f\u00f6r lossning eller fel under anv\u00e4ndning. Dess M3-g\u00e4ngstorlek och 5 mm l\u00e4ngd g\u00f6r den till ett tillf\u00f6rlitligt val, som ger den n\u00f6dv\u00e4ndiga stabiliteten och st\u00f6det f\u00f6r dina vapenkomponen-ter.<\/p>\n<p>Oavsett om du uppgraderar, underh\u00e5ller eller reparerar dina KMR-vapen \u00e4r detta en m\u00e5ste-ha-tillbeh\u00f6r som levererar den kvalitet och prestanda som du f\u00f6rv\u00e4ntar dig av en milit\u00e4rklassad komponent.<\/p>\n","protected":false},"excerpt":{"rendered":"<p>SKRUV M3x5 DIN 913 KMR f\u00f6r KMR-vapen.<\/p>\n","protected":false},"featured_media":25279,"template":"","meta":{"_acf_changed":false},"product_brand":[11511],"product_cat":[13003],"product_tag":[],"class_list":{"0":"post-694197","1":"product","2":"type-product","3":"status-publish","4":"has-post-thumbnail","6":"product_brand-kmr-precision","7":"product_cat-kmr-delar","9":"first","10":"instock","11":"taxable","12":"shipping-taxable","13":"product-type-simple"},"acf":[],"_links":{"self":[{"href":"https:\/\/nbg.eu\/sv\/wp-json\/wp\/v2\/product\/694197","targetHints":{"allow":["GET"]}}],"collection":[{"href":"https:\/\/nbg.eu\/sv\/wp-json\/wp\/v2\/product"}],"about":[{"href":"https:\/\/nbg.eu\/sv\/wp-json\/wp\/v2\/types\/product"}],"wp:featuredmedia":[{"embeddable":true,"href":"https:\/\/nbg.eu\/sv\/wp-json\/wp\/v2\/media\/25279"}],"wp:attachment":[{"href":"https:\/\/nbg.eu\/sv\/wp-json\/wp\/v2\/media?parent=694197"}],"wp:term":[{"taxonomy":"product_brand","embeddable":true,"href":"https:\/\/nbg.eu\/sv\/wp-json\/wp\/v2\/product_brand?post=694197"},{"taxonomy":"product_cat","embeddable":true,"href":"https:\/\/nbg.eu\/sv\/wp-json\/wp\/v2\/product_cat?post=694197"},{"taxonomy":"product_tag","embeddable":true,"href":"https:\/\/nbg.eu\/sv\/wp-json\/wp\/v2\/product_tag?post=694197"}],"curies":[{"name":"wp","href":"https:\/\/api.w.org\/{rel}","templated":true}]}}