{"id":694240,"date":"2024-09-17T08:46:01","date_gmt":"2024-09-17T05:46:01","guid":{"rendered":"https:\/\/nbg.eu\/product\/screw-m3x6-din-913-kmr\/"},"modified":"2026-05-13T16:01:52","modified_gmt":"2026-05-13T13:01:52","slug":"screw-m3x6-din-913-kmr","status":"publish","type":"product","link":"https:\/\/nbg.eu\/sv\/produkt\/screw-m3x6-din-913-kmr\/","title":{"rendered":"KMR Skruv M3x6 DIN 913"},"content":{"rendered":"<h2>SKRUV M3x6 DIN 913 KMR: N\u00f6dv\u00e4ndig f\u00f6r Vapen KMR<\/h2>\n<p>Tillverkad i enlighet med DIN 913-standarden ger denna M3x6-skruv en s\u00e4ker och precis passform, vilket bidrar till den \u00f6vergripande stabiliteten och integriteten hos dina vapens komponenter. Dess h\u00e5llbara konstruktion, med en robust materialkombination, s\u00e4kerst\u00e4ller l\u00e5ngvariga prestanda och motst\u00e5ndskraft mot slitage och n\u00f6tning, \u00e4ven i de mest kr\u00e4vande milj\u00f6er.<\/p>\n<p>Oavsett om du underh\u00e5ller, reparerar eller uppgraderar dina KMR-kompatibla vapen \u00e4r skruven en n\u00f6dv\u00e4ndig del som du kan lita p\u00e5. Dess kompatibilitet med de angivna modellerna g\u00f6r den till en avg\u00f6rande ers\u00e4ttnings- eller reservdel att ha i lager, vilket s\u00e4kerst\u00e4ller en problemfri drift av din v\u00e4rdefulla utrustning.<\/p>\n<p>F\u00f6r Vapen KMR<\/p>\n<p>KMR L-02 ORCA FR\u00c5N 2024<\/p>\n<p>KMR L-02 ORCA TILL 2023<\/p>\n<p>KMR W-02 CUDA (OR)<\/p>\n","protected":false},"excerpt":{"rendered":"<p>SKRUV M3x6 DIN 913 KMR \u00e4r en avg\u00f6rande komponent f\u00f6r underh\u00e5ll och montering av olika vapensystem.<\/p>\n","protected":false},"featured_media":63692,"template":"","meta":{"_acf_changed":false},"product_brand":[11511],"product_cat":[13003],"product_tag":[],"class_list":{"0":"post-694240","1":"product","2":"type-product","3":"status-publish","4":"has-post-thumbnail","6":"product_brand-kmr-precision","7":"product_cat-kmr-delar","9":"first","10":"instock","11":"taxable","12":"shipping-taxable","13":"product-type-simple"},"acf":[],"_links":{"self":[{"href":"https:\/\/nbg.eu\/sv\/wp-json\/wp\/v2\/product\/694240","targetHints":{"allow":["GET"]}}],"collection":[{"href":"https:\/\/nbg.eu\/sv\/wp-json\/wp\/v2\/product"}],"about":[{"href":"https:\/\/nbg.eu\/sv\/wp-json\/wp\/v2\/types\/product"}],"wp:featuredmedia":[{"embeddable":true,"href":"https:\/\/nbg.eu\/sv\/wp-json\/wp\/v2\/media\/63692"}],"wp:attachment":[{"href":"https:\/\/nbg.eu\/sv\/wp-json\/wp\/v2\/media?parent=694240"}],"wp:term":[{"taxonomy":"product_brand","embeddable":true,"href":"https:\/\/nbg.eu\/sv\/wp-json\/wp\/v2\/product_brand?post=694240"},{"taxonomy":"product_cat","embeddable":true,"href":"https:\/\/nbg.eu\/sv\/wp-json\/wp\/v2\/product_cat?post=694240"},{"taxonomy":"product_tag","embeddable":true,"href":"https:\/\/nbg.eu\/sv\/wp-json\/wp\/v2\/product_tag?post=694240"}],"curies":[{"name":"wp","href":"https:\/\/api.w.org\/{rel}","templated":true}]}}