{"id":694264,"date":"2024-08-17T18:03:33","date_gmt":"2024-08-17T15:03:33","guid":{"rendered":"https:\/\/nbg.eu\/product\/sear-spring-kmr\/"},"modified":"2026-05-13T16:01:03","modified_gmt":"2026-05-13T13:01:03","slug":"sear-spring-kmr","status":"publish","type":"product","link":"https:\/\/nbg.eu\/sv\/produkt\/sear-spring-kmr\/","title":{"rendered":"KMR Avtrycksklackfj\u00e4der"},"content":{"rendered":"<h2>Sear Spring KMR: Precision Vapen \u00c5terkylskontroll<\/h2>\n<p>Introducing Sear Spring KMR, ett m\u00e5ngsidigt och h\u00f6gpresterande \u00e5terkylskontrollsystem utformat f\u00f6r ett brett utbud av vapensystem.<\/p>\n<p>Tillverkad av h\u00f6gkvalitativa material och noggrant konstruerad, kombinerar Sear Spring KMR avancerad teknik med h\u00e5llbarhet, vilket s\u00e4kerst\u00e4ller tillf\u00f6rlitlig prestanda i de mest kr\u00e4vande milj\u00f6erna. Den innovativa utformningen bidrar till att minska \u00e5terkylskraften, vilket m\u00f6jligg\u00f6r snabbare m\u00e5lf\u00f6rv\u00e4rvning, f\u00f6rb\u00e4ttrad precision och minskad utmattning f\u00f6r anv\u00e4ndaren.<\/p>\n<p>M\u00e5ngsidigt i sin till\u00e4mpning \u00e4r Sear Spring KMR kompatibel med ett brett utbud av vapen, fr\u00e5n gev\u00e4r och karabiner till pistoler och hagelgev\u00e4r. Den modul\u00e4ra konstruktionen m\u00f6jligg\u00f6r smidig integration, vilket s\u00e4kerst\u00e4ller en skr\u00e4ddarsydd passform f\u00f6r optimal prestanda.<\/p>\n<p>F\u00f6r Vapen KMR:<\/p>\n<p>KMR L-02 EMIQ<\/p>\n<p>KMR L-02 EMIQ (OR)<\/p>\n<p>KMR L-02 ORCA FR\u00c5N 2024<\/p>\n<p>KMR L-02 ORCA TILL 2023<\/p>\n<p>KMR L-02 SPECTRA FR\u00c5N 2024<\/p>\n<p>KMR L-02 SPECTRA TILL 2023<\/p>\n<p>KMR L-02 UMBRA (OR) SR<\/p>\n<p>KMR S-01 LANCE (OR)<\/p>\n<p>KMR S-02 FR\u00c5N 2024<\/p>\n<p>KMR S-02 TILL 2023<\/p>\n<p>KMR W-02 CUDA (OR)<\/p>\n<p>KMR W-02 UMBRA<\/p>\n<p>KMR W-02 UMBRA (OR)<\/p>\n","protected":false},"excerpt":{"rendered":"<p>Fj\u00e4derl\u00e5sring f\u00f6r KMR-vapen, kompatibel med olika modeller.<\/p>\n","protected":false},"featured_media":24840,"template":"","meta":{"_acf_changed":false},"product_brand":[11511],"product_cat":[13021,13003],"product_tag":[],"class_list":{"0":"post-694264","1":"product","2":"type-product","3":"status-publish","4":"has-post-thumbnail","6":"product_brand-kmr-precision","7":"product_cat-fjaedrar","8":"product_cat-kmr-delar","10":"first","11":"instock","12":"taxable","13":"shipping-taxable","14":"product-type-simple"},"acf":[],"_links":{"self":[{"href":"https:\/\/nbg.eu\/sv\/wp-json\/wp\/v2\/product\/694264","targetHints":{"allow":["GET"]}}],"collection":[{"href":"https:\/\/nbg.eu\/sv\/wp-json\/wp\/v2\/product"}],"about":[{"href":"https:\/\/nbg.eu\/sv\/wp-json\/wp\/v2\/types\/product"}],"wp:featuredmedia":[{"embeddable":true,"href":"https:\/\/nbg.eu\/sv\/wp-json\/wp\/v2\/media\/24840"}],"wp:attachment":[{"href":"https:\/\/nbg.eu\/sv\/wp-json\/wp\/v2\/media?parent=694264"}],"wp:term":[{"taxonomy":"product_brand","embeddable":true,"href":"https:\/\/nbg.eu\/sv\/wp-json\/wp\/v2\/product_brand?post=694264"},{"taxonomy":"product_cat","embeddable":true,"href":"https:\/\/nbg.eu\/sv\/wp-json\/wp\/v2\/product_cat?post=694264"},{"taxonomy":"product_tag","embeddable":true,"href":"https:\/\/nbg.eu\/sv\/wp-json\/wp\/v2\/product_tag?post=694264"}],"curies":[{"name":"wp","href":"https:\/\/api.w.org\/{rel}","templated":true}]}}