{"id":694309,"date":"2024-08-18T12:10:09","date_gmt":"2024-08-18T09:10:09","guid":{"rendered":"https:\/\/nbg.eu\/product\/sear-kmr\/"},"modified":"2026-05-13T15:10:52","modified_gmt":"2026-05-13T12:10:52","slug":"sear-kmr","status":"publish","type":"product","link":"https:\/\/nbg.eu\/sv\/produkt\/sear-kmr\/","title":{"rendered":"KMR Avtrycksklack"},"content":{"rendered":"<h2>KMR Precisions\u00e4rg<\/h2>\n<p>KMR-s\u00e4rgen \u00e4r en central intern komponent som \u00e4r utformad f\u00f6r de som kr\u00e4ver den yttersta prestandan i avtryckaren. Som den prim\u00e4ra l\u00e4nken i t\u00e4ndningssystemet h\u00e5ller s\u00e4rgen tillbaka sp\u00e4rren tills exakt \u00f6gonblick f\u00f6r utl\u00f6sning. Denna \u00e4kta KMR-del \u00e4r konstruerad f\u00f6r att ge det rena, &#8221;glasstavs&#8221;-brott som har blivit k\u00e4nnetecknet f\u00f6r KMR-m\u00e4rket.<\/p>\n<h3>T\u00e4vlingsklass t\u00e4ndning<\/h3>\n<p>KMR-s\u00e4rgens geometri \u00e4r noggrant ber\u00e4knad f\u00f6r att minimera friktion och \u00f6verslag. Genom att anv\u00e4nda h\u00f6gkvalitativt, h\u00e4rdat st\u00e5l s\u00e4kerst\u00e4ller KMR att engagemangskanter f\u00f6rblir vassa och konsekventa \u00f6ver hundratusentals cykler. Oavsett om du bygger en anpassad t\u00e4vlingsrig eller \u00e5terst\u00e4ller din pistol till fabriksny prestanda, \u00e4r denna s\u00e4rg nyckeln till en upprepbar och s\u00e4ker avtryckarfunktion.<\/p>\n<h3>Tekniska specifikationer:<\/h3>\n<ul>\n<li><strong>H\u00f6gkolet h\u00e4rdat st\u00e5l:<\/strong> Smitt f\u00f6r extrem h\u00e5llbarhet och motst\u00e5nd mot ytslitage vid engagemangs-punkten.<\/li>\n<li><strong>Precision tillverkad:<\/strong> Tillverkad enligt de h\u00f6gsta toleranserna f\u00f6r att s\u00e4kerst\u00e4lla ett perfekt gr\u00e4nssnitt med sp\u00e4rrhakarna.<\/li>\n<li><strong>Optimerad \u00e5terst\u00e4llningsgeometri:<\/strong> Utformad f\u00f6r att underl\u00e4tta en kort, positiv \u00e5terst\u00e4llning f\u00f6r snabbare uppf\u00f6ljningsskott i dynamiska skjutscenarier.<\/li>\n<li><strong>Universal KMR-passform:<\/strong> Kompatibel med KMR L-02 och W-02 seriens ramar.<\/li>\n<\/ul>\n<h3>Nyckelf\u00f6rdelar:<\/h3>\n<ul>\n<li><strong>Eliminera avtryckarfriktion:<\/strong> Ger ett krispigt, omedelbart utl\u00f6sande som f\u00f6rb\u00e4ttrar noggrannheten genom att minska risken f\u00f6r att dra skottet.<\/li>\n<li><strong>F\u00f6rb\u00e4ttrad s\u00e4kerhet:<\/strong> Precisionslipade ytor s\u00e4kerst\u00e4ller en s\u00e4ker sp\u00e4rrenhet, uppr\u00e4tth\u00e5ller mekanisk s\u00e4kerhet \u00e4ven vid h\u00e5rd anv\u00e4ndning.<\/li>\n<li><strong>Monteringsf\u00e4rdig kvalitet:<\/strong> \u00c4ven om vapensmedsanpassning alltid rekommenderas f\u00f6r de finaste avtryckarna, ger denna OEM-del den mest tillf\u00f6rlitliga grunden f\u00f6r ett professionellt avtryckararbete.<\/li>\n<\/ul>\n<p><em><strong>Obs:<\/strong> Eftersom s\u00e4rgen \u00e4r en kritisk s\u00e4kerhetskomponent rekommenderar KMR att installation och eventuell efterf\u00f6ljande polering utf\u00f6rs av en kvalificerad vapensmed f\u00f6r att s\u00e4kerst\u00e4lla korrekt s\u00e4rg-till-sp\u00e4rr-engagemang.<\/em><\/p>\n","protected":false},"excerpt":{"rendered":"<p>1110-00106-0401<\/p>\n","protected":false},"featured_media":25811,"template":"","meta":{"_acf_changed":false},"product_brand":[11511],"product_cat":[13003],"product_tag":[],"class_list":{"0":"post-694309","1":"product","2":"type-product","3":"status-publish","4":"has-post-thumbnail","6":"product_brand-kmr-precision","7":"product_cat-kmr-delar","9":"first","10":"instock","11":"taxable","12":"shipping-taxable","13":"product-type-simple"},"acf":[],"_links":{"self":[{"href":"https:\/\/nbg.eu\/sv\/wp-json\/wp\/v2\/product\/694309","targetHints":{"allow":["GET"]}}],"collection":[{"href":"https:\/\/nbg.eu\/sv\/wp-json\/wp\/v2\/product"}],"about":[{"href":"https:\/\/nbg.eu\/sv\/wp-json\/wp\/v2\/types\/product"}],"wp:featuredmedia":[{"embeddable":true,"href":"https:\/\/nbg.eu\/sv\/wp-json\/wp\/v2\/media\/25811"}],"wp:attachment":[{"href":"https:\/\/nbg.eu\/sv\/wp-json\/wp\/v2\/media?parent=694309"}],"wp:term":[{"taxonomy":"product_brand","embeddable":true,"href":"https:\/\/nbg.eu\/sv\/wp-json\/wp\/v2\/product_brand?post=694309"},{"taxonomy":"product_cat","embeddable":true,"href":"https:\/\/nbg.eu\/sv\/wp-json\/wp\/v2\/product_cat?post=694309"},{"taxonomy":"product_tag","embeddable":true,"href":"https:\/\/nbg.eu\/sv\/wp-json\/wp\/v2\/product_tag?post=694309"}],"curies":[{"name":"wp","href":"https:\/\/api.w.org\/{rel}","templated":true}]}}