{"id":694438,"date":"2024-09-16T12:21:06","date_gmt":"2024-09-16T09:21:06","guid":{"rendered":"https:\/\/nbg.eu\/product\/slide-stop-spring-pin-kmr\/"},"modified":"2026-05-13T16:40:28","modified_gmt":"2026-05-13T13:40:28","slug":"slide-stop-spring-pin-kmr","status":"publish","type":"product","link":"https:\/\/nbg.eu\/sv\/produkt\/slide-stop-spring-pin-kmr\/","title":{"rendered":"KMR Stift f\u00f6r Mantelsp\u00e4rrfj\u00e4der Centerfire"},"content":{"rendered":"<h2>SLIDE STOP SPRING PIN KMR Centerfire<\/h2>\n<p>Uppgradera din vapens prestanda med SLIDE STOP SPRING PIN KMR Centerfire, utformad f\u00f6r smidig kompatibilitet med ett stort antal vapenmodeller. Denna precisionskonstruerade komponent s\u00e4kerst\u00e4ller en smidig och tillf\u00f6rlitlig funktion, vilket f\u00f6rb\u00e4ttrar din skjutupplevelse. Tillverkad med stor omsorg om detaljer \u00e4r SLIDE STOP SPRING PIN KMR Centerfire en m\u00e5ste-ha-accessoar f\u00f6r vapenentusiaster som s\u00f6ker att optimera sin handeldvapens funktionalitet.<\/p>\n<p>Precisionstillverkning: Tillverkad med yttersta omsorg om detaljer \u00e4r SLIDE STOP SPRING PIN KMR Centerfire utformad f\u00f6r att ge en smidig och tillf\u00f6rlitlig prestanda, vilket s\u00e4kerst\u00e4ller att ditt vapen fungerar p\u00e5 topp. Dess noggranna konstruktion och h\u00f6gkvalitativa material g\u00f6r den till ett p\u00e5litligt val bland vapenentusiaster.<\/p>\n<p>F\u00f6rb\u00e4ttra din skjutupplevelse: Uppgradera din Centerfire-vapen med SLIDE STOP SPRING PIN KMR Centerfire och upplev skillnaden i din skjutprestanda. Denna accessoar \u00e4r ett ov\u00e4rderligt till\u00e4gg till varje vapenentusiastens arsenal, som erbjuder f\u00f6rb\u00e4ttrad funktionalitet och tillf\u00f6rlitlighet.<\/p>\n","protected":false},"excerpt":{"rendered":"<p>L\u00e5sstopparfj\u00e4derspinnen f\u00f6r KMR-vapen.<\/p>\n","protected":false},"featured_media":22352,"template":"","meta":{"_acf_changed":false},"product_brand":[11511],"product_cat":[13021,13003],"product_tag":[],"class_list":{"0":"post-694438","1":"product","2":"type-product","3":"status-publish","4":"has-post-thumbnail","6":"product_brand-kmr-precision","7":"product_cat-fjaedrar","8":"product_cat-kmr-delar","10":"first","11":"instock","12":"taxable","13":"shipping-taxable","14":"product-type-simple"},"acf":[],"_links":{"self":[{"href":"https:\/\/nbg.eu\/sv\/wp-json\/wp\/v2\/product\/694438","targetHints":{"allow":["GET"]}}],"collection":[{"href":"https:\/\/nbg.eu\/sv\/wp-json\/wp\/v2\/product"}],"about":[{"href":"https:\/\/nbg.eu\/sv\/wp-json\/wp\/v2\/types\/product"}],"wp:featuredmedia":[{"embeddable":true,"href":"https:\/\/nbg.eu\/sv\/wp-json\/wp\/v2\/media\/22352"}],"wp:attachment":[{"href":"https:\/\/nbg.eu\/sv\/wp-json\/wp\/v2\/media?parent=694438"}],"wp:term":[{"taxonomy":"product_brand","embeddable":true,"href":"https:\/\/nbg.eu\/sv\/wp-json\/wp\/v2\/product_brand?post=694438"},{"taxonomy":"product_cat","embeddable":true,"href":"https:\/\/nbg.eu\/sv\/wp-json\/wp\/v2\/product_cat?post=694438"},{"taxonomy":"product_tag","embeddable":true,"href":"https:\/\/nbg.eu\/sv\/wp-json\/wp\/v2\/product_tag?post=694438"}],"curies":[{"name":"wp","href":"https:\/\/api.w.org\/{rel}","templated":true}]}}