{"id":694465,"date":"2024-09-16T14:36:57","date_gmt":"2024-09-16T11:36:57","guid":{"rendered":"https:\/\/nbg.eu\/product\/slide-stop-27-kmr\/"},"modified":"2026-02-02T18:40:58","modified_gmt":"2026-02-02T15:40:58","slug":"slide-stop-27-kmr","status":"publish","type":"product","link":"https:\/\/nbg.eu\/sv\/produkt\/slide-stop-27-kmr\/","title":{"rendered":"SKJUT\u00d6PPNING 27 KMR"},"content":{"rendered":"<h2>SLIDE STOP 27 KMR &#8211; P\u00e5litlig vapens\u00e4kerhet och indikator f\u00f6r laddning<\/h2>\n<p>SLIDE STOP 27 KMR \u00e4r en n\u00f6dv\u00e4ndig funktion som f\u00f6rb\u00e4ttrar s\u00e4kerheten och funktionaliteten hos ditt vapen. N\u00e4r magasinet \u00e4r tomt l\u00e5ser sig vapenl\u00e5set automatiskt i bakre position, vilket ger en tydlig visuell signal att magasinet beh\u00f6ver bytas.<\/p>\n<p>Denna funktion m\u00f6jligg\u00f6r smidig omladdning, eftersom skytt\u0435\u043d kan trycka ned vapenl\u00e5sets sp\u00e4rrfunktion f\u00f6r att frig\u00f6ra l\u00e5set och ladda f\u00f6rsta patronen i kammaren n\u00e4r ett nytt magasin har satts i. SLIDE STOP 27 KMR fungerar som en p\u00e5litlig s\u00e4kerhetsmekanism och f\u00f6rhindrar oavsiktlig avfyrning tills magasinet \u00e4r ordentligt s\u00e4krat och vapnet \u00e4r redo att anv\u00e4ndas.<\/p>\n<p>Tillverkad med precision och omsorg \u00e4r SLIDE STOP 27 KMR ett v\u00e4rdefullt tillskott till alla vapen och s\u00e4kerst\u00e4ller en tryggare och mer effektiv skjutupplevelse. Oavsett om du \u00e4r en erfaren skytt eller en nyb\u00f6rjare kommer denna funktion att ge dig den trygghet och sj\u00e4lvf\u00f6rtroende du beh\u00f6ver p\u00e5 skjutbanan eller i f\u00e4lt.<\/p>\n<p>F\u00f6r vapen KMR<br \/>\nKMR L-02 SPECTRA TILL 2023<br \/>\nKMR W-02 CUDA (OR)<br \/>\nKMR W-02 UMBRA<br \/>\nKMR W-02 UMBRA (OR)<\/p>\n","protected":false},"excerpt":{"rendered":"<p>Skjutl\u00e5sfunktionen l\u00e5ser automatiskt skjutbanan n\u00e4r magasinet \u00e4r tomt, m\u00f6jligg\u00f6r laddning av ny ammunition och f\u00f6rhindrar oavsiktlig avfyrning.<\/p>\n","protected":false},"featured_media":25880,"template":"","meta":{"_acf_changed":false},"product_brand":[11511],"product_cat":[13003],"product_tag":[],"class_list":{"0":"post-694465","1":"product","2":"type-product","3":"status-publish","4":"has-post-thumbnail","6":"product_brand-kmr-precision","7":"product_cat-kmr-delar","9":"first","10":"instock","11":"taxable","12":"shipping-taxable","13":"product-type-simple"},"acf":[],"_links":{"self":[{"href":"https:\/\/nbg.eu\/sv\/wp-json\/wp\/v2\/product\/694465","targetHints":{"allow":["GET"]}}],"collection":[{"href":"https:\/\/nbg.eu\/sv\/wp-json\/wp\/v2\/product"}],"about":[{"href":"https:\/\/nbg.eu\/sv\/wp-json\/wp\/v2\/types\/product"}],"wp:featuredmedia":[{"embeddable":true,"href":"https:\/\/nbg.eu\/sv\/wp-json\/wp\/v2\/media\/25880"}],"wp:attachment":[{"href":"https:\/\/nbg.eu\/sv\/wp-json\/wp\/v2\/media?parent=694465"}],"wp:term":[{"taxonomy":"product_brand","embeddable":true,"href":"https:\/\/nbg.eu\/sv\/wp-json\/wp\/v2\/product_brand?post=694465"},{"taxonomy":"product_cat","embeddable":true,"href":"https:\/\/nbg.eu\/sv\/wp-json\/wp\/v2\/product_cat?post=694465"},{"taxonomy":"product_tag","embeddable":true,"href":"https:\/\/nbg.eu\/sv\/wp-json\/wp\/v2\/product_tag?post=694465"}],"curies":[{"name":"wp","href":"https:\/\/api.w.org\/{rel}","templated":true}]}}