{"id":694579,"date":"2024-08-17T18:04:38","date_gmt":"2024-08-17T15:04:38","guid":{"rendered":"https:\/\/nbg.eu\/product\/slide-stop-spring-kmr\/"},"modified":"2026-05-13T15:09:55","modified_gmt":"2026-05-13T12:09:55","slug":"slide-stop-spring-kmr","status":"publish","type":"product","link":"https:\/\/nbg.eu\/sv\/produkt\/slide-stop-spring-kmr\/","title":{"rendered":"KMR Mantelsp\u00e4rrfj\u00e4der"},"content":{"rendered":"<h2>Slide Stop Fj\u00e4der KMR<\/h2>\n<p>Denna fj\u00e4der \u00e4r en vital komponent f\u00f6r ett brett utbud av vapensystem inom KMR-serien. Den \u00e4r utformad f\u00f6r att erbjuda tillf\u00f6rlitlig och konsekvent prestanda.<\/p>\n<p>Tillverkad med precision och uppm\u00e4rksamhet p\u00e5 detaljer s\u00e4kerst\u00e4ller denna fj\u00e4der en smidig och tillf\u00f6rlitlig drift, vilket bidrar till den \u00f6vergripande prestandan och tillf\u00f6rlitligheten hos ditt vapensystem. Dess h\u00e5llbara konstruktion och precisa teknik g\u00f6r den till en avg\u00f6rande komponent f\u00f6r att uppr\u00e4tth\u00e5lla integriteten och funktionaliteten hos dina KMR-kompatibla skjutvapen.<\/p>\n<p>Denna fj\u00e4der \u00e4r ett n\u00f6dv\u00e4ndigt tillbeh\u00f6r f\u00f6r att h\u00e5lla din KMR-utrustade enhet i toppskick. Investera i denna h\u00f6gkvalitativa komponent f\u00f6r att s\u00e4kerst\u00e4lla fortsatt tillf\u00f6rlitlighet och smidig funktion hos ditt skjutvapen.<\/p>\n<p>F\u00f6r Vapen KMR:<\/p>\n<p>KMR L-02 EMIQ<\/p>\n<p>KMR L-02 EMIQ (OR)<\/p>\n<p>KMR L-02 ORCA TILL 2023<\/p>\n<p>KMR L-02 SPECTRA FR\u00c5N 2024<\/p>\n<p>KMR L-02 SPECTRA TILL 2023<\/p>\n<p>KMR L-02 UMBRA (OR) SR<\/p>\n<p>KMR S-01 LANCE (OR)<\/p>\n<p>KMR S-02 FR\u00c5N 2024<\/p>\n<p>KMR S-02 TILL 2023<\/p>\n<p>KMR W-02 CUDA (OR)<\/p>\n<p>KMR W-02 UMBRA<\/p>\n<p>KMR W-02 UMBRA (OR)<\/p>\n","protected":false},"excerpt":{"rendered":"<p>Stoppfj\u00e4der f\u00f6r glidreglage KMR &#8211; Kompatibel med olika KMR-vapen.<\/p>\n","protected":false},"featured_media":24888,"template":"","meta":{"_acf_changed":false},"product_brand":[11511],"product_cat":[13021,13003],"product_tag":[],"class_list":{"0":"post-694579","1":"product","2":"type-product","3":"status-publish","4":"has-post-thumbnail","6":"product_brand-kmr-precision","7":"product_cat-fjaedrar","8":"product_cat-kmr-delar","10":"first","11":"instock","12":"taxable","13":"shipping-taxable","14":"product-type-simple"},"acf":[],"_links":{"self":[{"href":"https:\/\/nbg.eu\/sv\/wp-json\/wp\/v2\/product\/694579","targetHints":{"allow":["GET"]}}],"collection":[{"href":"https:\/\/nbg.eu\/sv\/wp-json\/wp\/v2\/product"}],"about":[{"href":"https:\/\/nbg.eu\/sv\/wp-json\/wp\/v2\/types\/product"}],"wp:featuredmedia":[{"embeddable":true,"href":"https:\/\/nbg.eu\/sv\/wp-json\/wp\/v2\/media\/24888"}],"wp:attachment":[{"href":"https:\/\/nbg.eu\/sv\/wp-json\/wp\/v2\/media?parent=694579"}],"wp:term":[{"taxonomy":"product_brand","embeddable":true,"href":"https:\/\/nbg.eu\/sv\/wp-json\/wp\/v2\/product_brand?post=694579"},{"taxonomy":"product_cat","embeddable":true,"href":"https:\/\/nbg.eu\/sv\/wp-json\/wp\/v2\/product_cat?post=694579"},{"taxonomy":"product_tag","embeddable":true,"href":"https:\/\/nbg.eu\/sv\/wp-json\/wp\/v2\/product_tag?post=694579"}],"curies":[{"name":"wp","href":"https:\/\/api.w.org\/{rel}","templated":true}]}}