{"id":694719,"date":"2024-08-17T15:43:53","date_gmt":"2024-08-17T12:43:53","guid":{"rendered":"https:\/\/nbg.eu\/product\/thumbrest-4-48-alu-black-kmr\/"},"modified":"2026-05-13T16:03:17","modified_gmt":"2026-05-13T13:03:17","slug":"thumbrest-4-48-alu-black-kmr","status":"publish","type":"product","link":"https:\/\/nbg.eu\/sv\/produkt\/thumbrest-4-48-alu-black-kmr\/","title":{"rendered":"KMR Tumst\u00f6d 4-48\u00b0 ALU Svart f\u00f6r Orca 2023"},"content":{"rendered":"<h2>TUMST\u00d6D 4-48\u00b0 ALU SVART KMR<\/h2>\n<p>F\u00f6rb\u00e4ttra din skjutupplevelse med TUMST\u00d6D 4-48\u00b0 ALU SVART KMR. Denna innovativa tillbeh\u00f6r ger ett bekv\u00e4mt och stabilt grepp p\u00e5 ditt vapen, vilket g\u00f6r att du kan uppr\u00e4tth\u00e5lla b\u00e4ttre kontroll och precision vid skytte.<\/p>\n<p>Utformad f\u00f6r anv\u00e4ndning med vapen KMR, s\u00e4rskilt KMR L-02 ORCA-modellen fram till 2023, har tumst\u00f6det ett m\u00e5ngsidigt justeringsintervall p\u00e5 4-48\u00b0. Denna justerbarhet s\u00e4kerst\u00e4ller en anpassad passform som tillgodoser din personliga skjutstil och preferenser.<\/p>\n<p>F\u00f6rb\u00e4ttra din skjutprestanda och h\u00f6j din kontroll med TUMST\u00d6D 4-48\u00b0 ALU SVART KMR. H\u00f6j din skjutupplevelse och ta din skicklighet till en ny niv\u00e5.<\/p>\n","protected":false},"excerpt":{"rendered":"<p>Bekv\u00e4mt grepp, stabiliserad pistol, b\u00e4ttre kontroll f\u00f6r KMR L-02 ORCA.<\/p>\n","protected":false},"featured_media":24259,"template":"","meta":{"_acf_changed":false},"product_brand":[11511],"product_cat":[13003],"product_tag":[],"class_list":{"0":"post-694719","1":"product","2":"type-product","3":"status-publish","4":"has-post-thumbnail","6":"product_brand-kmr-precision","7":"product_cat-kmr-delar","9":"first","10":"instock","11":"taxable","12":"shipping-taxable","13":"product-type-simple"},"acf":[],"_links":{"self":[{"href":"https:\/\/nbg.eu\/sv\/wp-json\/wp\/v2\/product\/694719","targetHints":{"allow":["GET"]}}],"collection":[{"href":"https:\/\/nbg.eu\/sv\/wp-json\/wp\/v2\/product"}],"about":[{"href":"https:\/\/nbg.eu\/sv\/wp-json\/wp\/v2\/types\/product"}],"wp:featuredmedia":[{"embeddable":true,"href":"https:\/\/nbg.eu\/sv\/wp-json\/wp\/v2\/media\/24259"}],"wp:attachment":[{"href":"https:\/\/nbg.eu\/sv\/wp-json\/wp\/v2\/media?parent=694719"}],"wp:term":[{"taxonomy":"product_brand","embeddable":true,"href":"https:\/\/nbg.eu\/sv\/wp-json\/wp\/v2\/product_brand?post=694719"},{"taxonomy":"product_cat","embeddable":true,"href":"https:\/\/nbg.eu\/sv\/wp-json\/wp\/v2\/product_cat?post=694719"},{"taxonomy":"product_tag","embeddable":true,"href":"https:\/\/nbg.eu\/sv\/wp-json\/wp\/v2\/product_tag?post=694719"}],"curies":[{"name":"wp","href":"https:\/\/api.w.org\/{rel}","templated":true}]}}