{"id":694777,"date":"2024-08-17T16:53:09","date_gmt":"2024-08-17T13:53:09","guid":{"rendered":"https:\/\/nbg.eu\/product\/thumbrest-for-kmr-red-dot-sight-frame-mount-alu-black\/"},"modified":"2026-04-16T19:19:28","modified_gmt":"2026-04-16T16:19:28","slug":"thumbrest-for-kmr-red-dot-sight-frame-mount-alu-black","status":"publish","type":"product","link":"https:\/\/nbg.eu\/sv\/produkt\/thumbrest-for-kmr-red-dot-sight-frame-mount-alu-black\/","title":{"rendered":"KMR Tumst\u00f6d for Red Dot Sight Frame-Mount ALU Svart"},"content":{"rendered":"<h2>Tumst\u00f6d f\u00f6r KMR Red Dot Sight Frame-Mount Alu &#8211; Svart<\/h2>\n<p>Uppn\u00e5 \u00f6verl\u00e4gsen hantering av \u00e5terkoyl och konsekvent handindexering f\u00f6r dina rammonteradesiktessystem med Tumst\u00f6d f\u00f6r KMR Red Dot Sight Frame-Mount Alu &#8211; Svart. Tillverkad av h\u00f6gkvalitativt CNC-bearbetad aluminium, \u00e4r detta tillbeh\u00f6r s\u00e4rskilt utformat f\u00f6r KMR-rammonteringsm\u00f6nster, med en aggressiv &#8221;gaspedal&#8221;-textur och en mattsvart anodiserad finish.<\/p>\n<p>Tumst\u00f6det ger en dedikerad h\u00e4vst\u00e5ngspunkt f\u00f6r tummen p\u00e5 ditt st\u00f6dhand, vilket g\u00f6r att du kan motverka pipa-uppf\u00e4llning genom att applicera ned\u00e5triktad kraft direkt p\u00e5 ramen, oberoende av skjutmekanismen. Denna innovativa design m\u00f6jligg\u00f6r betydligt snabbare m\u00e5lomlokalisering och hj\u00e4lper dig att bibeh\u00e5lla en plattare skjutprofil under snabba skottserier.<\/p>\n","protected":false},"excerpt":{"rendered":"<p>Tumst\u00f6d f\u00f6r KMR-r\u00f6dpricksikte ram-montering &#8211; svart. Ger \u00f6verl\u00e4gsen rekylhantering och konsekvent handsindexering f\u00f6r ramupph\u00e4ngda optiska system.<\/p>\n","protected":false},"featured_media":24282,"template":"","meta":{"_acf_changed":false},"product_brand":[11511],"product_cat":[13003],"product_tag":[],"class_list":{"0":"post-694777","1":"product","2":"type-product","3":"status-publish","4":"has-post-thumbnail","6":"product_brand-kmr-precision","7":"product_cat-kmr-delar","9":"first","10":"instock","11":"taxable","12":"shipping-taxable","13":"product-type-simple"},"acf":[],"_links":{"self":[{"href":"https:\/\/nbg.eu\/sv\/wp-json\/wp\/v2\/product\/694777","targetHints":{"allow":["GET"]}}],"collection":[{"href":"https:\/\/nbg.eu\/sv\/wp-json\/wp\/v2\/product"}],"about":[{"href":"https:\/\/nbg.eu\/sv\/wp-json\/wp\/v2\/types\/product"}],"wp:featuredmedia":[{"embeddable":true,"href":"https:\/\/nbg.eu\/sv\/wp-json\/wp\/v2\/media\/24282"}],"wp:attachment":[{"href":"https:\/\/nbg.eu\/sv\/wp-json\/wp\/v2\/media?parent=694777"}],"wp:term":[{"taxonomy":"product_brand","embeddable":true,"href":"https:\/\/nbg.eu\/sv\/wp-json\/wp\/v2\/product_brand?post=694777"},{"taxonomy":"product_cat","embeddable":true,"href":"https:\/\/nbg.eu\/sv\/wp-json\/wp\/v2\/product_cat?post=694777"},{"taxonomy":"product_tag","embeddable":true,"href":"https:\/\/nbg.eu\/sv\/wp-json\/wp\/v2\/product_tag?post=694777"}],"curies":[{"name":"wp","href":"https:\/\/api.w.org\/{rel}","templated":true}]}}