{"id":694802,"date":"2024-09-17T08:12:35","date_gmt":"2024-09-17T05:12:35","guid":{"rendered":"https:\/\/nbg.eu\/product\/trigger-bar-sa-kmr-l\/"},"modified":"2026-05-13T15:59:48","modified_gmt":"2026-05-13T12:59:48","slug":"trigger-bar-sa-kmr-l","status":"publish","type":"product","link":"https:\/\/nbg.eu\/sv\/produkt\/trigger-bar-sa-kmr-l\/","title":{"rendered":"KMR Avtryckarst\u00e5ng SA L"},"content":{"rendered":"<h2>Trigger Bar SA KMR L<\/h2>\n<p>Trigger Bar SA KMR L \u00e4r en kritisk inre komponent f\u00f6r KMR L-modellen av pistol i enkelverkande (SA) konfiguration. Denna komponent \u00f6verf\u00f6r avtryckarr\u00f6relsen till t\u00e4ndmekanismen, vilket m\u00f6jligg\u00f6r en smidig och p\u00e5litlig funktion hos vapnet.<\/p>\n<p>Konstruerad f\u00f6r anv\u00e4ndning med f\u00f6ljande KMR-modeller:<\/p>\n<ul>\n<p>KMR L-02 EMIQ<\/p>\n<p>KMR L-02 EMIQ (OR)<\/p>\n<p>KMR L-02 ORCA TILL 2023<\/p>\n<\/ul>\n<p>Referensnummer 0900-00303-0900<\/p>\n","protected":false},"excerpt":{"rendered":"<p>Avtryckare utl\u00f6ser r\u00f6relse till avfyrningsmekanism p\u00e5 KMR L SA-pistol.<\/p>\n","protected":false},"featured_media":63619,"template":"","meta":{"_acf_changed":false},"product_brand":[11511],"product_cat":[13003],"product_tag":[],"class_list":{"0":"post-694802","1":"product","2":"type-product","3":"status-publish","4":"has-post-thumbnail","6":"product_brand-kmr-precision","7":"product_cat-kmr-delar","9":"first","10":"outofstock","11":"taxable","12":"shipping-taxable","13":"product-type-simple"},"acf":[],"_links":{"self":[{"href":"https:\/\/nbg.eu\/sv\/wp-json\/wp\/v2\/product\/694802","targetHints":{"allow":["GET"]}}],"collection":[{"href":"https:\/\/nbg.eu\/sv\/wp-json\/wp\/v2\/product"}],"about":[{"href":"https:\/\/nbg.eu\/sv\/wp-json\/wp\/v2\/types\/product"}],"wp:featuredmedia":[{"embeddable":true,"href":"https:\/\/nbg.eu\/sv\/wp-json\/wp\/v2\/media\/63619"}],"wp:attachment":[{"href":"https:\/\/nbg.eu\/sv\/wp-json\/wp\/v2\/media?parent=694802"}],"wp:term":[{"taxonomy":"product_brand","embeddable":true,"href":"https:\/\/nbg.eu\/sv\/wp-json\/wp\/v2\/product_brand?post=694802"},{"taxonomy":"product_cat","embeddable":true,"href":"https:\/\/nbg.eu\/sv\/wp-json\/wp\/v2\/product_cat?post=694802"},{"taxonomy":"product_tag","embeddable":true,"href":"https:\/\/nbg.eu\/sv\/wp-json\/wp\/v2\/product_tag?post=694802"}],"curies":[{"name":"wp","href":"https:\/\/api.w.org\/{rel}","templated":true}]}}