{"id":694836,"date":"2024-09-17T08:32:39","date_gmt":"2024-09-17T05:32:39","guid":{"rendered":"https:\/\/nbg.eu\/product\/trigger-bar-sa-da-kmr-w\/"},"modified":"2026-05-13T16:00:55","modified_gmt":"2026-05-13T13:00:55","slug":"trigger-bar-sa-da-kmr-w","status":"publish","type":"product","link":"https:\/\/nbg.eu\/sv\/produkt\/trigger-bar-sa-da-kmr-w\/","title":{"rendered":"KMR Avtryckarst\u00e5ng SA\/DA W"},"content":{"rendered":"<h2>Trigger Bar SA\/DA KMR W<\/h2>\n<p>En intern pistolkomponent som \u00f6verf\u00f6r triggerr\u00f6relse till avfyringsmekanismen p\u00e5 KMR W-modellen b\u00e5de i enkel-aktion och dubbel-aktion (SA\/DA). Den h\u00e4r m\u00e5ngsidiga triggerbaren \u00e4r utformad f\u00f6r att smidigt integrera med f\u00f6ljande KMR-vapnensmodeller:<\/p>\n<ul>\n<p>KMR S-01 LANCE (OR)<\/p>\n<p>KMR S-02 FROM 2024<\/p>\n<p>KMR S-02 UNTIL 2023<\/p>\n<p>KMR W-02 CUDA UNTIL 2023<\/p>\n<p>KMR W-02 UMBRA<\/p>\n<p>KMR W-02 UMBRA (OR)<\/p>\n<\/ul>\n<p>Referensnummer: 0900-00401-0900.<\/p>\n","protected":false},"excerpt":{"rendered":"<p>Sp\u00e4rrar utl\u00f6ser r\u00f6relse till avtryckarmekanismen p\u00e5 KMR W-modeller, SA\/DA.<\/p>\n","protected":false},"featured_media":25534,"template":"","meta":{"_acf_changed":false},"product_brand":[11511],"product_cat":[13003],"product_tag":[],"class_list":{"0":"post-694836","1":"product","2":"type-product","3":"status-publish","4":"has-post-thumbnail","6":"product_brand-kmr-precision","7":"product_cat-kmr-delar","9":"first","10":"instock","11":"taxable","12":"shipping-taxable","13":"product-type-simple"},"acf":[],"_links":{"self":[{"href":"https:\/\/nbg.eu\/sv\/wp-json\/wp\/v2\/product\/694836","targetHints":{"allow":["GET"]}}],"collection":[{"href":"https:\/\/nbg.eu\/sv\/wp-json\/wp\/v2\/product"}],"about":[{"href":"https:\/\/nbg.eu\/sv\/wp-json\/wp\/v2\/types\/product"}],"wp:featuredmedia":[{"embeddable":true,"href":"https:\/\/nbg.eu\/sv\/wp-json\/wp\/v2\/media\/25534"}],"wp:attachment":[{"href":"https:\/\/nbg.eu\/sv\/wp-json\/wp\/v2\/media?parent=694836"}],"wp:term":[{"taxonomy":"product_brand","embeddable":true,"href":"https:\/\/nbg.eu\/sv\/wp-json\/wp\/v2\/product_brand?post=694836"},{"taxonomy":"product_cat","embeddable":true,"href":"https:\/\/nbg.eu\/sv\/wp-json\/wp\/v2\/product_cat?post=694836"},{"taxonomy":"product_tag","embeddable":true,"href":"https:\/\/nbg.eu\/sv\/wp-json\/wp\/v2\/product_tag?post=694836"}],"curies":[{"name":"wp","href":"https:\/\/api.w.org\/{rel}","templated":true}]}}