{"id":694858,"date":"2024-08-17T17:23:25","date_gmt":"2024-08-17T14:23:25","guid":{"rendered":"https:\/\/nbg.eu\/product\/trigger-bar-spring-kmr\/"},"modified":"2026-02-26T12:13:56","modified_gmt":"2026-02-26T09:13:56","slug":"trigger-bar-spring-kmr","status":"publish","type":"product","link":"https:\/\/nbg.eu\/sv\/produkt\/trigger-bar-spring-kmr\/","title":{"rendered":"Fj\u00e4dersp\u00e4nda avtryckarlisten KMR"},"content":{"rendered":"<h2>Triggerst\u00e5ngsfj\u00e4der KMR f\u00f6r vapen KMR<\/h2>\n<p>Konstruerad med precision och h\u00e5llbarhet s\u00e4kerst\u00e4ller denna fj\u00e4der en smidig och tillf\u00f6rlitlig avtryckarfunktion f\u00f6r dessa avancerade vapensystem. Dess robusta konstruktion och noggrant utformade design levererar konsekvent prestanda, \u00e4ven i de mest kr\u00e4vande milj\u00f6er.<\/p>\n<p>Oavsett om du \u00e4r en professionell skytt eller en passionerad entusiast \u00e4r denna del en n\u00f6dv\u00e4ndig reservdel f\u00f6r att uppr\u00e4tth\u00e5lla optimal funktionalitet i dina KMR-vapen. Investera i denna h\u00f6gkvalitativa komponent f\u00f6r att h\u00e5lla dina skjutvapen i toppskick.<\/p>\n<p>F\u00f6r vapen KMR:<\/p>\n<p>KMR L-02 SPECTRA FR\u00c5N 2024<\/p>\n<p>KMR L-02 SPECTRA TILL 2023<\/p>\n<p>KMR L-02 UMBRA (OR) SR<\/p>\n<p>KMR S-01 LANCE (OR)<\/p>\n<p>KMR S-02 FR\u00c5N 2024<\/p>\n<p>KMR S-02 TILL 2023<\/p>\n<p>KMR W-02 CUDA (OR)<\/p>\n<p>KMR W-02 UMBRA<\/p>\n<p>KMR W-02 UMBRA (OR)<\/p>\n","protected":false},"excerpt":{"rendered":"<p>Tryckst\u00e5ng Fj\u00e4der f\u00f6r KMR-modeller.<\/p>\n","protected":false},"featured_media":24652,"template":"","meta":{"_acf_changed":false},"product_brand":[11511],"product_cat":[13021,13003],"product_tag":[],"class_list":{"0":"post-694858","1":"product","2":"type-product","3":"status-publish","4":"has-post-thumbnail","6":"product_brand-kmr-precision","7":"product_cat-fjaedrar","8":"product_cat-kmr-delar","10":"first","11":"instock","12":"taxable","13":"shipping-taxable","14":"product-type-simple"},"acf":[],"_links":{"self":[{"href":"https:\/\/nbg.eu\/sv\/wp-json\/wp\/v2\/product\/694858","targetHints":{"allow":["GET"]}}],"collection":[{"href":"https:\/\/nbg.eu\/sv\/wp-json\/wp\/v2\/product"}],"about":[{"href":"https:\/\/nbg.eu\/sv\/wp-json\/wp\/v2\/types\/product"}],"wp:featuredmedia":[{"embeddable":true,"href":"https:\/\/nbg.eu\/sv\/wp-json\/wp\/v2\/media\/24652"}],"wp:attachment":[{"href":"https:\/\/nbg.eu\/sv\/wp-json\/wp\/v2\/media?parent=694858"}],"wp:term":[{"taxonomy":"product_brand","embeddable":true,"href":"https:\/\/nbg.eu\/sv\/wp-json\/wp\/v2\/product_brand?post=694858"},{"taxonomy":"product_cat","embeddable":true,"href":"https:\/\/nbg.eu\/sv\/wp-json\/wp\/v2\/product_cat?post=694858"},{"taxonomy":"product_tag","embeddable":true,"href":"https:\/\/nbg.eu\/sv\/wp-json\/wp\/v2\/product_tag?post=694858"}],"curies":[{"name":"wp","href":"https:\/\/api.w.org\/{rel}","templated":true}]}}