{"id":694955,"date":"2024-08-18T11:20:42","date_gmt":"2024-08-18T08:20:42","guid":{"rendered":"https:\/\/nbg.eu\/product\/trigger-bar-sa-da-kmr-l\/"},"modified":"2026-02-05T11:31:13","modified_gmt":"2026-02-05T08:31:13","slug":"trigger-bar-sa-da-kmr-l","status":"publish","type":"product","link":"https:\/\/nbg.eu\/sv\/produkt\/trigger-bar-sa-da-kmr-l\/","title":{"rendered":"Avtryckare med enkelt\/dubbelt utl\u00f6se KMR L"},"content":{"rendered":"<h2>Trigger Bar SA\/DA KMR L<\/h2>\n<p>Trigger Bar SA\/DA KMR L \u00e4r en v\u00e4sentlig intern komponent f\u00f6r KMR L-modellen, vilket m\u00f6jligg\u00f6r b\u00e5de enkelt-aktion (SA) och dubbel-aktion (DA) drift. Denna komponent \u00f6verf\u00f6r triggerns r\u00f6relse till t\u00e4ndmekanismen, vilket s\u00e4kerst\u00e4ller tillf\u00f6rlitlig och precis avfyrning i b\u00e5da l\u00e4gena.<\/p>\n<p>F\u00f6r vapen KMR:<\/p>\n<p>KMR L-02 SPECTRA FR.O.M. 2024<\/p>\n<p>KMR L-02 SPECTRA TILL 2023<\/p>\n<p>KMR L-02 UMBRA FR.O.M. 2024<\/p>\n<p>KMR L-02 UMBRA TILL 2023<\/p>\n","protected":false},"excerpt":{"rendered":"<p>\u00d6verf\u00f6ringar utl\u00f6ser r\u00f6relse i SA\/DA f\u00f6r KMR L-modeller<\/p>\n","protected":false},"featured_media":25557,"template":"","meta":{"_acf_changed":false},"product_brand":[11511],"product_cat":[13003],"product_tag":[],"class_list":{"0":"post-694955","1":"product","2":"type-product","3":"status-publish","4":"has-post-thumbnail","6":"product_brand-kmr-precision","7":"product_cat-kmr-delar","9":"first","10":"instock","11":"taxable","12":"shipping-taxable","13":"product-type-simple"},"acf":[],"_links":{"self":[{"href":"https:\/\/nbg.eu\/sv\/wp-json\/wp\/v2\/product\/694955","targetHints":{"allow":["GET"]}}],"collection":[{"href":"https:\/\/nbg.eu\/sv\/wp-json\/wp\/v2\/product"}],"about":[{"href":"https:\/\/nbg.eu\/sv\/wp-json\/wp\/v2\/types\/product"}],"wp:featuredmedia":[{"embeddable":true,"href":"https:\/\/nbg.eu\/sv\/wp-json\/wp\/v2\/media\/25557"}],"wp:attachment":[{"href":"https:\/\/nbg.eu\/sv\/wp-json\/wp\/v2\/media?parent=694955"}],"wp:term":[{"taxonomy":"product_brand","embeddable":true,"href":"https:\/\/nbg.eu\/sv\/wp-json\/wp\/v2\/product_brand?post=694955"},{"taxonomy":"product_cat","embeddable":true,"href":"https:\/\/nbg.eu\/sv\/wp-json\/wp\/v2\/product_cat?post=694955"},{"taxonomy":"product_tag","embeddable":true,"href":"https:\/\/nbg.eu\/sv\/wp-json\/wp\/v2\/product_tag?post=694955"}],"curies":[{"name":"wp","href":"https:\/\/api.w.org\/{rel}","templated":true}]}}