{"id":695133,"date":"2024-08-16T23:17:10","date_gmt":"2024-08-16T20:17:10","guid":{"rendered":"https:\/\/nbg.eu\/product\/trigger-hammer-pin-kmr\/"},"modified":"2026-05-13T16:02:03","modified_gmt":"2026-05-13T13:02:03","slug":"trigger-hammer-pin-kmr","status":"publish","type":"product","link":"https:\/\/nbg.eu\/sv\/produkt\/trigger-hammer-pin-kmr\/","title":{"rendered":"KMR Avtryckare &amp; Hammer Pin"},"content":{"rendered":"<h2>AVTRYCKARE- OCH HAKELSP\u00c4RR-STIFT<\/h2>\n<p>Uppgradera din eldvapens prestanda med AVTRYCKARE- OCH HAKELSP\u00c4RR-STIFTET, en premiumers\u00e4ttningskomponent som utformats f\u00f6r att f\u00f6rb\u00e4ttra avtryckartrycket och den \u00f6vergripande skjutupplevelsen. Tillverkad av h\u00f6gkvalitativa material \u00e4r detta stiftsset konstruerat f\u00f6r att ge en j\u00e4mn och konsekvent avtryckarfunktion, vilket ger f\u00f6rb\u00e4ttrad precision och kontroll.<\/p>\n<p>Med sin precisionsfr\u00e4sta design s\u00e4kerst\u00e4ller AVTRYCKARE- OCH HAKELSP\u00c4RR-STIFTET en perfekt passform i din eldvapen, vilket minimerar spel och f\u00f6rb\u00e4ttrar avtryckarreaktionen. Dess h\u00e5llbara konstruktion \u00e4r byggd f\u00f6r att t\u00e5la frekvent anv\u00e4ndning, vilket garanterar l\u00e5ngvarig tillf\u00f6rlitlighet och prestanda.<\/p>\n<p>Utformad som en enkel ers\u00e4ttning \u00e4r AVTRYCKARE- OCH HAKELSP\u00c4RR-STIFTET l\u00e4tt att installera, vilket g\u00f6r att du snabbt och enkelt kan uppgradera din eldvapen utan att beh\u00f6va specialverktyg eller omfattande modifieringar. Oavsett om du \u00e4r en t\u00e4vlingsskytt, en taktisk operat\u00f6r eller en passionerad hobbyskytt kommer detta stiftsset att h\u00f6ja dina skjutf\u00f6rm\u00e5gor och ta din eldvapens prestanda till en ny niv\u00e5.<\/p>\n<p>F\u00f6r KMR-vapen, s\u00e5som:<br \/>\nKMR L-02 EMIQ<br \/>\nKMR L-02 EMIQ (OR)<br \/>\nKMR L-02 ORCA FR\u00c5N 2024<br \/>\nKMR L-02 ORCA FRAM TILL 2023<br \/>\nKMR L-02 SPECTRA FR\u00c5N 2024<br \/>\nKMR L-02 SPECTRA FRAM TILL 2023<br \/>\nKMR L-02 UMBRA FR\u00c5N 2024<br \/>\nKMR L-02 UMBRA FRAM TILL 2023<br \/>\nKMR S-01 LANCE (OR)<br \/>\nKMR S-02 FR\u00c5N 2024<br \/>\nKMR S-02 FRAM TILL 2023<br \/>\nKMR W-02 CUDA FR\u00c5N 2024<br \/>\nKMR W-02 CUDA FRAM TILL 2023<br \/>\nKMR W-02 UMBRA<br \/>\nKMR W-02 UMBRA (OR)<\/p>\n","protected":false},"excerpt":{"rendered":"<p>H\u00f6gkvalitativ avtryckar- och hammarspik f\u00f6r KMR-pistoler, precisionstillverkad.<\/p>\n","protected":false},"featured_media":720205,"template":"","meta":{"_acf_changed":false},"product_brand":[11511],"product_cat":[13003],"product_tag":[],"class_list":{"0":"post-695133","1":"product","2":"type-product","3":"status-publish","4":"has-post-thumbnail","6":"product_brand-kmr-precision","7":"product_cat-kmr-delar","9":"first","10":"instock","11":"taxable","12":"shipping-taxable","13":"product-type-simple"},"acf":[],"_links":{"self":[{"href":"https:\/\/nbg.eu\/sv\/wp-json\/wp\/v2\/product\/695133","targetHints":{"allow":["GET"]}}],"collection":[{"href":"https:\/\/nbg.eu\/sv\/wp-json\/wp\/v2\/product"}],"about":[{"href":"https:\/\/nbg.eu\/sv\/wp-json\/wp\/v2\/types\/product"}],"wp:featuredmedia":[{"embeddable":true,"href":"https:\/\/nbg.eu\/sv\/wp-json\/wp\/v2\/media\/720205"}],"wp:attachment":[{"href":"https:\/\/nbg.eu\/sv\/wp-json\/wp\/v2\/media?parent=695133"}],"wp:term":[{"taxonomy":"product_brand","embeddable":true,"href":"https:\/\/nbg.eu\/sv\/wp-json\/wp\/v2\/product_brand?post=695133"},{"taxonomy":"product_cat","embeddable":true,"href":"https:\/\/nbg.eu\/sv\/wp-json\/wp\/v2\/product_cat?post=695133"},{"taxonomy":"product_tag","embeddable":true,"href":"https:\/\/nbg.eu\/sv\/wp-json\/wp\/v2\/product_tag?post=695133"}],"curies":[{"name":"wp","href":"https:\/\/api.w.org\/{rel}","templated":true}]}}