{"id":695187,"date":"2024-08-16T23:16:32","date_gmt":"2024-08-16T20:16:32","guid":{"rendered":"https:\/\/nbg.eu\/product\/trigger-pin-kmr\/"},"modified":"2026-05-13T16:03:22","modified_gmt":"2026-05-13T13:03:22","slug":"trigger-pin-kmr","status":"publish","type":"product","link":"https:\/\/nbg.eu\/sv\/produkt\/trigger-pin-kmr\/","title":{"rendered":"KMR Avtryckarstift"},"content":{"rendered":"<h2>Precisionlutande f\u00f6r KMR-pistoler<\/h2>\n<p>L\u00e5s upp hela potentialen hos din KMR-pistol med v\u00e5r premiumutl\u00f6sare. Tillverkad av h\u00e4rdat verktyglsst\u00e5l med en mycket sl\u00e4t ytfinish ger denna komponent den stabila, l\u00e5gfriktions pivotaxel som kr\u00e4vs f\u00f6r att din avtryckare ska rotera s\u00f6ml\u00f6st. Till skillnad fr\u00e5n originaldelar eliminerar v\u00e5r avtryckare laterala &#8221;sv\u00e4ngningar&#8221; och s\u00e4kerst\u00e4ller en konsekvent, repetitiv avtryckarr\u00f6relse och f\u00f6rhindrar slitage p\u00e5 ramen efter tusentals cykler.<\/p>\n<p>Konstruerad enligt noggranna KMR-toleranser ger v\u00e5r avtryckare en perfekt passform och integreras s\u00f6ml\u00f6st med din pistols fabriksavtryckarenhet. Detta h\u00f6gpresterande, h\u00e5llbara konstruktion optimerar den kritiska kopplingen mellan ditt finger och avtryckanordningen, vilket resulterar i f\u00f6rb\u00e4ttrad precision, exakthet och kontroll vid varje skott.<\/p>\n<p>Oavsett om du \u00e4r en t\u00e4vlingsskytt som s\u00f6ker att finjustera din utrustning eller en fritidsanv\u00e4ndare som vill uppgradera din KMR, \u00e4r v\u00e5r avtryckare det fattande ledet f\u00f6r att l\u00e5sa upp vapnets fulla potential. Upplev skillnaden som en verkligt precis, friktion fri avtryckarr\u00f6relse kan g\u00f6ra f\u00f6r din prestanda och tillf\u00f6rlitlighet.<\/p>\n","protected":false},"excerpt":{"rendered":"<p>Precisionssv\u00e4ngaxel f\u00f6r avtryckarmonteringen. Precisionsslipade h\u00e4rdade verktygsst\u00e5l, extremt sl\u00e4t ytfinish och exakt passande diameter f\u00f6r KMR:s fabrikstoleranser. Ger den stabila, l\u00e5gfriktions sv\u00e4ngaxel som kr\u00e4vs f\u00f6r att avtryckaren ska rotera smidigt; den h\u00f6gh\u00e5llfasta konstruktionen eliminerar sidv\u00e4gandes &#8220;slingring&#8221; och s\u00e4kerst\u00e4ller ett konsekvent, upprepbart avtryck och f\u00f6rhindrar ramslitage efter tusentals cykler.<\/p>\n","protected":false},"featured_media":23745,"template":"","meta":{"_acf_changed":false},"product_brand":[11511],"product_cat":[13003],"product_tag":[],"class_list":{"0":"post-695187","1":"product","2":"type-product","3":"status-publish","4":"has-post-thumbnail","6":"product_brand-kmr-precision","7":"product_cat-kmr-delar","9":"first","10":"instock","11":"taxable","12":"shipping-taxable","13":"product-type-simple"},"acf":[],"_links":{"self":[{"href":"https:\/\/nbg.eu\/sv\/wp-json\/wp\/v2\/product\/695187","targetHints":{"allow":["GET"]}}],"collection":[{"href":"https:\/\/nbg.eu\/sv\/wp-json\/wp\/v2\/product"}],"about":[{"href":"https:\/\/nbg.eu\/sv\/wp-json\/wp\/v2\/types\/product"}],"wp:featuredmedia":[{"embeddable":true,"href":"https:\/\/nbg.eu\/sv\/wp-json\/wp\/v2\/media\/23745"}],"wp:attachment":[{"href":"https:\/\/nbg.eu\/sv\/wp-json\/wp\/v2\/media?parent=695187"}],"wp:term":[{"taxonomy":"product_brand","embeddable":true,"href":"https:\/\/nbg.eu\/sv\/wp-json\/wp\/v2\/product_brand?post=695187"},{"taxonomy":"product_cat","embeddable":true,"href":"https:\/\/nbg.eu\/sv\/wp-json\/wp\/v2\/product_cat?post=695187"},{"taxonomy":"product_tag","embeddable":true,"href":"https:\/\/nbg.eu\/sv\/wp-json\/wp\/v2\/product_tag?post=695187"}],"curies":[{"name":"wp","href":"https:\/\/api.w.org\/{rel}","templated":true}]}}