{"id":695226,"date":"2024-08-17T17:20:46","date_gmt":"2024-08-17T14:20:46","guid":{"rendered":"https:\/\/nbg.eu\/product\/trigger-spring-sa-da-kmr\/"},"modified":"2026-05-13T16:03:42","modified_gmt":"2026-05-13T13:03:42","slug":"trigger-spring-sa-da-kmr","status":"publish","type":"product","link":"https:\/\/nbg.eu\/sv\/produkt\/trigger-spring-sa-da-kmr\/","title":{"rendered":"KMR Avtryckarfj\u00e4der SA\/DA"},"content":{"rendered":"<h2>Trigger Spring SA\/DA KMR: F\u00f6rb\u00e4ttrad vapenprestanda p\u00e5 flera plattformar<\/h2>\n<p>Trigger Spring SA\/DA KMR \u00e4r ett m\u00e5ngsidig och tillf\u00f6rlitlig tillbeh\u00f6r som \u00e4r utformad f\u00f6r att f\u00f6rb\u00e4ttra funktionaliteten hos olika vapen i KMR-serien. Kompatibel med ett brett utbud av modeller, denna avtryckarsats s\u00e4kerst\u00e4ller s\u00f6ml\u00f6s integration och f\u00f6rb\u00e4ttrad prestanda f\u00f6r ditt skjutvapen.<\/p>\n<p>Oavsett om du \u00e4r en t\u00e4vlingsskytt, en taktisk entusiast eller en ansvarsfull vapen\u00e4gare, \u00e4r Trigger Spring SA\/DA KMR ett m\u00e5ste-ha-tillbeh\u00f6r f\u00f6r att optimera din vapens prestanda. H\u00f6j din skjutupplevelse med denna tillf\u00f6rlitliga och m\u00e5ngsidiga komponent.<\/p>\n<p>F\u00f6r vapen KMR:<\/p>\n<p>KMR L-02 SPECTRA FR.O.M. 2024<\/p>\n<p>KMR L-02 SPECTRA FRAM TILL 2023<\/p>\n<p>KMR L-02 UMBRA (OR) SR<\/p>\n<p>KMR S-01 LANCE (OR)<\/p>\n<p>KMR S-02 FR.O.M. 2024<\/p>\n<p>KMR S-02 FRAM TILL 2023<\/p>\n<p>KMR W-02 CUDA (OR)<\/p>\n<p>KMR W-02 UMBRA<\/p>\n<p>KMR W-02 UMBRA (OR)<\/p>\n","protected":false},"excerpt":{"rendered":"<p>Avtryckarfj\u00e4der SA\/DA KMR f\u00f6r KMR L-02 SPECTRA, S-01 LANCE, S-02, W-02 CUDA\/UMBRA vapen.<\/p>\n","protected":false},"featured_media":24605,"template":"","meta":{"_acf_changed":false},"product_brand":[11511],"product_cat":[13021,13003,15036],"product_tag":[],"class_list":{"0":"post-695226","1":"product","2":"type-product","3":"status-publish","4":"has-post-thumbnail","6":"product_brand-kmr-precision","7":"product_cat-fjaedrar","8":"product_cat-kmr-delar","9":"product_cat-trigger-springs-sv","11":"first","12":"instock","13":"taxable","14":"shipping-taxable","15":"product-type-simple"},"acf":[],"_links":{"self":[{"href":"https:\/\/nbg.eu\/sv\/wp-json\/wp\/v2\/product\/695226","targetHints":{"allow":["GET"]}}],"collection":[{"href":"https:\/\/nbg.eu\/sv\/wp-json\/wp\/v2\/product"}],"about":[{"href":"https:\/\/nbg.eu\/sv\/wp-json\/wp\/v2\/types\/product"}],"wp:featuredmedia":[{"embeddable":true,"href":"https:\/\/nbg.eu\/sv\/wp-json\/wp\/v2\/media\/24605"}],"wp:attachment":[{"href":"https:\/\/nbg.eu\/sv\/wp-json\/wp\/v2\/media?parent=695226"}],"wp:term":[{"taxonomy":"product_brand","embeddable":true,"href":"https:\/\/nbg.eu\/sv\/wp-json\/wp\/v2\/product_brand?post=695226"},{"taxonomy":"product_cat","embeddable":true,"href":"https:\/\/nbg.eu\/sv\/wp-json\/wp\/v2\/product_cat?post=695226"},{"taxonomy":"product_tag","embeddable":true,"href":"https:\/\/nbg.eu\/sv\/wp-json\/wp\/v2\/product_tag?post=695226"}],"curies":[{"name":"wp","href":"https:\/\/api.w.org\/{rel}","templated":true}]}}