{"id":695249,"date":"2024-09-18T13:32:40","date_gmt":"2024-09-18T10:32:40","guid":{"rendered":"https:\/\/nbg.eu\/product\/trigger-spring-sa-kmr\/"},"modified":"2026-05-13T16:03:09","modified_gmt":"2026-05-13T13:03:09","slug":"trigger-spring-sa-kmr","status":"publish","type":"product","link":"https:\/\/nbg.eu\/sv\/produkt\/trigger-spring-sa-kmr\/","title":{"rendered":"KMR Avtryckarfj\u00e4der SA"},"content":{"rendered":"<h2>H\u00f6gpresterande uppgradering f\u00f6r Vapen KMR<\/h2>\n<p>H\u00f6j prestandan p\u00e5 dina KMR-vapen med avtryckarfj\u00e4dern, en precisionskonstruerad reservdel som \u00e4r utformad f\u00f6r smidig kompatibilitet. Tillverkad av premiummaterial, ger denna avtryckarfj\u00e4der en j\u00e4mn och konsekvent avtryckarr\u00f6relse f\u00f6r f\u00f6rb\u00e4ttrad skjutnoggrannhet och kontroll.<\/p>\n<p>Konstruerad med noggrann uppm\u00e4rksamhet p\u00e5 detaljer, har avtryckarfj\u00e4dern en noggrant kalibrerad fj\u00e4dersp\u00e4nning som s\u00e4kerst\u00e4ller ett distinkt och f\u00f6ruts\u00e4gbart avtryckarrespons. Denna uppgradering fr\u00e4mjar f\u00f6rb\u00e4ttrad avtryckarkontroll, vilket m\u00f6jligg\u00f6r mer exakt tr\u00e4ffplacering och snabbare m\u00e5linriktning.<\/p>\n<p>Tillverkad av h\u00e5llbara, h\u00f6gkvalitativa material \u00e4r avtryckarfj\u00e4dern konstruerad f\u00f6r att t\u00e5la p\u00e5frestningarna fr\u00e5n frekvent anv\u00e4ndning. Dess robusta design och tillf\u00f6rlitliga prestanda g\u00f6r den till en n\u00f6dv\u00e4ndig uppgradering f\u00f6r alla som s\u00f6ker att h\u00f6ja f\u00f6rm\u00e5gorna hos sina KMR-vapen.<\/p>\n<p>Oavsett om du \u00e4r en t\u00e4vlingsskytt, en taktisk operat\u00f6r eller en rekreationsentusiast, \u00e4r avtryckarfj\u00e4dern det perfekta valet f\u00f6r att f\u00f6rb\u00e4ttra prestandan hos dina KMR-skjutvapen. Upplev skillnaden som en h\u00f6gkvalitativ avtryckarfj\u00e4der kan g\u00f6ra och ta din skytte till nya h\u00f6jder.<\/p>\n","protected":false},"excerpt":{"rendered":"<p>Utbytesutl\u00f6sarfj\u00e4der f\u00f6r KMR-vapensmodeller L-02 EMIQ och ORCA (fram till 2023).<\/p>\n","protected":false},"featured_media":24605,"template":"","meta":{"_acf_changed":false},"product_brand":[11511],"product_cat":[13021,13003,15036],"product_tag":[],"class_list":{"0":"post-695249","1":"product","2":"type-product","3":"status-publish","4":"has-post-thumbnail","6":"product_brand-kmr-precision","7":"product_cat-fjaedrar","8":"product_cat-kmr-delar","9":"product_cat-trigger-springs-sv","11":"first","12":"instock","13":"taxable","14":"shipping-taxable","15":"product-type-simple"},"acf":[],"_links":{"self":[{"href":"https:\/\/nbg.eu\/sv\/wp-json\/wp\/v2\/product\/695249","targetHints":{"allow":["GET"]}}],"collection":[{"href":"https:\/\/nbg.eu\/sv\/wp-json\/wp\/v2\/product"}],"about":[{"href":"https:\/\/nbg.eu\/sv\/wp-json\/wp\/v2\/types\/product"}],"wp:featuredmedia":[{"embeddable":true,"href":"https:\/\/nbg.eu\/sv\/wp-json\/wp\/v2\/media\/24605"}],"wp:attachment":[{"href":"https:\/\/nbg.eu\/sv\/wp-json\/wp\/v2\/media?parent=695249"}],"wp:term":[{"taxonomy":"product_brand","embeddable":true,"href":"https:\/\/nbg.eu\/sv\/wp-json\/wp\/v2\/product_brand?post=695249"},{"taxonomy":"product_cat","embeddable":true,"href":"https:\/\/nbg.eu\/sv\/wp-json\/wp\/v2\/product_cat?post=695249"},{"taxonomy":"product_tag","embeddable":true,"href":"https:\/\/nbg.eu\/sv\/wp-json\/wp\/v2\/product_tag?post=695249"}],"curies":[{"name":"wp","href":"https:\/\/api.w.org\/{rel}","templated":true}]}}