{"id":696293,"date":"2025-12-22T17:18:06","date_gmt":"2025-12-22T14:18:06","guid":{"rendered":"https:\/\/nbg.eu\/product\/atlas-duffel-bag\/"},"modified":"2026-04-15T14:46:19","modified_gmt":"2026-04-15T11:46:19","slug":"atlas-duffel-bag","status":"publish","type":"product","link":"https:\/\/nbg.eu\/sv\/produkt\/atlas-duffel-bag\/","title":{"rendered":"Eberlestock Duffelv\u00e4ska Atlas"},"content":{"rendered":"<h2>Atlas Duffel: B\u00e4ra dina saker med stil och l\u00e4tthet<\/h2>\n<p>Atlas Duffel \u00e4r lillebror till v\u00e5r popul\u00e4ra Hercules Duffel och erbjuder alla de funktioner som folk \u00e4lskar. Med ett stort huvudfack, stoppade fack, sex yttre dragkedsfickor och en h\u00e5rdskalig bottendel \u00e4r denna t\u00e5liga duffelbag designad f\u00f6r att h\u00e5lla dina saker organiserade och skyddade.<\/p>\n<p>S\u00e4krad med l\u00e5sbara YKK-dragkedjor garanterar Atlas Duffel att dina tillh\u00f6righeter \u00e4r s\u00e4kra, \u00e4ven i de tuffaste f\u00f6rh\u00e5llandena. Det medf\u00f6ljande regnskyddet ger ett extra skyddslager som skyddar ditt utrustning fr\u00e5n fukt och damm.<\/p>\n<p>Med imponerande m\u00e5tt p\u00e5 29,5H x 16B x 16D, en volym p\u00e5 5 844 c.i. \/ 95,77 l och en vikt p\u00e5 12 lb 12 oz, erbjuder Atlas Duffel gott om utrymme f\u00f6r all din v\u00e4sentliga utrustning. Den 4 tum djupa bottendelen ger en bekv\u00e4m plats att f\u00f6rvara saker som du beh\u00f6ver snabb \u00e5tkomst till.<\/p>\n<p>Tillverkad med en h\u00e5rdskalig botten och praktiska hjul \u00e4r Atlas Duffel byggd f\u00f6r att st\u00e5 emot resans strapatser. Dess interna fickor och anpassningsbara kardborrfack l\u00e5ter dig skr\u00e4ddarsy organiseringen efter dina specifika behov, vilket g\u00f6r den till den perfekta f\u00f6ljeslagaren p\u00e5 dina \u00e4ventyr.<\/p>\n","protected":false},"excerpt":{"rendered":"<p>Den atlasiska duschbagen \u00e4r en rymlig och m\u00e5ngsidig v\u00e4ska med en h\u00e5rdsidig bas, stoppade skiljev\u00e4ggar och ett regn\u00f6verdrag f\u00f6r allv\u00e4derskydd.<\/p>\n","protected":false},"featured_media":696375,"template":"","meta":{"_acf_changed":false},"product_brand":[15158],"product_cat":[12993],"product_tag":[],"class_list":{"0":"post-696293","1":"product","2":"type-product","3":"status-publish","4":"has-post-thumbnail","6":"product_brand-eberlestock","7":"product_cat-skjutvaeskor","9":"first","10":"instock","11":"taxable","12":"shipping-taxable","13":"purchasable","14":"product-type-variable","15":"wvs-archive-product-wrapper"},"acf":[],"_links":{"self":[{"href":"https:\/\/nbg.eu\/sv\/wp-json\/wp\/v2\/product\/696293","targetHints":{"allow":["GET"]}}],"collection":[{"href":"https:\/\/nbg.eu\/sv\/wp-json\/wp\/v2\/product"}],"about":[{"href":"https:\/\/nbg.eu\/sv\/wp-json\/wp\/v2\/types\/product"}],"wp:featuredmedia":[{"embeddable":true,"href":"https:\/\/nbg.eu\/sv\/wp-json\/wp\/v2\/media\/696375"}],"wp:attachment":[{"href":"https:\/\/nbg.eu\/sv\/wp-json\/wp\/v2\/media?parent=696293"}],"wp:term":[{"taxonomy":"product_brand","embeddable":true,"href":"https:\/\/nbg.eu\/sv\/wp-json\/wp\/v2\/product_brand?post=696293"},{"taxonomy":"product_cat","embeddable":true,"href":"https:\/\/nbg.eu\/sv\/wp-json\/wp\/v2\/product_cat?post=696293"},{"taxonomy":"product_tag","embeddable":true,"href":"https:\/\/nbg.eu\/sv\/wp-json\/wp\/v2\/product_tag?post=696293"}],"curies":[{"name":"wp","href":"https:\/\/api.w.org\/{rel}","templated":true}]}}