{"id":696682,"date":"2025-12-22T15:43:37","date_gmt":"2025-12-22T12:43:37","guid":{"rendered":"https:\/\/nbg.eu\/product\/uppdragsstormipaket-multicam\/"},"modified":"2026-04-15T14:46:33","modified_gmt":"2026-04-15T11:46:33","slug":"uppdragsstormipaket-multicam","status":"publish","type":"product","link":"https:\/\/nbg.eu\/sv\/produkt\/uppdragsstormipaket-multicam\/","title":{"rendered":"Eberlestock Stormryggs\u00e4ck Mission &#8211; Multicam"},"content":{"rendered":"<h2>Mission Assault Pack &#8211; Multicam<\/h2>\n<p>Konstruerad fr\u00e5n grunden f\u00f6r att passa in i g\u00e5rden, Assault Pack paras ihop med Mission Frame f\u00f6r ett str\u00f6mlinjeformat, lastk\u00e4rande system. Med en uppsj\u00f6 av organisatoriska funktioner, s\u00e4ker och justerbar passform och snabb \u00e5tkomst till insidan, h\u00e5ller Assault Pack dig p\u00e5 m\u00e5let. M\u00f6jligheten att ytterligare l\u00e4gga till tillbeh\u00f6r och funktioner via Mission EMOD-systemet \u00f6kar bara denna ryggs\u00e4cks kapacitet ytterligare.<\/p>\n<p>Med en vikt p\u00e5 1 lb 12 oz, \u00e4r Assault Pack byggd med h\u00e5llbara 500D Ripstop-material och erbjuder ett gener\u00f6st 2 000 kubiktum kapacitet f\u00f6r att rymma ditt n\u00f6dv\u00e4ndiga utrustning.<\/p>\n","protected":false},"excerpt":{"rendered":"<p>M\u00e5ngsidig, modul\u00e4r stridss\u00e4ck med organisatoriska funktioner och EMOD-kompatibilitet.<\/p>\n","protected":false},"featured_media":696711,"template":"","meta":{"_acf_changed":false},"product_brand":[15158],"product_cat":[12997],"product_tag":[],"class_list":{"0":"post-696682","1":"product","2":"type-product","3":"status-publish","4":"has-post-thumbnail","6":"product_brand-eberlestock","7":"product_cat-ryggsaeckar","9":"first","10":"outofstock","11":"taxable","12":"shipping-taxable","13":"purchasable","14":"product-type-variable","15":"wvs-archive-product-wrapper"},"acf":[],"_links":{"self":[{"href":"https:\/\/nbg.eu\/sv\/wp-json\/wp\/v2\/product\/696682","targetHints":{"allow":["GET"]}}],"collection":[{"href":"https:\/\/nbg.eu\/sv\/wp-json\/wp\/v2\/product"}],"about":[{"href":"https:\/\/nbg.eu\/sv\/wp-json\/wp\/v2\/types\/product"}],"wp:featuredmedia":[{"embeddable":true,"href":"https:\/\/nbg.eu\/sv\/wp-json\/wp\/v2\/media\/696711"}],"wp:attachment":[{"href":"https:\/\/nbg.eu\/sv\/wp-json\/wp\/v2\/media?parent=696682"}],"wp:term":[{"taxonomy":"product_brand","embeddable":true,"href":"https:\/\/nbg.eu\/sv\/wp-json\/wp\/v2\/product_brand?post=696682"},{"taxonomy":"product_cat","embeddable":true,"href":"https:\/\/nbg.eu\/sv\/wp-json\/wp\/v2\/product_cat?post=696682"},{"taxonomy":"product_tag","embeddable":true,"href":"https:\/\/nbg.eu\/sv\/wp-json\/wp\/v2\/product_tag?post=696682"}],"curies":[{"name":"wp","href":"https:\/\/api.w.org\/{rel}","templated":true}]}}