{"id":697065,"date":"2025-12-22T16:18:10","date_gmt":"2025-12-22T13:18:10","guid":{"rendered":"https:\/\/nbg.eu\/product\/mission-zipper-extension-multicam\/"},"modified":"2026-04-15T14:46:26","modified_gmt":"2026-04-15T11:46:26","slug":"mission-zipper-extension-multicam","status":"publish","type":"product","link":"https:\/\/nbg.eu\/sv\/produkt\/mission-zipper-extension-multicam\/","title":{"rendered":"Eberlestock Dragkedjef\u00f6rl\u00e4ngning Mission EMOD &#8211; Multicam"},"content":{"rendered":"<h2>Mission Blixtl\u00e5s-f\u00f6rl\u00e4ngning-Multicam<\/h2>\n<p>Mission Blixtl\u00e5s-f\u00f6rl\u00e4ngningen kombinerar syfte och funktion f\u00f6r anv\u00e4ndaren. Blixtl\u00e5s-f\u00f6rl\u00e4ngningen f\u00e4sts p\u00e5 framsidan av Mission EMOD-ramen och \u00e4r utformad f\u00f6r att anv\u00e4ndas med Mission ARC och en Mission Pack f\u00f6r att \u00f6ka din utrustningskapacitet och m\u00e5ngsidighet. MOLLE-v\u00e4ven och den dubbla lagerkonstruktionen med 500D laminat ger dig de funktioner som beh\u00f6vs f\u00f6r effektiv kabelhantering, dra antenner och f\u00e4sta tornikett. Mission Blixtl\u00e5s-f\u00f6rl\u00e4ngningen fungerar som en viktig f\u00e4st f\u00f6r att f\u00f6rst\u00e4rka din prestation i f\u00e4lt.<\/p>\n<h2>Dimensioner<\/h2>\n<p>Dimensioner: 15&#8243; x 3&#8243;<\/p>\n<h2>Funktioner<\/h2>\n<ul>\n<li>500D tyg<\/li>\n<li>YKK blixtl\u00e5s<\/li>\n<li>Dubbel laminat<\/li>\n<\/ul>\n","protected":false},"excerpt":{"rendered":"<p>Den Mission Dragkedja F\u00f6rl\u00e4ngning-Multicam \u00f6kar utrustningskapaciteten med MOLLE-v\u00e4vning och 500D laminatkonstruktion f\u00f6r kabelhantering och antennstyrning.<\/p>\n","protected":false},"featured_media":697092,"template":"","meta":{"_acf_changed":false},"product_brand":[15158],"product_cat":[12997],"product_tag":[],"class_list":{"0":"post-697065","1":"product","2":"type-product","3":"status-publish","4":"has-post-thumbnail","6":"product_brand-eberlestock","7":"product_cat-ryggsaeckar","9":"first","10":"instock","11":"taxable","12":"shipping-taxable","13":"purchasable","14":"product-type-variable","15":"wvs-archive-product-wrapper"},"acf":[],"_links":{"self":[{"href":"https:\/\/nbg.eu\/sv\/wp-json\/wp\/v2\/product\/697065","targetHints":{"allow":["GET"]}}],"collection":[{"href":"https:\/\/nbg.eu\/sv\/wp-json\/wp\/v2\/product"}],"about":[{"href":"https:\/\/nbg.eu\/sv\/wp-json\/wp\/v2\/types\/product"}],"wp:featuredmedia":[{"embeddable":true,"href":"https:\/\/nbg.eu\/sv\/wp-json\/wp\/v2\/media\/697092"}],"wp:attachment":[{"href":"https:\/\/nbg.eu\/sv\/wp-json\/wp\/v2\/media?parent=697065"}],"wp:term":[{"taxonomy":"product_brand","embeddable":true,"href":"https:\/\/nbg.eu\/sv\/wp-json\/wp\/v2\/product_brand?post=697065"},{"taxonomy":"product_cat","embeddable":true,"href":"https:\/\/nbg.eu\/sv\/wp-json\/wp\/v2\/product_cat?post=697065"},{"taxonomy":"product_tag","embeddable":true,"href":"https:\/\/nbg.eu\/sv\/wp-json\/wp\/v2\/product_tag?post=697065"}],"curies":[{"name":"wp","href":"https:\/\/api.w.org\/{rel}","templated":true}]}}