{"id":697217,"date":"2025-12-22T16:34:07","date_gmt":"2025-12-22T13:34:07","guid":{"rendered":"https:\/\/nbg.eu\/product\/uppdrag-ram-emod-multicam\/"},"modified":"2026-04-15T14:46:23","modified_gmt":"2026-04-15T11:46:23","slug":"uppdrag-ram-emod-multicam","status":"publish","type":"product","link":"https:\/\/nbg.eu\/sv\/produkt\/uppdrag-ram-emod-multicam\/","title":{"rendered":"Eberlestock Ram Mission EMOD &#8211; Multicam"},"content":{"rendered":"<h2>Mission Frame- EMOD -Multicam<\/h2>\n<p>Grunden f\u00f6r Mission EMOD, Mission Frame, ger en robust, modular och kompakt utg\u00e5ngspunkt f\u00f6r din nya utrustning. Efter m\u00e5nga timmar av testning och utveckling tillsammans med specialstyrkeoperat\u00f6rer fr\u00e5n alla grenar, har denna ram utformats f\u00f6r att passa och fungera s\u00f6ml\u00f6st tillsammans med din utrustning, b\u00e5de p\u00e5 och av din person.<\/p>\n<p>Dimensioner: 2 LB 15 OZ<\/p>\n","protected":false},"excerpt":{"rendered":"<p>Den robusta, modul\u00e4ra och kompakta utg\u00e5ngspunkten f\u00f6r din utrustning, konstruerad f\u00f6r specialstyrkor.<\/p>\n","protected":false},"featured_media":697380,"template":"","meta":{"_acf_changed":false},"product_brand":[15158],"product_cat":[12997],"product_tag":[],"class_list":{"0":"post-697217","1":"product","2":"type-product","3":"status-publish","4":"has-post-thumbnail","6":"product_brand-eberlestock","7":"product_cat-ryggsaeckar","9":"first","10":"instock","11":"taxable","12":"shipping-taxable","13":"purchasable","14":"product-type-variable","15":"wvs-archive-product-wrapper"},"acf":[],"_links":{"self":[{"href":"https:\/\/nbg.eu\/sv\/wp-json\/wp\/v2\/product\/697217","targetHints":{"allow":["GET"]}}],"collection":[{"href":"https:\/\/nbg.eu\/sv\/wp-json\/wp\/v2\/product"}],"about":[{"href":"https:\/\/nbg.eu\/sv\/wp-json\/wp\/v2\/types\/product"}],"wp:featuredmedia":[{"embeddable":true,"href":"https:\/\/nbg.eu\/sv\/wp-json\/wp\/v2\/media\/697380"}],"wp:attachment":[{"href":"https:\/\/nbg.eu\/sv\/wp-json\/wp\/v2\/media?parent=697217"}],"wp:term":[{"taxonomy":"product_brand","embeddable":true,"href":"https:\/\/nbg.eu\/sv\/wp-json\/wp\/v2\/product_brand?post=697217"},{"taxonomy":"product_cat","embeddable":true,"href":"https:\/\/nbg.eu\/sv\/wp-json\/wp\/v2\/product_cat?post=697217"},{"taxonomy":"product_tag","embeddable":true,"href":"https:\/\/nbg.eu\/sv\/wp-json\/wp\/v2\/product_tag?post=697217"}],"curies":[{"name":"wp","href":"https:\/\/api.w.org\/{rel}","templated":true}]}}