{"id":697549,"date":"2025-12-22T17:34:47","date_gmt":"2025-12-22T14:34:47","guid":{"rendered":"https:\/\/nbg.eu\/product\/knattrang-vaska\/"},"modified":"2026-04-15T14:46:16","modified_gmt":"2026-04-15T11:46:16","slug":"knattrang-vaska","status":"publish","type":"product","link":"https:\/\/nbg.eu\/sv\/produkt\/knattrang-vaska\/","title":{"rendered":"Eberlestock Skjutbanev\u00e4ska Bang-Bang"},"content":{"rendered":"<h2>Bang-Bang Vapenv\u00e4rska<\/h2>\n<p>Bang Bang\u2122 utvecklades som en kompakt vapenv\u00e4rska f\u00f6r att h\u00e5lla all din n\u00f6dv\u00e4ndiga utrustning skyddad fr\u00e5n v\u00e4der och vind. Polykarbonatbotten g\u00f6r v\u00e4skan ok\u00e4nslig f\u00f6r bl\u00f6t mark, stenar, skr\u00e4p och vapenstoft.<\/p>\n<p>Huvudfacket har justerbara, vadderade skiljev\u00e4ggar f\u00f6r att h\u00e5lla medicinska artiklar, verktyg, kamerautrustning och skjutanordningar s\u00e4kra och organiserade. K\u00e4llarfacket i botten \u00e4r perfekt f\u00f6r handeldvapen, verktyg eller till och med en kompakt karbin.<\/p>\n<h2>Dimensioner<\/h2>\n<p>Volym: 2062,5 c.i. \/ 33,80L<br \/>\nVikt: 4 lbs<br \/>\nDimensioner: 10,25H x 21B x 10D<br \/>\nK\u00e4llarfackets specifikationer: 21,5&#8243; L x 9,5&#8243; B x 2&#8243; D<\/p>\n<h2>Funktioner<\/h2>\n<ul>\n<li>Polykarbonatbotten<\/li>\n<li>Vadderat, justerbart huvudfack<\/li>\n<li>Justerbart axelband<\/li>\n<li>Anpassningsbara organisationsskiljev\u00e4ggar<\/li>\n<li>K\u00e4llarfack f\u00f6r s\u00e4ker f\u00f6rvaring<\/li>\n<\/ul>\n","protected":false},"excerpt":{"rendered":"<p>Den Bang-Bang Range-v\u00e4skan \u00e4r en kompakt, h\u00e5llbar v\u00e4ska med en polykarbonatsockel och ett konfigurerbart inre f\u00f6r att skydda din grundl\u00e4ggande utrustning.<\/p>\n","protected":false},"featured_media":697596,"template":"","meta":{"_acf_changed":false},"product_brand":[15158],"product_cat":[12993],"product_tag":[],"class_list":{"0":"post-697549","1":"product","2":"type-product","3":"status-publish","4":"has-post-thumbnail","6":"product_brand-eberlestock","7":"product_cat-skjutvaeskor","9":"first","10":"instock","11":"taxable","12":"shipping-taxable","13":"purchasable","14":"product-type-variable","15":"wvs-archive-product-wrapper"},"acf":[],"_links":{"self":[{"href":"https:\/\/nbg.eu\/sv\/wp-json\/wp\/v2\/product\/697549","targetHints":{"allow":["GET"]}}],"collection":[{"href":"https:\/\/nbg.eu\/sv\/wp-json\/wp\/v2\/product"}],"about":[{"href":"https:\/\/nbg.eu\/sv\/wp-json\/wp\/v2\/types\/product"}],"wp:featuredmedia":[{"embeddable":true,"href":"https:\/\/nbg.eu\/sv\/wp-json\/wp\/v2\/media\/697596"}],"wp:attachment":[{"href":"https:\/\/nbg.eu\/sv\/wp-json\/wp\/v2\/media?parent=697549"}],"wp:term":[{"taxonomy":"product_brand","embeddable":true,"href":"https:\/\/nbg.eu\/sv\/wp-json\/wp\/v2\/product_brand?post=697549"},{"taxonomy":"product_cat","embeddable":true,"href":"https:\/\/nbg.eu\/sv\/wp-json\/wp\/v2\/product_cat?post=697549"},{"taxonomy":"product_tag","embeddable":true,"href":"https:\/\/nbg.eu\/sv\/wp-json\/wp\/v2\/product_tag?post=697549"}],"curies":[{"name":"wp","href":"https:\/\/api.w.org\/{rel}","templated":true}]}}