{"id":697993,"date":"2025-12-22T17:41:31","date_gmt":"2025-12-22T14:41:31","guid":{"rendered":"https:\/\/nbg.eu\/product\/upranger-paketet\/"},"modified":"2026-01-07T13:14:45","modified_gmt":"2026-01-07T10:14:45","slug":"upranger-paketet","status":"publish","type":"product","link":"https:\/\/nbg.eu\/sv\/produkt\/upranger-paketet\/","title":{"rendered":"UpRanger-paketet"},"content":{"rendered":"<h2>UpRanger-ryggs\u00e4ck: Revolutionera din 3-vapenarts- och utomhusutrustning<\/h2>\n<p>Inspirerad av behoven hos en m\u00e4stare i 3-vapenarten, f\u00f6r\u00e4ndrar UpRanger\u2122-ryggs\u00e4cken spelet. Utformad f\u00f6r att placeras p\u00e5 sin t\u00e5liga polykarbonath\u00f6lje kan ryggs\u00e4cken \u00f6ppnas fr\u00e5n selen f\u00f6r snabb \u00e5tkomst till din utrustning utan on\u00f6digt slitage eller smuts. Oavsett om du anv\u00e4nder den p\u00e5 skjutbanan, som en robust kamerav\u00e4ska eller f\u00f6r n\u00e5gon annan utomhusaktivitet, har UpRanger kapacitet och funktioner f\u00f6r att klara det.<\/p>\n<p>Med ett rymligt volym p\u00e5 3260 kubiktum (53,4 liter) och en vikt p\u00e5 endast 6,45 lb \u00e4r UpRanger en mycket kapabel men l\u00e4tt ryggs\u00e4ck. Den polstrade, justerbara axelselen garanterar en bekv\u00e4m b\u00e4rf\u00f6rm\u00e5ga, medan de konfigurerbara avdelare g\u00f6r att du kan anpassa inredningen efter dina specifika behov. F\u00f6r ytterligare skydd \u00e4r ryggs\u00e4cken kompatibel med v\u00e5rt stora v\u00e4ndbart regn\u00f6verdrag f\u00f6r att h\u00e5lla din utrustning torr i d\u00e5ligt v\u00e4der.<\/p>\n<p>F\u00f6r den ultimata 3-vapenartsinst\u00e4llningen, para ihop UpRanger med v\u00e5ra Sidewinder-gev\u00e4rsfodral f\u00f6r en helhetsl\u00f6sning som h\u00e5ller dina vapen s\u00e4kra och l\u00e4ttillg\u00e4ngliga. De avtagbara sidovingpanelerna ger ytterligare flexibilitet, s\u00e5 att du kan konfigurera ryggs\u00e4cken efter dina unika behov.<\/p>\n<p>F\u00f6rb\u00e4ttra din utomhusutrustningsmotring med den innovativa UpRanger-ryggs\u00e4cken, utformad f\u00f6r att effektivisera dina aktiviteter och h\u00e5lla din v\u00e4sentliga utrustning organiserad och skyddad.<\/p>\n","protected":false},"excerpt":{"rendered":"<p>M\u00e5ngsidigt 3-vapens-pack med polykarbonatbas f\u00f6r snabb, smutsfri \u00e5tkomst.<\/p>\n","protected":false},"featured_media":696447,"template":"","meta":{"_acf_changed":false},"product_brand":[15158],"product_cat":[12997],"product_tag":[],"class_list":{"0":"post-697993","1":"product","2":"type-product","3":"status-publish","4":"has-post-thumbnail","6":"product_brand-eberlestock","7":"product_cat-ryggsaeckar","9":"first","10":"instock","11":"taxable","12":"shipping-taxable","13":"purchasable","14":"product-type-variable","15":"wvs-archive-product-wrapper"},"acf":[],"_links":{"self":[{"href":"https:\/\/nbg.eu\/sv\/wp-json\/wp\/v2\/product\/697993","targetHints":{"allow":["GET"]}}],"collection":[{"href":"https:\/\/nbg.eu\/sv\/wp-json\/wp\/v2\/product"}],"about":[{"href":"https:\/\/nbg.eu\/sv\/wp-json\/wp\/v2\/types\/product"}],"wp:featuredmedia":[{"embeddable":true,"href":"https:\/\/nbg.eu\/sv\/wp-json\/wp\/v2\/media\/696447"}],"wp:attachment":[{"href":"https:\/\/nbg.eu\/sv\/wp-json\/wp\/v2\/media?parent=697993"}],"wp:term":[{"taxonomy":"product_brand","embeddable":true,"href":"https:\/\/nbg.eu\/sv\/wp-json\/wp\/v2\/product_brand?post=697993"},{"taxonomy":"product_cat","embeddable":true,"href":"https:\/\/nbg.eu\/sv\/wp-json\/wp\/v2\/product_cat?post=697993"},{"taxonomy":"product_tag","embeddable":true,"href":"https:\/\/nbg.eu\/sv\/wp-json\/wp\/v2\/product_tag?post=697993"}],"curies":[{"name":"wp","href":"https:\/\/api.w.org\/{rel}","templated":true}]}}