{"id":698298,"date":"2025-12-22T17:45:44","date_gmt":"2025-12-22T14:45:44","guid":{"rendered":"https:\/\/nbg.eu\/product\/jorddodsmat\/"},"modified":"2026-04-15T14:46:12","modified_gmt":"2026-04-15T11:46:12","slug":"jorddodsmat","status":"publish","type":"product","link":"https:\/\/nbg.eu\/sv\/produkt\/jorddodsmat\/","title":{"rendered":"Eberlestock Skjutmatta Dirt Nap"},"content":{"rendered":"<h2>Dirt Nap Skjutmatta: Optimerad f\u00f6r bekv\u00e4m och praktisk liggande skytte<\/h2>\n<p>Dirt Nap Skjutmattan \u00e4r expertdesignad och prioriterad f\u00f6r liggande skytte. Den f\u00f6rb\u00e4ttrar dina utflykter med \u00f6verl\u00e4gsen komfort och praktikalitet, vilket g\u00f6r den till en n\u00f6dv\u00e4ndig del av din utrustning p\u00e5 skjutbanan.<\/p>\n<p>Dirt Nap har individuellt stoppade celler som skapar naturliga veck, vilket m\u00f6jligg\u00f6r enkel hopf\u00e4llning och kompakt f\u00f6rvaring. Med full stoppning i den \u00f6vre halvan och l\u00e4ngs mittendelen av den bakre halvan ger den maximal komfort just d\u00e4r du beh\u00f6ver det mest.<\/p>\n<p>Med m\u00e5tten 94&#8243; L x 34&#8243; B och hopf\u00e4llbar till 12&#8243; x 17&#8243; v\u00e4ger Dirt Nap Skjutmattan endast 4 lbs 13 oz. Dess h\u00e5llbara 600D PVC-belagda nylonkonstruktion, PVC-belagd undersida och praktiskt b\u00e4rhandtag g\u00f6r den till ett robust och praktiskt val f\u00f6r alla skyttar.<\/p>\n<p>F\u00f6rvaringsfickan med 20 mm band och sp\u00e4nnen ser till att din Dirt Nap sitter s\u00e4kert p\u00e5 plats, medan de genomt\u00e4nkta designfunktionerna g\u00f6r den till en n\u00f6dv\u00e4ndig del av utrustningen till din n\u00e4sta dag p\u00e5 skjutbanan.<\/p>\n","protected":false},"excerpt":{"rendered":"<p>Den Dirt Nap-skjutmattan &#8211; expertdesignad f\u00f6r liggande skytte, ger \u00f6verl\u00e4gsen komfort och praktikalitet.<\/p>\n","protected":false},"featured_media":698406,"template":"","meta":{"_acf_changed":false},"product_brand":[15158],"product_cat":[13061],"product_tag":[],"class_list":{"0":"post-698298","1":"product","2":"type-product","3":"status-publish","4":"has-post-thumbnail","6":"product_brand-eberlestock","7":"product_cat-utrustning","9":"first","10":"instock","11":"taxable","12":"shipping-taxable","13":"purchasable","14":"product-type-variable","15":"wvs-archive-product-wrapper"},"acf":[],"_links":{"self":[{"href":"https:\/\/nbg.eu\/sv\/wp-json\/wp\/v2\/product\/698298","targetHints":{"allow":["GET"]}}],"collection":[{"href":"https:\/\/nbg.eu\/sv\/wp-json\/wp\/v2\/product"}],"about":[{"href":"https:\/\/nbg.eu\/sv\/wp-json\/wp\/v2\/types\/product"}],"wp:featuredmedia":[{"embeddable":true,"href":"https:\/\/nbg.eu\/sv\/wp-json\/wp\/v2\/media\/698406"}],"wp:attachment":[{"href":"https:\/\/nbg.eu\/sv\/wp-json\/wp\/v2\/media?parent=698298"}],"wp:term":[{"taxonomy":"product_brand","embeddable":true,"href":"https:\/\/nbg.eu\/sv\/wp-json\/wp\/v2\/product_brand?post=698298"},{"taxonomy":"product_cat","embeddable":true,"href":"https:\/\/nbg.eu\/sv\/wp-json\/wp\/v2\/product_cat?post=698298"},{"taxonomy":"product_tag","embeddable":true,"href":"https:\/\/nbg.eu\/sv\/wp-json\/wp\/v2\/product_tag?post=698298"}],"curies":[{"name":"wp","href":"https:\/\/api.w.org\/{rel}","templated":true}]}}