{"id":698735,"date":"2025-12-22T17:51:28","date_gmt":"2025-12-22T14:51:28","guid":{"rendered":"https:\/\/nbg.eu\/product\/lodrag-ii-pack\/"},"modified":"2026-04-15T14:46:09","modified_gmt":"2026-04-15T11:46:09","slug":"lodrag-ii-pack","status":"publish","type":"product","link":"https:\/\/nbg.eu\/sv\/produkt\/lodrag-ii-pack\/","title":{"rendered":"Eberlestock Ryggs\u00e4ck LoDrag II"},"content":{"rendered":"<h2>X31 LoDrag II\u2122 Taktisk Ryggs\u00e4ck<\/h2>\n<p>Utformad f\u00f6r att vara en h\u00f6gfunktionell, l\u00e4tt taktisk ryggs\u00e4ck och f\u00f6r att inneh\u00e5lla ett taktiskt vapen-storlek h\u00f6lster, har X31 LoDrag II\u2122 varit en standardvara i precisionsv\u00e4rld. Inne i huvudutrymmet har LoDrag II en hopvikbar hylla f\u00f6r att separera det \u00f6vre och nedre lastutrymmena och en hydrerings-sleeve f\u00f6r v\u00e5ra 2L och 3L hydreringssystem. Sidokompressionsremmar har HD 25mm sp\u00e4nnen f\u00f6r snabb frisl\u00e4ppning av f\u00f6rem\u00e5l som stativ komprimerade p\u00e5 sidan av ryggs\u00e4cken.<\/p>\n<h2>M\u00e5tt<\/h2>\n<p>Volym: 2290 c.i. \/ 37.5L<br \/>\nVikt: 6.85 lbs<br \/>\nM\u00e5tt: 22.5H x 11B x 11.75D<br \/>\nH\u00f6lster M\u00e5tt: 34&#8243; H x 10&#8243; B x 3D<\/p>\n<h2>Funktioner<\/h2>\n<ul>\n<li>Taktiskt vapen h\u00f6lster<\/li>\n<li>Hopvikbar hylla f\u00f6r att separera det \u00f6vre och nedre lastutrymmena<\/li>\n<li>Inkluderad regnflik<\/li>\n<li>Hydrerings-sleeve<\/li>\n<\/ul>\n","protected":false},"excerpt":{"rendered":"<p>L\u00e4ttviktigt taktiskt ryggs\u00e4ck med vapenutrymmestor h\u00f6lster, hopf\u00e4llbart hyllplan och hydrations\u00e4rm.<\/p>\n","protected":false},"featured_media":698801,"template":"","meta":{"_acf_changed":false},"product_brand":[15158],"product_cat":[12997],"product_tag":[],"class_list":{"0":"post-698735","1":"product","2":"type-product","3":"status-publish","4":"has-post-thumbnail","6":"product_brand-eberlestock","7":"product_cat-ryggsaeckar","9":"first","10":"instock","11":"taxable","12":"shipping-taxable","13":"purchasable","14":"product-type-variable","15":"wvs-archive-product-wrapper"},"acf":[],"_links":{"self":[{"href":"https:\/\/nbg.eu\/sv\/wp-json\/wp\/v2\/product\/698735","targetHints":{"allow":["GET"]}}],"collection":[{"href":"https:\/\/nbg.eu\/sv\/wp-json\/wp\/v2\/product"}],"about":[{"href":"https:\/\/nbg.eu\/sv\/wp-json\/wp\/v2\/types\/product"}],"wp:featuredmedia":[{"embeddable":true,"href":"https:\/\/nbg.eu\/sv\/wp-json\/wp\/v2\/media\/698801"}],"wp:attachment":[{"href":"https:\/\/nbg.eu\/sv\/wp-json\/wp\/v2\/media?parent=698735"}],"wp:term":[{"taxonomy":"product_brand","embeddable":true,"href":"https:\/\/nbg.eu\/sv\/wp-json\/wp\/v2\/product_brand?post=698735"},{"taxonomy":"product_cat","embeddable":true,"href":"https:\/\/nbg.eu\/sv\/wp-json\/wp\/v2\/product_cat?post=698735"},{"taxonomy":"product_tag","embeddable":true,"href":"https:\/\/nbg.eu\/sv\/wp-json\/wp\/v2\/product_tag?post=698735"}],"curies":[{"name":"wp","href":"https:\/\/api.w.org\/{rel}","templated":true}]}}