{"id":699114,"date":"2025-12-22T17:57:48","date_gmt":"2025-12-22T14:57:48","guid":{"rendered":"https:\/\/nbg.eu\/product\/gunslinger-ii-pack\/"},"modified":"2026-04-15T14:46:05","modified_gmt":"2026-04-15T11:46:05","slug":"gunslinger-ii-pack","status":"publish","type":"product","link":"https:\/\/nbg.eu\/sv\/produkt\/gunslinger-ii-pack\/","title":{"rendered":"Eberlestock Ryggs\u00e4ck G2 Gunslinger II"},"content":{"rendered":"<h2>Gunslinger II\u2122 Taktisk ryggs\u00e4ck<\/h2>\n<p>Gunslinger II\u2122 \u00e4r en medelstor taktisk ryggs\u00e4ck med ett helbredd h\u00f6lster f\u00f6r att b\u00e4ttre kunna rymma vapen med st\u00f6rre tv\u00e4rsnittsarea eller skrymmande optik. Det breda h\u00f6lstret g\u00f6r det ocks\u00e5 l\u00e4mpligt som datorrum eller utrymme f\u00f6r milit\u00e4rradio. \u00c4ven n\u00e4r h\u00f6lstret \u00e4r ihopvikt rymmer den de flesta korta hagelgev\u00e4r perfekt. Gunslinger II har en volym p\u00e5 2100 kubiktum och kommer som standard med v\u00e5rt tubformade Intex-II\u2122 No-Shelf-ramverk, fullt justerbart axelsele och polstrat h\u00f6ftb\u00e4lte.<\/p>\n<h2>Dimensioner<\/h2>\n<p>Ryggs\u00e4cksvolym: 2 100 c.i. \/ 34,41 L<br \/>\nH\u00f6lstervolym: 600 c.i.<br \/>\n-Total volym: 44 liter \/ 2 700 c.i.<br \/>\n-Vikt: 6 lb och 8 oz.<br \/>\n-Huvudfack-dimensioner: 22 &#8221;h x 10 &#8221;b x 8 &#8221;d<br \/>\n-H\u00f6lsterdimensioner: 34 &#8221;L x 10 &#8221;B x 3 &#8221;D, med en \u00f6ppning p\u00e5 26 &#8221; i omkrets. GSTC-skyddet m\u00f6jligg\u00f6r innesluten transport av vapen upp till 60 &#8221;.<br \/>\n-Faktisk vikt: 6,5 lb (med GSTC)..<\/p>\n<h2>Funktioner<\/h2>\n<p>\u00d6vre ficklock<br \/>\n-Lastpanel<br \/>\n-Vattenflaskefickor<br \/>\n-Integrerat gev\u00e4rsh\u00f6lster<br \/>\n-Grapplekompressionsremmar<br \/>\n-\u00d6ppning uppe med dragsn\u00f6re och fram med dragkedja<br \/>\n-Intex II r\u00f6rformat ramverk<\/p>\n","protected":false},"excerpt":{"rendered":"<p>Gunslinger II\u2122 \u00e4r en medelstort taktisk ryggs\u00e4ck med ett helt\u00e4ckande h\u00f6lster f\u00f6r att b\u00e4ttre rymma vapen med st\u00f6rre tv\u00e4rsnittsarea eller skrymmande optik.<\/p>\n","protected":false},"featured_media":699193,"template":"","meta":{"_acf_changed":false},"product_brand":[15158],"product_cat":[12997],"product_tag":[],"class_list":{"0":"post-699114","1":"product","2":"type-product","3":"status-publish","4":"has-post-thumbnail","6":"product_brand-eberlestock","7":"product_cat-ryggsaeckar","9":"first","10":"instock","11":"taxable","12":"shipping-taxable","13":"purchasable","14":"product-type-variable","15":"wvs-archive-product-wrapper"},"acf":[],"_links":{"self":[{"href":"https:\/\/nbg.eu\/sv\/wp-json\/wp\/v2\/product\/699114","targetHints":{"allow":["GET"]}}],"collection":[{"href":"https:\/\/nbg.eu\/sv\/wp-json\/wp\/v2\/product"}],"about":[{"href":"https:\/\/nbg.eu\/sv\/wp-json\/wp\/v2\/types\/product"}],"wp:featuredmedia":[{"embeddable":true,"href":"https:\/\/nbg.eu\/sv\/wp-json\/wp\/v2\/media\/699193"}],"wp:attachment":[{"href":"https:\/\/nbg.eu\/sv\/wp-json\/wp\/v2\/media?parent=699114"}],"wp:term":[{"taxonomy":"product_brand","embeddable":true,"href":"https:\/\/nbg.eu\/sv\/wp-json\/wp\/v2\/product_brand?post=699114"},{"taxonomy":"product_cat","embeddable":true,"href":"https:\/\/nbg.eu\/sv\/wp-json\/wp\/v2\/product_cat?post=699114"},{"taxonomy":"product_tag","embeddable":true,"href":"https:\/\/nbg.eu\/sv\/wp-json\/wp\/v2\/product_tag?post=699114"}],"curies":[{"name":"wp","href":"https:\/\/api.w.org\/{rel}","templated":true}]}}