{"id":699654,"date":"2025-12-22T18:02:07","date_gmt":"2025-12-22T15:02:07","guid":{"rendered":"https:\/\/nbg.eu\/product\/bino-regnskydd\/"},"modified":"2026-04-15T14:46:01","modified_gmt":"2026-04-15T11:46:01","slug":"bino-regnskydd","status":"publish","type":"product","link":"https:\/\/nbg.eu\/sv\/produkt\/bino-regnskydd\/","title":{"rendered":"Eberlestock Kikare Regn\u00f6verdrag Recon"},"content":{"rendered":"<h2>Bino Rain Fly: Kompakt och l\u00e4tt skydd f\u00f6r dina optiker<\/h2>\n<p>Bino Rain Fly \u00e4r en m\u00e5ngsidig och kompakt l\u00f6sning f\u00f6r att h\u00e5lla dina kikare torra och skyddade fr\u00e5n elementen. Denna regnficka \u00e4r utformad f\u00f6r att smidigt integreras med Recon Bino Harness och erbjuder tillf\u00f6rlitligt skydd och bekv\u00e4mlighet.<\/p>\n<p>Tillverkad av h\u00e5llbara, l\u00e4tta material kan Bino Rain Fly packas ner i ett medf\u00f6ljande fodral, vilket g\u00f6r den enkel att b\u00e4ra och komma \u00e5t vid behov. 10 mm Hangar-remmen l\u00e5ter dig s\u00e4kert f\u00e4sta regnfickan p\u00e5 din utrustning, vilket garanterar att dina kikare f\u00f6rblir skyddade fr\u00e5n regn, sn\u00f6 och andra v\u00e4derf\u00f6rh\u00e5llanden.<\/p>\n<p>Med sitt helhetsskydd omsluter Bino Rain Fly hela Recon Bino Harness, vilket ger ett omfattande skydd f\u00f6r dina optiker. Fokusera p\u00e5 dina utomhus\u00e4ventyr utan att beh\u00f6va oroa dig f\u00f6r att elementen \u00e4ventyrar din tittupplevelse.<\/p>\n<p>Oavsett om du \u00e4r f\u00e5gelsk\u00e5dare, j\u00e4gare eller utforskar naturen \u00e4r Bino Rain Fly en m\u00e5ste-ha-accessoar f\u00f6r att h\u00e5lla dina kikare torra och i toppskick. Kompakt, l\u00e4tt och enkel att anv\u00e4nda \u00e4r den den perfekta f\u00f6ljeslagaren f\u00f6r alla naturentusiaster.<\/p>\n","protected":false},"excerpt":{"rendered":"<p>Kompakt, l\u00e4ttavikt regnfly som skyddar din Recon Bino-sele.<\/p>\n","protected":false},"featured_media":700112,"template":"","meta":{"_acf_changed":false},"product_brand":[15158],"product_cat":[15219],"product_tag":[],"class_list":{"0":"post-699654","1":"product","2":"type-product","3":"status-publish","4":"has-post-thumbnail","6":"product_brand-eberlestock","7":"product_cat-binocular-harnesses-sv","9":"first","10":"instock","11":"taxable","12":"shipping-taxable","13":"purchasable","14":"product-type-variable","15":"wvs-archive-product-wrapper"},"acf":[],"_links":{"self":[{"href":"https:\/\/nbg.eu\/sv\/wp-json\/wp\/v2\/product\/699654","targetHints":{"allow":["GET"]}}],"collection":[{"href":"https:\/\/nbg.eu\/sv\/wp-json\/wp\/v2\/product"}],"about":[{"href":"https:\/\/nbg.eu\/sv\/wp-json\/wp\/v2\/types\/product"}],"wp:featuredmedia":[{"embeddable":true,"href":"https:\/\/nbg.eu\/sv\/wp-json\/wp\/v2\/media\/700112"}],"wp:attachment":[{"href":"https:\/\/nbg.eu\/sv\/wp-json\/wp\/v2\/media?parent=699654"}],"wp:term":[{"taxonomy":"product_brand","embeddable":true,"href":"https:\/\/nbg.eu\/sv\/wp-json\/wp\/v2\/product_brand?post=699654"},{"taxonomy":"product_cat","embeddable":true,"href":"https:\/\/nbg.eu\/sv\/wp-json\/wp\/v2\/product_cat?post=699654"},{"taxonomy":"product_tag","embeddable":true,"href":"https:\/\/nbg.eu\/sv\/wp-json\/wp\/v2\/product_tag?post=699654"}],"curies":[{"name":"wp","href":"https:\/\/api.w.org\/{rel}","templated":true}]}}