{"id":700821,"date":"2025-12-22T18:16:35","date_gmt":"2025-12-22T15:16:35","guid":{"rendered":"https:\/\/nbg.eu\/product\/avstandsmatarfodral\/"},"modified":"2026-04-15T14:45:54","modified_gmt":"2026-04-15T11:45:54","slug":"avstandsmatarfodral","status":"publish","type":"product","link":"https:\/\/nbg.eu\/sv\/produkt\/avstandsmatarfodral\/","title":{"rendered":"Eberlestock Avst\u00e5ndsm\u00e4tare Fodral Recon"},"content":{"rendered":"<h2>Recon-avst\u00e5ndsm\u00e4tarfodral: Skydda din utrustning, f\u00f6rb\u00e4ttra din precision<\/h2>\n<p>H\u00f6j dina utomhus\u00e4ventyr med Recon-avst\u00e5ndsm\u00e4tarfodralet, designat f\u00f6r att skydda din viktiga avst\u00e5ndsm\u00e4tarutrustning. Tillverkad med noggrann uppm\u00e4rksamhet p\u00e5 detaljer, erbjuder detta fodral \u00f6verl\u00e4gset skydd och bekv\u00e4mlighet, vilket s\u00e4kerst\u00e4ller att din utrustning f\u00f6rblir s\u00e4ker och l\u00e4ttillg\u00e4nglig.<\/p>\n<p>Med ett magnetiskt frontslockslock h\u00e5ller Recon-avst\u00e5ndsm\u00e4tarfodralet damm och smuts borta och bevarar avst\u00e5ndsm\u00e4tarens glaslinser i perfekt skick. En gummilansrem l\u00e5ter dig enkelt f\u00e4sta din enhet utan att beh\u00f6va oroa dig f\u00f6r skador eller f\u00f6rlust, vilket h\u00e5ller dina h\u00e4nder fria f\u00f6r viktigare uppgifter.<\/p>\n<p>Med sina kompakta m\u00e5tt p\u00e5 1,75&#8243; djup x 3,25&#8243; bredd x 5&#8243; h\u00f6jd integreras Recon-avst\u00e5ndsm\u00e4tarfodralet smidigt med din utrustning f\u00f6r utomhusaktiviteter, och erbjuder en diskret och str\u00f6mlinjeformad f\u00f6rvarings l\u00f6sning. Oavsett om du \u00e4r en passionerad j\u00e4gare, en dedikerad vandrare eller en entusiastisk skytt, \u00e4r detta m\u00e5ngsidiga fodral den perfekta f\u00f6ljeslagaren f\u00f6r att skydda din v\u00e4rdefulla avst\u00e5ndsm\u00e4tarutrustning.<\/p>\n<p>H\u00f6j din utomhusupplevelse med Recon-avst\u00e5ndsm\u00e4tarfodralet, den ultimata tillbeh\u00f6ren f\u00f6r den kr\u00e4vande \u00e4ventyraren som kr\u00e4ver det b\u00e4sta i utrustningsskydd och bekv\u00e4mlighet.<\/p>\n","protected":false},"excerpt":{"rendered":"<p>Den Recon Avst\u00e5ndsm\u00e4tare P\u00e5se skyddar din enhet med ett magnetiskt lock och ett bungee-rep f\u00f6r s\u00e4ker och bekv\u00e4m transport.<\/p>\n","protected":false},"featured_media":700886,"template":"","meta":{"_acf_changed":false},"product_brand":[15158],"product_cat":[13051],"product_tag":[],"class_list":{"0":"post-700821","1":"product","2":"type-product","3":"status-publish","4":"has-post-thumbnail","6":"product_brand-eberlestock","7":"product_cat-fickor","9":"first","10":"instock","11":"taxable","12":"shipping-taxable","13":"purchasable","14":"product-type-variable","15":"wvs-archive-product-wrapper"},"acf":[],"_links":{"self":[{"href":"https:\/\/nbg.eu\/sv\/wp-json\/wp\/v2\/product\/700821","targetHints":{"allow":["GET"]}}],"collection":[{"href":"https:\/\/nbg.eu\/sv\/wp-json\/wp\/v2\/product"}],"about":[{"href":"https:\/\/nbg.eu\/sv\/wp-json\/wp\/v2\/types\/product"}],"wp:featuredmedia":[{"embeddable":true,"href":"https:\/\/nbg.eu\/sv\/wp-json\/wp\/v2\/media\/700886"}],"wp:attachment":[{"href":"https:\/\/nbg.eu\/sv\/wp-json\/wp\/v2\/media?parent=700821"}],"wp:term":[{"taxonomy":"product_brand","embeddable":true,"href":"https:\/\/nbg.eu\/sv\/wp-json\/wp\/v2\/product_brand?post=700821"},{"taxonomy":"product_cat","embeddable":true,"href":"https:\/\/nbg.eu\/sv\/wp-json\/wp\/v2\/product_cat?post=700821"},{"taxonomy":"product_tag","embeddable":true,"href":"https:\/\/nbg.eu\/sv\/wp-json\/wp\/v2\/product_tag?post=700821"}],"curies":[{"name":"wp","href":"https:\/\/api.w.org\/{rel}","templated":true}]}}