{"id":701116,"date":"2025-12-22T18:40:25","date_gmt":"2025-12-22T15:40:25","guid":{"rendered":"https:\/\/nbg.eu\/product\/snabbarende\/"},"modified":"2026-04-15T14:45:51","modified_gmt":"2026-04-15T11:45:51","slug":"snabbarende","status":"publish","type":"product","link":"https:\/\/nbg.eu\/sv\/produkt\/snabbarende\/","title":{"rendered":"Eberlestock Fodral Recon Quickcase"},"content":{"rendered":"<h2>Quickcase: Din kompakta \u00f6verlevnadshj\u00e4lpreda<\/h2>\n<p>Quickcase \u00e4r en m\u00e5ngsidig dragkedjef\u00f6rsedd ficka som \u00e4r utformad f\u00f6r att f\u00e4sta smidigt p\u00e5 Recon Modular Bino-selen. Denna kompakta tillbeh\u00f6r ger den perfekta l\u00f6sningen f\u00f6r f\u00f6rvaring och s\u00e4kring av din n\u00f6dv\u00e4ndiga utrustning f\u00f6r \u00f6verlevnad, s\u00e5 att du alltid \u00e4r f\u00f6rberedd p\u00e5 det ov\u00e4ntade.<\/p>\n<p>Med sin lagom storlek erbjuder Quickcase gott om utrymme f\u00f6r en liten \u00f6verlevnadskit, vilket g\u00f6r den till en oumb\u00e4rlig f\u00f6ljeslagare om du n\u00e5gonsin skulle bli \u00e5tskild fr\u00e5n din huvudryggs\u00e4ck. Dess h\u00e5llbara konstruktion och s\u00e4kra dragkedjef\u00f6rslutning h\u00e5ller dina viktiga f\u00f6rem\u00e5l trygga och l\u00e4ttillg\u00e4ngliga n\u00e4r du beh\u00f6ver dem som mest.<\/p>\n<p>Men Quickcases anv\u00e4ndbarhet str\u00e4cker sig l\u00e4ngre \u00e4n bara beredskap f\u00f6r \u00f6verlevnad. Anv\u00e4nd den som en praktisk f\u00f6rvaringsv\u00e4ska f\u00f6r sm\u00e5 f\u00f6rem\u00e5l, s\u00e5 att de h\u00e5lls organiserade och l\u00e4ttillg\u00e4ngliga n\u00e4r du \u00e4r p\u00e5 spr\u00e5ng. Oavsett om du vandrar, campar eller \u00e4gnar dig \u00e5t n\u00e5gon annan utomhusaktivitet kommer denna m\u00e5ngsidiga tillbeh\u00f6r att bli en ov\u00e4rderlig del av din utrustning.<\/p>\n<p>Utformad f\u00f6r att smidigt integrera med Recon Modular Bino-selen, f\u00e4ster Quickcase s\u00e4kert p\u00e5 selens kardborref\u00f6rsedda flik p\u00e5 baksidan. Denna integrering l\u00e5ter dig h\u00e5lla dina n\u00f6dv\u00e4ndiga f\u00f6rem\u00e5l n\u00e4ra till hands, frig\u00f6r utrymme i din huvudryggs\u00e4ck och s\u00e4kerst\u00e4ller att du har allt du beh\u00f6ver inom r\u00e4ckh\u00e5ll.<\/p>\n","protected":false},"excerpt":{"rendered":"<p>En liten dragkefsf\u00f6rsedd ficka som f\u00e4sts p\u00e5 Recon Modular Bino-selen f\u00f6r \u00f6verlevnadskit eller f\u00f6rvaring av sm\u00e5 f\u00f6rem\u00e5l.<\/p>\n","protected":false},"featured_media":701172,"template":"","meta":{"_acf_changed":false},"product_brand":[15158],"product_cat":[13051],"product_tag":[],"class_list":{"0":"post-701116","1":"product","2":"type-product","3":"status-publish","4":"has-post-thumbnail","6":"product_brand-eberlestock","7":"product_cat-fickor","9":"first","10":"instock","11":"taxable","12":"shipping-taxable","13":"purchasable","14":"product-type-variable","15":"wvs-archive-product-wrapper"},"acf":[],"_links":{"self":[{"href":"https:\/\/nbg.eu\/sv\/wp-json\/wp\/v2\/product\/701116","targetHints":{"allow":["GET"]}}],"collection":[{"href":"https:\/\/nbg.eu\/sv\/wp-json\/wp\/v2\/product"}],"about":[{"href":"https:\/\/nbg.eu\/sv\/wp-json\/wp\/v2\/types\/product"}],"wp:featuredmedia":[{"embeddable":true,"href":"https:\/\/nbg.eu\/sv\/wp-json\/wp\/v2\/media\/701172"}],"wp:attachment":[{"href":"https:\/\/nbg.eu\/sv\/wp-json\/wp\/v2\/media?parent=701116"}],"wp:term":[{"taxonomy":"product_brand","embeddable":true,"href":"https:\/\/nbg.eu\/sv\/wp-json\/wp\/v2\/product_brand?post=701116"},{"taxonomy":"product_cat","embeddable":true,"href":"https:\/\/nbg.eu\/sv\/wp-json\/wp\/v2\/product_cat?post=701116"},{"taxonomy":"product_tag","embeddable":true,"href":"https:\/\/nbg.eu\/sv\/wp-json\/wp\/v2\/product_tag?post=701116"}],"curies":[{"name":"wp","href":"https:\/\/api.w.org\/{rel}","templated":true}]}}