{"id":701826,"date":"2025-12-23T11:39:12","date_gmt":"2025-12-23T08:39:12","guid":{"rendered":"https:\/\/nbg.eu\/product\/handvarmare\/"},"modified":"2026-04-15T14:45:47","modified_gmt":"2026-04-15T11:45:47","slug":"handvarmare","status":"publish","type":"product","link":"https:\/\/nbg.eu\/sv\/produkt\/handvarmare\/","title":{"rendered":"Eberlestock Handv\u00e4rmare Recon"},"content":{"rendered":"<h2>Recon-handv\u00e4rmaren: Enkel v\u00e4rme f\u00f6r frilufts\u00e4ventyr<\/h2>\n<p>Att h\u00e5lla h\u00e4nderna varma utan att kompromissa med fingerf\u00e4rdigheten har aldrig varit enklare med Recon-handv\u00e4rmaren. Detta innovativa tillbeh\u00f6r f\u00e4ster s\u00f6ml\u00f6st p\u00e5 Recon Modular Bino Harness, vilket g\u00f6r att du kan beh\u00e5lla optimal handposition f\u00f6r komfort oavsett om du sitter eller st\u00e5r. Recon-handv\u00e4rmaren eliminerar behovet av tjocka handskar, vilket s\u00e4kerst\u00e4ller att du fortfarande kan utf\u00f6ra finmotoriska uppgifter med l\u00e4tthet.<\/p>\n<p>F\u00f6r \u00f6kad bekv\u00e4mlighet har Recon-handv\u00e4rmaren en framficka med dragkedja d\u00e4r du kan f\u00f6rvara extra luftaktiverade handv\u00e4rmaren. Detta g\u00f6r att du kan anv\u00e4nda handv\u00e4rmaren oberoende av Recon Modular Bino Harness, vilket ger dig en tillf\u00f6rlitlig v\u00e4rmek\u00e4lla oavsett aktivitet eller milj\u00f6. Det medf\u00f6ljande midjeremmen s\u00e4kerst\u00e4ller en s\u00e4ker och bekv\u00e4m passform, vilket h\u00e5ller dina h\u00e4nder i perfekt position f\u00f6r maximal effektivitet och komfort.<\/p>\n<p>Oavsett om du \u00e4r f\u00e5gelsk\u00e5dare, j\u00e4gare eller bara njuter av naturen, \u00e4r Recon-handv\u00e4rmaren den perfekta f\u00f6ljeslagaren f\u00f6r att h\u00e5lla dina h\u00e4nder varma och dina fingrar smidiga. Upplev den ultimata utomhuskomforten och bekv\u00e4mligheten med detta m\u00e5ngsidiga och innovativa tillbeh\u00f6r.<\/p>\n","protected":false},"excerpt":{"rendered":"<p>Recon Handwarmer h\u00e5ller h\u00e4nderna varma utan handskar, f\u00e4ster p\u00e5 Recon Harness.<\/p>\n","protected":false},"featured_media":701895,"template":"","meta":{"_acf_changed":false},"product_brand":[15158],"product_cat":[13061],"product_tag":[],"class_list":{"0":"post-701826","1":"product","2":"type-product","3":"status-publish","4":"has-post-thumbnail","6":"product_brand-eberlestock","7":"product_cat-utrustning","9":"first","10":"instock","11":"taxable","12":"shipping-taxable","13":"purchasable","14":"product-type-variable","15":"wvs-archive-product-wrapper"},"acf":[],"_links":{"self":[{"href":"https:\/\/nbg.eu\/sv\/wp-json\/wp\/v2\/product\/701826","targetHints":{"allow":["GET"]}}],"collection":[{"href":"https:\/\/nbg.eu\/sv\/wp-json\/wp\/v2\/product"}],"about":[{"href":"https:\/\/nbg.eu\/sv\/wp-json\/wp\/v2\/types\/product"}],"wp:featuredmedia":[{"embeddable":true,"href":"https:\/\/nbg.eu\/sv\/wp-json\/wp\/v2\/media\/701895"}],"wp:attachment":[{"href":"https:\/\/nbg.eu\/sv\/wp-json\/wp\/v2\/media?parent=701826"}],"wp:term":[{"taxonomy":"product_brand","embeddable":true,"href":"https:\/\/nbg.eu\/sv\/wp-json\/wp\/v2\/product_brand?post=701826"},{"taxonomy":"product_cat","embeddable":true,"href":"https:\/\/nbg.eu\/sv\/wp-json\/wp\/v2\/product_cat?post=701826"},{"taxonomy":"product_tag","embeddable":true,"href":"https:\/\/nbg.eu\/sv\/wp-json\/wp\/v2\/product_tag?post=701826"}],"curies":[{"name":"wp","href":"https:\/\/api.w.org\/{rel}","templated":true}]}}