{"id":702150,"date":"2025-12-23T11:44:19","date_gmt":"2025-12-23T08:44:19","guid":{"rendered":"https:\/\/nbg.eu\/product\/bravo-modular-kikarpase-stor\/"},"modified":"2026-04-15T14:45:44","modified_gmt":"2026-04-15T11:45:44","slug":"bravo-modular-kikarpase-stor","status":"publish","type":"product","link":"https:\/\/nbg.eu\/sv\/produkt\/bravo-modular-kikarpase-stor\/","title":{"rendered":"Eberlestock Kikare Ryggs\u00e4ck Bravo Modular, Large"},"content":{"rendered":"<h2>Bravo Modular Bino Pack-Stor: Anpassningsbar b\u00e4rl\u00f6sning f\u00f6r dina utomhusaktiviteter<\/h2>\n<p>Utformad med modularitet i fokus \u00e4r BRAVO MODULAR BINO PACK byggd p\u00e5 en b\u00e4rplattform som anpassar sig efter dina behov med ett set av tillbeh\u00f6r. Den har magnetisk fram\u00e5tdragbar \u00e5tkomst till kikarp\u00e5sen, ett rymligt fr\u00e4mre dragkedjef\u00f6rsett fack och t\u00f6jbara sidofickor. Interna kikartejpar h\u00e5ller dina kikare s\u00e4kra, medan l\u00e5gprofilerade MOLLE-kompatibla vingar och en bakre panel l\u00e5ter dig f\u00e4sta fickor och tillbeh\u00f6r s\u00f6ml\u00f6st.<\/p>\n<p>Tillverkad i slitstarkt 500D Ripstop Nylon och N140D-material erbjuder Bravo Modular Bino Pack-Stor p\u00e5litlig prestanda i naturen. Med en vikt p\u00e5 endast 14 oz ger denna m\u00e5ngsidiga ryggs\u00e4ck en bekv\u00e4m och anpassningsbar b\u00e4rl\u00f6sning f\u00f6r dina kikare och n\u00f6dv\u00e4ndiga utrustning.<\/p>\n<p>Med inre m\u00e5tt p\u00e5 9&#8243;H x 5,5&#8243;B x 2,5&#8243;D och yttre m\u00e5tt p\u00e5 9,5&#8243;H x 6,25&#8243;B x 3,5&#8243;D ger Bravo Modular Bino Pack-Stor gott om utrymme f\u00f6r dina kikare och andra n\u00f6dv\u00e4ndiga saker. Den justerbara fram\u00e5tdragande axelremmen och l\u00e5gprofilerade MOLLE-kompatibla vingar s\u00e4kerst\u00e4ller en s\u00e4ker och personlig passform, vilket l\u00e5ter dig anpassa ryggs\u00e4cken efter dina behov.<\/p>\n<p>H\u00f6j din utomhusupplevelse med Bravo Modular Bino Pack-Stor, en m\u00e5ngsidig och anpassningsbar l\u00f6sning f\u00f6r att b\u00e4ra dina kikare och n\u00f6dv\u00e4ndig utrustning. Utforska de tillg\u00e4ngliga tillbeh\u00f6ren f\u00f6r att anpassa din ryggs\u00e4ck och maximera dess funktionalitet, vilket g\u00f6r den till den perfekta f\u00f6ljeslagaren f\u00f6r ditt n\u00e4sta \u00e4ventyr.<\/p>\n","protected":false},"excerpt":{"rendered":"<p>Modul\u00e4rt br\u00f6stpaket med magnet-fri kikare ficka, framficka, str\u00e4ckbara sidor.<\/p>\n","protected":false},"featured_media":702258,"template":"","meta":{"_acf_changed":false},"product_brand":[15158],"product_cat":[15219],"product_tag":[],"class_list":{"0":"post-702150","1":"product","2":"type-product","3":"status-publish","4":"has-post-thumbnail","6":"product_brand-eberlestock","7":"product_cat-binocular-harnesses-sv","9":"first","10":"instock","11":"taxable","12":"shipping-taxable","13":"purchasable","14":"product-type-variable","15":"wvs-archive-product-wrapper"},"acf":[],"_links":{"self":[{"href":"https:\/\/nbg.eu\/sv\/wp-json\/wp\/v2\/product\/702150","targetHints":{"allow":["GET"]}}],"collection":[{"href":"https:\/\/nbg.eu\/sv\/wp-json\/wp\/v2\/product"}],"about":[{"href":"https:\/\/nbg.eu\/sv\/wp-json\/wp\/v2\/types\/product"}],"wp:featuredmedia":[{"embeddable":true,"href":"https:\/\/nbg.eu\/sv\/wp-json\/wp\/v2\/media\/702258"}],"wp:attachment":[{"href":"https:\/\/nbg.eu\/sv\/wp-json\/wp\/v2\/media?parent=702150"}],"wp:term":[{"taxonomy":"product_brand","embeddable":true,"href":"https:\/\/nbg.eu\/sv\/wp-json\/wp\/v2\/product_brand?post=702150"},{"taxonomy":"product_cat","embeddable":true,"href":"https:\/\/nbg.eu\/sv\/wp-json\/wp\/v2\/product_cat?post=702150"},{"taxonomy":"product_tag","embeddable":true,"href":"https:\/\/nbg.eu\/sv\/wp-json\/wp\/v2\/product_tag?post=702150"}],"curies":[{"name":"wp","href":"https:\/\/api.w.org\/{rel}","templated":true}]}}