{"id":702943,"date":"2025-12-23T11:50:14","date_gmt":"2025-12-23T08:50:14","guid":{"rendered":"https:\/\/nbg.eu\/product\/bravo-modular-kikarevaska-liten\/"},"modified":"2026-04-15T14:45:40","modified_gmt":"2026-04-15T11:45:40","slug":"bravo-modular-kikarevaska-liten","status":"publish","type":"product","link":"https:\/\/nbg.eu\/sv\/produkt\/bravo-modular-kikarevaska-liten\/","title":{"rendered":"Eberlestock Kikare Ryggs\u00e4ck Bravo Modular, Small"},"content":{"rendered":"<h2>Bravo modul\u00e4r Bino Pack-Small: M\u00e5ngsidig och s\u00e4ker f\u00f6rvaring av kikare<\/h2>\n<p>Utformad med modularitet i fr\u00e4msta rummet \u00e4r BRAVO MODUL\u00c4R BINO PACK byggd p\u00e5 en br\u00f6stsele-plattform som anpassar sig efter dina behov med en upps\u00e4ttning tillbeh\u00f6r. Den har magnetisk fri fram\u00e5tdragning f\u00f6r \u00e5tkomst till kikarp\u00e5sen, ett rymligt fr\u00e4mre dragkedjef\u00f6rsett ficka och str\u00e4ckfickor p\u00e5 sidorna. Interna kikarbindningar h\u00e5ller dina kikare s\u00e4kra, medan l\u00e5gprofilerade MOLLE-kompatibla vingar och en bakre panel l\u00e5ter dig s\u00f6ml\u00f6st f\u00e4sta p\u00e5sar och tillbeh\u00f6r.<\/p>\n<p>Tillverkad av h\u00e5llbart 500D Ripstop Nylon och N140D-tyger erbjuder Bravo modul\u00e4r Bino Pack-Small en l\u00e4ttillv\u00e4ntlig och t\u00e5lig l\u00f6sning f\u00f6r utomhussentusiaster, j\u00e4gare och taktiska operat\u00f6rer.<\/p>\n<p>Nyckeldelar inkluderar en magnetfri st\u00e4ngning f\u00f6r snabb \u00e5tkomst, kompatibilitet med \u00e5tta tillg\u00e4ngliga tillbeh\u00f6r, en stor fr\u00e4mre dragkedjef\u00f6rsedd ficka, dubbla str\u00e4ckfickor p\u00e5 sidan, ett justerbart fram\u00e5tdraget axelsele och l\u00e5gprofilerade MOLLE-kompatibla vingar f\u00f6r att anpassa din utrustningskonfiguration. Oavsett om du f\u00e5glar, vandrar eller deltar i taktiska operationer erbjuder Bravo modul\u00e4r Bino Pack-Small en m\u00e5ngsidig och s\u00e4ker l\u00f6sning f\u00f6r dina kikarbehov.<\/p>\n","protected":false},"excerpt":{"rendered":"<p>Modulsystem f\u00f6r kikare med magnetfri st\u00e4ngning, MOLLE-kompatibla vingar och justerbar sele.<\/p>\n","protected":false},"featured_media":702993,"template":"","meta":{"_acf_changed":false},"product_brand":[15158],"product_cat":[15219],"product_tag":[],"class_list":{"0":"post-702943","1":"product","2":"type-product","3":"status-publish","4":"has-post-thumbnail","6":"product_brand-eberlestock","7":"product_cat-binocular-harnesses-sv","9":"first","10":"instock","11":"taxable","12":"shipping-taxable","13":"purchasable","14":"product-type-variable","15":"wvs-archive-product-wrapper"},"acf":[],"_links":{"self":[{"href":"https:\/\/nbg.eu\/sv\/wp-json\/wp\/v2\/product\/702943","targetHints":{"allow":["GET"]}}],"collection":[{"href":"https:\/\/nbg.eu\/sv\/wp-json\/wp\/v2\/product"}],"about":[{"href":"https:\/\/nbg.eu\/sv\/wp-json\/wp\/v2\/types\/product"}],"wp:featuredmedia":[{"embeddable":true,"href":"https:\/\/nbg.eu\/sv\/wp-json\/wp\/v2\/media\/702993"}],"wp:attachment":[{"href":"https:\/\/nbg.eu\/sv\/wp-json\/wp\/v2\/media?parent=702943"}],"wp:term":[{"taxonomy":"product_brand","embeddable":true,"href":"https:\/\/nbg.eu\/sv\/wp-json\/wp\/v2\/product_brand?post=702943"},{"taxonomy":"product_cat","embeddable":true,"href":"https:\/\/nbg.eu\/sv\/wp-json\/wp\/v2\/product_cat?post=702943"},{"taxonomy":"product_tag","embeddable":true,"href":"https:\/\/nbg.eu\/sv\/wp-json\/wp\/v2\/product_tag?post=702943"}],"curies":[{"name":"wp","href":"https:\/\/api.w.org\/{rel}","templated":true}]}}